{"id":446,"date":"2025-02-14T11:13:23","date_gmt":"2025-02-14T10:13:23","guid":{"rendered":"https:\/\/www.groupeidec.com\/emplois-carriere\/?page_id=446"},"modified":"2025-04-14T15:25:12","modified_gmt":"2025-04-14T13:25:12","slug":"actualites","status":"publish","type":"page","link":"https:\/\/www.groupeidec.com\/emplois-carriere\/actualites\/","title":{"rendered":"Actualit\u00e9s"},"content":{"rendered":"[vc_row type=\u00a0\u00bbfull_width_background\u00a0\u00bb full_screen_row_position=\u00a0\u00bbmiddle\u00a0\u00bb column_margin=\u00a0\u00bbdefault\u00a0\u00bb column_direction=\u00a0\u00bbdefault\u00a0\u00bb column_direction_tablet=\u00a0\u00bbdefault\u00a0\u00bb column_direction_phone=\u00a0\u00bbdefault\u00a0\u00bb bg_color=\u00a0\u00bb#ffffff\u00a0\u00bb scene_position=\u00a0\u00bbcenter\u00a0\u00bb text_color=\u00a0\u00bbdark\u00a0\u00bb text_align=\u00a0\u00bbcenter\u00a0\u00bb row_border_radius=\u00a0\u00bbnone\u00a0\u00bb row_border_radius_applies=\u00a0\u00bbbg\u00a0\u00bb overflow=\u00a0\u00bbvisible\u00a0\u00bb overlay_strength=\u00a0\u00bb0.3&Prime; gradient_direction=\u00a0\u00bbleft_b_to_right_t\u00a0\u00bb shape_divider_position=\u00a0\u00bbbottom\u00a0\u00bb bg_image_animation=\u00a0\u00bbnone\u00a0\u00bb gradient_type=\u00a0\u00bbdefault\u00a0\u00bb shape_type=\u00a0\u00bb\u00a0\u00bb][vc_column column_padding=\u00a0\u00bbpadding-4-percent\u00a0\u00bb column_padding_tablet=\u00a0\u00bbinherit\u00a0\u00bb column_padding_phone=\u00a0\u00bbinherit\u00a0\u00bb column_padding_position=\u00a0\u00bball\u00a0\u00bb column_element_direction_desktop=\u00a0\u00bbdefault\u00a0\u00bb column_element_spacing=\u00a0\u00bbdefault\u00a0\u00bb desktop_text_alignment=\u00a0\u00bbdefault\u00a0\u00bb tablet_text_alignment=\u00a0\u00bbdefault\u00a0\u00bb phone_text_alignment=\u00a0\u00bbdefault\u00a0\u00bb background_color_opacity=\u00a0\u00bb1&Prime; background_hover_color_opacity=\u00a0\u00bb1&Prime; column_backdrop_filter=\u00a0\u00bbnone\u00a0\u00bb column_shadow=\u00a0\u00bbnone\u00a0\u00bb column_border_radius=\u00a0\u00bb10px\u00a0\u00bb column_link_target=\u00a0\u00bb_self\u00a0\u00bb column_position=\u00a0\u00bbdefault\u00a0\u00bb gradient_direction=\u00a0\u00bbleft_b_to_right_t\u00a0\u00bb overlay_strength=\u00a0\u00bb0.95&Prime; width=\u00a0\u00bb1\/1&Prime; tablet_width_inherit=\u00a0\u00bbdefault\u00a0\u00bb animation_type=\u00a0\u00bbdefault\u00a0\u00bb enable_animation=\u00a0\u00bbtrue\u00a0\u00bb animation=\u00a0\u00bbslight-fade-in-from-bottom\u00a0\u00bb animation_easing=\u00a0\u00bbdefault\u00a0\u00bb bg_image_animation=\u00a0\u00bbnone\u00a0\u00bb parallax_bg=\u00a0\u00bbtrue\u00a0\u00bb parallax_bg_speed=\u00a0\u00bbmedium_fast\u00a0\u00bb border_type=\u00a0\u00bbsimple\u00a0\u00bb column_border_width=\u00a0\u00bbnone\u00a0\u00bb column_border_style=\u00a0\u00bbsolid\u00a0\u00bb column_padding_type=\u00a0\u00bbdefault\u00a0\u00bb gradient_type=\u00a0\u00bbdefault\u00a0\u00bb][nectar_responsive_text inherited_font_style=\u00a0\u00bbh1&Prime; text_direction=\u00a0\u00bbdefault\u00a0\u00bb]\n<h1><strong class=\"title-page\">TOUTE NOTRE ACTUALIT\u00c9<\/strong><\/h1>\n[\/nectar_responsive_text][divider line_type=\u00a0\u00bbNo Line\u00a0\u00bb custom_height=\u00a0\u00bb20px\u00a0\u00bb][\/vc_column][\/vc_row][vc_row type=\u00a0\u00bbfull_width_background\u00a0\u00bb full_screen_row_position=\u00a0\u00bbmiddle\u00a0\u00bb column_margin=\u00a0\u00bbdefault\u00a0\u00bb column_direction=\u00a0\u00bbdefault\u00a0\u00bb column_direction_tablet=\u00a0\u00bbdefault\u00a0\u00bb column_direction_phone=\u00a0\u00bbdefault\u00a0\u00bb scene_position=\u00a0\u00bbcenter\u00a0\u00bb bottom_padding=\u00a0\u00bb5%\u00a0\u00bb text_color=\u00a0\u00bbdark\u00a0\u00bb text_align=\u00a0\u00bbleft\u00a0\u00bb row_border_radius=\u00a0\u00bbnone\u00a0\u00bb row_border_radius_applies=\u00a0\u00bbbg\u00a0\u00bb overflow=\u00a0\u00bbvisible\u00a0\u00bb overlay_strength=\u00a0\u00bb0.3&Prime; gradient_direction=\u00a0\u00bbleft_to_right\u00a0\u00bb shape_divider_position=\u00a0\u00bbbottom\u00a0\u00bb bg_image_animation=\u00a0\u00bbnone\u00a0\u00bb gradient_type=\u00a0\u00bbdefault\u00a0\u00bb shape_type=\u00a0\u00bb\u00a0\u00bb][vc_column column_padding=\u00a0\u00bbno-extra-padding\u00a0\u00bb column_padding_tablet=\u00a0\u00bbinherit\u00a0\u00bb column_padding_phone=\u00a0\u00bbinherit\u00a0\u00bb column_padding_position=\u00a0\u00bball\u00a0\u00bb column_element_direction_desktop=\u00a0\u00bbdefault\u00a0\u00bb column_element_spacing=\u00a0\u00bbdefault\u00a0\u00bb desktop_text_alignment=\u00a0\u00bbdefault\u00a0\u00bb tablet_text_alignment=\u00a0\u00bbdefault\u00a0\u00bb phone_text_alignment=\u00a0\u00bbdefault\u00a0\u00bb background_color_opacity=\u00a0\u00bb1&Prime; background_hover_color_opacity=\u00a0\u00bb1&Prime; column_backdrop_filter=\u00a0\u00bbnone\u00a0\u00bb column_shadow=\u00a0\u00bbnone\u00a0\u00bb column_border_radius=\u00a0\u00bbnone\u00a0\u00bb column_link_target=\u00a0\u00bb_self\u00a0\u00bb column_position=\u00a0\u00bbdefault\u00a0\u00bb gradient_direction=\u00a0\u00bbleft_to_right\u00a0\u00bb overlay_strength=\u00a0\u00bb0.3&Prime; width=\u00a0\u00bb1\/1&Prime; tablet_width_inherit=\u00a0\u00bbdefault\u00a0\u00bb animation_type=\u00a0\u00bbdefault\u00a0\u00bb bg_image_animation=\u00a0\u00bbnone\u00a0\u00bb parallax_bg=\u00a0\u00bbtrue\u00a0\u00bb parallax_bg_speed=\u00a0\u00bbminimum\u00a0\u00bb border_type=\u00a0\u00bbsimple\u00a0\u00bb column_border_width=\u00a0\u00bbnone\u00a0\u00bb column_border_style=\u00a0\u00bbsolid\u00a0\u00bb column_padding_type=\u00a0\u00bbdefault\u00a0\u00bb gradient_type=\u00a0\u00bbdefault\u00a0\u00bb][tabbed_section style=\u00a0\u00bbminimal_alt\u00a0\u00bb tab_change_animation=\u00a0\u00bbfade\u00a0\u00bb alignment=\u00a0\u00bbcenter\u00a0\u00bb spacing=\u00a0\u00bbdefault\u00a0\u00bb tab_color=\u00a0\u00bbAccent-Color\u00a0\u00bb vs_content_animation=\u00a0\u00bbfade\u00a0\u00bb vs_link_animation=\u00a0\u00bbopacity\u00a0\u00bb vs_navigation_alignment=\u00a0\u00bbleft\u00a0\u00bb vs_navigation_width_2=\u00a0\u00bb25%\u00a0\u00bb vs_navigation_func=\u00a0\u00bbdefault\u00a0\u00bb vs_navigation_width=\u00a0\u00bbregular\u00a0\u00bb vs_navigation_spacing=\u00a0\u00bb15px\u00a0\u00bb vs_navigation_mobile_display=\u00a0\u00bbvisible\u00a0\u00bb vs_tab_spacing=\u00a0\u00bb5%\u00a0\u00bb cta_button_style=\u00a0\u00bbaccent-color\u00a0\u00bb icon_size=\u00a0\u00bb24&Prime; el_class=\u00a0\u00bbactualites-tab\u00a0\u00bb][tab icon_family=\u00a0\u00bbnone\u00a0\u00bb title=\u00a0\u00bbToutes\u00a0\u00bb id=\u00a0\u00bb1741774517435-9&Prime; tab_id=\u00a0\u00bb1741774517436-2&Prime;][nectar_post_grid post_type=\u00a0\u00bbpost\u00a0\u00bb blog_category=\u00a0\u00bball\u00a0\u00bb blog_starting_category=\u00a0\u00bball\u00a0\u00bb order=\u00a0\u00bbDESC\u00a0\u00bb orderby=\u00a0\u00bbdate\u00a0\u00bb pagination=\u00a0\u00bbload-more\u00a0\u00bb button_color=\u00a0\u00bbblack\u00a0\u00bb columns=\u00a0\u00bb4&Prime; columns_tablet=\u00a0\u00bbdefault\u00a0\u00bb columns_phone=\u00a0\u00bbdefault\u00a0\u00bb grid_item_spacing=\u00a0\u00bb10px\u00a0\u00bb grid_item_height=\u00a0\u00bb40vh\u00a0\u00bb enable_masonry=\u00a0\u00bbyes\u00a0\u00bb 4_col_masonry_layout=\u00a0\u00bbdefault\u00a0\u00bb image_size=\u00a0\u00bblarge\u00a0\u00bb image_loading=\u00a0\u00bbdefault\u00a0\u00bb animation=\u00a0\u00bbnone\u00a0\u00bb animation_stagger=\u00a0\u00bb90&Prime; animation_easing=\u00a0\u00bbdefault\u00a0\u00bb heading_tag=\u00a0\u00bbdefault\u00a0\u00bb heading_tag_render=\u00a0\u00bbdefault\u00a0\u00bb display_categories=\u00a0\u00bbyes\u00a0\u00bb category_functionality=\u00a0\u00bbdefault\u00a0\u00bb category_position=\u00a0\u00bbdefault\u00a0\u00bb category_style=\u00a0\u00bbbutton\u00a0\u00bb category_display=\u00a0\u00bbdefault\u00a0\u00bb display_date=\u00a0\u00bbyes\u00a0\u00bb additional_meta_size=\u00a0\u00bbsmall\u00a0\u00bb custom_fields_location=\u00a0\u00bbbefore_post_meta\u00a0\u00bb grid_style=\u00a0\u00bbcontent_overlaid\u00a0\u00bb text_content_layout=\u00a0\u00bball_top_left\u00a0\u00bb color_overlay=\u00a0\u00bb#000000&Prime; color_overlay_opacity=\u00a0\u00bb0.4&Prime; color_overlay_hover_opacity=\u00a0\u00bb0.6&Prime; text_color=\u00a0\u00bblight\u00a0\u00bb text_color_hover=\u00a0\u00bblight\u00a0\u00bb text_opacity=\u00a0\u00bb1&Prime; text_hover_opacity=\u00a0\u00bb1&Prime; hover_effect=\u00a0\u00bbzoom\u00a0\u00bb border_radius=\u00a0\u00bb10px\u00a0\u00bb shadow_on_hover=\u00a0\u00bbyes\u00a0\u00bb display_type=\u00a0\u00bbgrid\u00a0\u00bb posts_per_page=\u00a0\u00bb90&Prime;][\/tab][tab icon_family=\u00a0\u00bbnone\u00a0\u00bb title=\u00a0\u00bbEngagement\u00a0\u00bb id=\u00a0\u00bb1741774517491-5&Prime; tab_id=\u00a0\u00bb1741774517492-0&Prime;][nectar_post_grid post_type=\u00a0\u00bbpost\u00a0\u00bb blog_category=\u00a0\u00bbengagement\u00a0\u00bb blog_starting_category=\u00a0\u00bball\u00a0\u00bb order=\u00a0\u00bbDESC\u00a0\u00bb orderby=\u00a0\u00bbdate\u00a0\u00bb pagination=\u00a0\u00bbload-more\u00a0\u00bb button_color=\u00a0\u00bbblack\u00a0\u00bb columns=\u00a0\u00bb4&Prime; columns_tablet=\u00a0\u00bbdefault\u00a0\u00bb columns_phone=\u00a0\u00bbdefault\u00a0\u00bb grid_item_spacing=\u00a0\u00bb10px\u00a0\u00bb grid_item_height=\u00a0\u00bb40vh\u00a0\u00bb enable_masonry=\u00a0\u00bbyes\u00a0\u00bb 4_col_masonry_layout=\u00a0\u00bbdefault\u00a0\u00bb image_size=\u00a0\u00bblarge\u00a0\u00bb image_loading=\u00a0\u00bbdefault\u00a0\u00bb animation=\u00a0\u00bbnone\u00a0\u00bb animation_stagger=\u00a0\u00bb90&Prime; animation_easing=\u00a0\u00bbdefault\u00a0\u00bb heading_tag=\u00a0\u00bbdefault\u00a0\u00bb heading_tag_render=\u00a0\u00bbdefault\u00a0\u00bb display_categories=\u00a0\u00bbyes\u00a0\u00bb category_functionality=\u00a0\u00bbdefault\u00a0\u00bb category_position=\u00a0\u00bbdefault\u00a0\u00bb category_style=\u00a0\u00bbbutton\u00a0\u00bb category_display=\u00a0\u00bbdefault\u00a0\u00bb display_date=\u00a0\u00bbyes\u00a0\u00bb additional_meta_size=\u00a0\u00bbsmall\u00a0\u00bb custom_fields_location=\u00a0\u00bbbefore_post_meta\u00a0\u00bb grid_style=\u00a0\u00bbcontent_overlaid\u00a0\u00bb text_content_layout=\u00a0\u00bball_top_left\u00a0\u00bb color_overlay=\u00a0\u00bb#000000&Prime; color_overlay_opacity=\u00a0\u00bb0.4&Prime; color_overlay_hover_opacity=\u00a0\u00bb0.6&Prime; text_color=\u00a0\u00bblight\u00a0\u00bb text_color_hover=\u00a0\u00bblight\u00a0\u00bb text_opacity=\u00a0\u00bb1&Prime; text_hover_opacity=\u00a0\u00bb1&Prime; hover_effect=\u00a0\u00bbzoom\u00a0\u00bb border_radius=\u00a0\u00bb10px\u00a0\u00bb shadow_on_hover=\u00a0\u00bbyes\u00a0\u00bb display_type=\u00a0\u00bbgrid\u00a0\u00bb posts_per_page=\u00a0\u00bb90&Prime;][\/tab][tab icon_family=\u00a0\u00bbnone\u00a0\u00bb title=\u00a0\u00bbBien-etre\u00a0\u00bb id=\u00a0\u00bb1741774517520-9&Prime; tab_id=\u00a0\u00bb1741774517521-4&Prime; el_class=\u00a0\u00bbbien-etre\u00a0\u00bb][nectar_post_grid post_type=\u00a0\u00bbpost\u00a0\u00bb blog_category=\u00a0\u00bbbien-etre\u00a0\u00bb blog_starting_category=\u00a0\u00bball\u00a0\u00bb order=\u00a0\u00bbDESC\u00a0\u00bb orderby=\u00a0\u00bbdate\u00a0\u00bb pagination=\u00a0\u00bbload-more\u00a0\u00bb button_color=\u00a0\u00bbblack\u00a0\u00bb columns=\u00a0\u00bb4&Prime; columns_tablet=\u00a0\u00bbdefault\u00a0\u00bb columns_phone=\u00a0\u00bbdefault\u00a0\u00bb grid_item_spacing=\u00a0\u00bb10px\u00a0\u00bb grid_item_height=\u00a0\u00bb40vh\u00a0\u00bb enable_masonry=\u00a0\u00bbyes\u00a0\u00bb 4_col_masonry_layout=\u00a0\u00bbdefault\u00a0\u00bb image_size=\u00a0\u00bblarge\u00a0\u00bb image_loading=\u00a0\u00bbdefault\u00a0\u00bb animation=\u00a0\u00bbnone\u00a0\u00bb animation_stagger=\u00a0\u00bb90&Prime; animation_easing=\u00a0\u00bbdefault\u00a0\u00bb heading_tag=\u00a0\u00bbdefault\u00a0\u00bb heading_tag_render=\u00a0\u00bbdefault\u00a0\u00bb display_categories=\u00a0\u00bbyes\u00a0\u00bb category_functionality=\u00a0\u00bbdefault\u00a0\u00bb category_position=\u00a0\u00bbdefault\u00a0\u00bb category_style=\u00a0\u00bbbutton\u00a0\u00bb category_display=\u00a0\u00bbdefault\u00a0\u00bb display_date=\u00a0\u00bbyes\u00a0\u00bb additional_meta_size=\u00a0\u00bbsmall\u00a0\u00bb custom_fields_location=\u00a0\u00bbbefore_post_meta\u00a0\u00bb grid_style=\u00a0\u00bbcontent_overlaid\u00a0\u00bb text_content_layout=\u00a0\u00bball_top_left\u00a0\u00bb color_overlay=\u00a0\u00bb#000000&Prime; color_overlay_opacity=\u00a0\u00bb0.4&Prime; color_overlay_hover_opacity=\u00a0\u00bb0.6&Prime; text_color=\u00a0\u00bblight\u00a0\u00bb text_color_hover=\u00a0\u00bblight\u00a0\u00bb text_opacity=\u00a0\u00bb1&Prime; text_hover_opacity=\u00a0\u00bb1&Prime; hover_effect=\u00a0\u00bbzoom\u00a0\u00bb border_radius=\u00a0\u00bb10px\u00a0\u00bb shadow_on_hover=\u00a0\u00bbyes\u00a0\u00bb display_type=\u00a0\u00bbgrid\u00a0\u00bb posts_per_page=\u00a0\u00bb90&Prime;][\/tab][tab icon_family=\u00a0\u00bbnone\u00a0\u00bb title=\u00a0\u00bbJeunes talents\u00a0\u00bb id=\u00a0\u00bb1741774517544-3&Prime; tab_id=\u00a0\u00bb1741774517544-6&Prime;][nectar_post_grid post_type=\u00a0\u00bbpost\u00a0\u00bb blog_category=\u00a0\u00bbjeunes-talents\u00a0\u00bb blog_starting_category=\u00a0\u00bball\u00a0\u00bb order=\u00a0\u00bbDESC\u00a0\u00bb orderby=\u00a0\u00bbdate\u00a0\u00bb pagination=\u00a0\u00bbload-more\u00a0\u00bb button_color=\u00a0\u00bbblack\u00a0\u00bb columns=\u00a0\u00bb4&Prime; columns_tablet=\u00a0\u00bbdefault\u00a0\u00bb columns_phone=\u00a0\u00bbdefault\u00a0\u00bb grid_item_spacing=\u00a0\u00bb10px\u00a0\u00bb grid_item_height=\u00a0\u00bb40vh\u00a0\u00bb enable_masonry=\u00a0\u00bbyes\u00a0\u00bb 4_col_masonry_layout=\u00a0\u00bbdefault\u00a0\u00bb image_size=\u00a0\u00bblarge\u00a0\u00bb image_loading=\u00a0\u00bbdefault\u00a0\u00bb animation=\u00a0\u00bbnone\u00a0\u00bb animation_stagger=\u00a0\u00bb90&Prime; animation_easing=\u00a0\u00bbdefault\u00a0\u00bb heading_tag=\u00a0\u00bbdefault\u00a0\u00bb heading_tag_render=\u00a0\u00bbdefault\u00a0\u00bb display_categories=\u00a0\u00bbyes\u00a0\u00bb category_functionality=\u00a0\u00bbdefault\u00a0\u00bb category_position=\u00a0\u00bbdefault\u00a0\u00bb category_style=\u00a0\u00bbbutton\u00a0\u00bb category_display=\u00a0\u00bbdefault\u00a0\u00bb display_date=\u00a0\u00bbyes\u00a0\u00bb additional_meta_size=\u00a0\u00bbsmall\u00a0\u00bb custom_fields_location=\u00a0\u00bbbefore_post_meta\u00a0\u00bb grid_style=\u00a0\u00bbcontent_overlaid\u00a0\u00bb text_content_layout=\u00a0\u00bball_top_left\u00a0\u00bb color_overlay=\u00a0\u00bb#000000&Prime; color_overlay_opacity=\u00a0\u00bb0.4&Prime; color_overlay_hover_opacity=\u00a0\u00bb0.6&Prime; text_color=\u00a0\u00bblight\u00a0\u00bb text_color_hover=\u00a0\u00bblight\u00a0\u00bb text_opacity=\u00a0\u00bb1&Prime; text_hover_opacity=\u00a0\u00bb1&Prime; hover_effect=\u00a0\u00bbzoom\u00a0\u00bb border_radius=\u00a0\u00bb10px\u00a0\u00bb shadow_on_hover=\u00a0\u00bbyes\u00a0\u00bb display_type=\u00a0\u00bbgrid\u00a0\u00bb posts_per_page=\u00a0\u00bb90&Prime;][\/tab][tab icon_family=\u00a0\u00bbnone\u00a0\u00bb title=\u00a0\u00bbSport et sante\u00a0\u00bb id=\u00a0\u00bb1741774517572-10&Prime; tab_id=\u00a0\u00bb1741774517572-0&Prime;][nectar_post_grid post_type=\u00a0\u00bbpost\u00a0\u00bb blog_category=\u00a0\u00bbsport-sante\u00a0\u00bb blog_starting_category=\u00a0\u00bball\u00a0\u00bb order=\u00a0\u00bbDESC\u00a0\u00bb orderby=\u00a0\u00bbdate\u00a0\u00bb pagination=\u00a0\u00bbload-more\u00a0\u00bb button_color=\u00a0\u00bbblack\u00a0\u00bb columns=\u00a0\u00bb4&Prime; columns_tablet=\u00a0\u00bbdefault\u00a0\u00bb columns_phone=\u00a0\u00bbdefault\u00a0\u00bb grid_item_spacing=\u00a0\u00bb10px\u00a0\u00bb grid_item_height=\u00a0\u00bb40vh\u00a0\u00bb enable_masonry=\u00a0\u00bbyes\u00a0\u00bb 4_col_masonry_layout=\u00a0\u00bbdefault\u00a0\u00bb image_size=\u00a0\u00bblarge\u00a0\u00bb image_loading=\u00a0\u00bbdefault\u00a0\u00bb animation=\u00a0\u00bbnone\u00a0\u00bb animation_stagger=\u00a0\u00bb90&Prime; animation_easing=\u00a0\u00bbdefault\u00a0\u00bb heading_tag=\u00a0\u00bbdefault\u00a0\u00bb heading_tag_render=\u00a0\u00bbdefault\u00a0\u00bb display_categories=\u00a0\u00bbyes\u00a0\u00bb category_functionality=\u00a0\u00bbdefault\u00a0\u00bb category_position=\u00a0\u00bbdefault\u00a0\u00bb category_style=\u00a0\u00bbbutton\u00a0\u00bb category_display=\u00a0\u00bbdefault\u00a0\u00bb display_date=\u00a0\u00bbyes\u00a0\u00bb additional_meta_size=\u00a0\u00bbsmall\u00a0\u00bb custom_fields_location=\u00a0\u00bbbefore_post_meta\u00a0\u00bb grid_style=\u00a0\u00bbcontent_overlaid\u00a0\u00bb text_content_layout=\u00a0\u00bball_top_left\u00a0\u00bb color_overlay=\u00a0\u00bb#000000&Prime; color_overlay_opacity=\u00a0\u00bb0.4&Prime; color_overlay_hover_opacity=\u00a0\u00bb0.6&Prime; text_color=\u00a0\u00bblight\u00a0\u00bb text_color_hover=\u00a0\u00bblight\u00a0\u00bb text_opacity=\u00a0\u00bb1&Prime; text_hover_opacity=\u00a0\u00bb1&Prime; hover_effect=\u00a0\u00bbzoom\u00a0\u00bb border_radius=\u00a0\u00bb10px\u00a0\u00bb shadow_on_hover=\u00a0\u00bbyes\u00a0\u00bb display_type=\u00a0\u00bbgrid\u00a0\u00bb posts_per_page=\u00a0\u00bb90&Prime;][vc_column_text][\/vc_column_text][\/tab][tab icon_family=\u00a0\u00bbnone\u00a0\u00bb title=\u00a0\u00bbevenement\u00a0\u00bb id=\u00a0\u00bb1741774517600-9&Prime; tab_id=\u00a0\u00bb1741774517601-5&Prime;][nectar_post_grid post_type=\u00a0\u00bbpost\u00a0\u00bb blog_category=\u00a0\u00bbevenement\u00a0\u00bb blog_starting_category=\u00a0\u00bball\u00a0\u00bb order=\u00a0\u00bbDESC\u00a0\u00bb orderby=\u00a0\u00bbdate\u00a0\u00bb pagination=\u00a0\u00bbload-more\u00a0\u00bb button_color=\u00a0\u00bbblack\u00a0\u00bb columns=\u00a0\u00bb4&Prime; columns_tablet=\u00a0\u00bbdefault\u00a0\u00bb columns_phone=\u00a0\u00bbdefault\u00a0\u00bb grid_item_spacing=\u00a0\u00bb10px\u00a0\u00bb grid_item_height=\u00a0\u00bb40vh\u00a0\u00bb enable_masonry=\u00a0\u00bbyes\u00a0\u00bb 4_col_masonry_layout=\u00a0\u00bbdefault\u00a0\u00bb image_size=\u00a0\u00bblarge\u00a0\u00bb image_loading=\u00a0\u00bbdefault\u00a0\u00bb animation=\u00a0\u00bbnone\u00a0\u00bb animation_stagger=\u00a0\u00bb90&Prime; animation_easing=\u00a0\u00bbdefault\u00a0\u00bb heading_tag=\u00a0\u00bbdefault\u00a0\u00bb heading_tag_render=\u00a0\u00bbdefault\u00a0\u00bb display_categories=\u00a0\u00bbyes\u00a0\u00bb category_functionality=\u00a0\u00bbdefault\u00a0\u00bb category_position=\u00a0\u00bbdefault\u00a0\u00bb category_style=\u00a0\u00bbbutton\u00a0\u00bb category_display=\u00a0\u00bbdefault\u00a0\u00bb display_date=\u00a0\u00bbyes\u00a0\u00bb additional_meta_size=\u00a0\u00bbsmall\u00a0\u00bb custom_fields_location=\u00a0\u00bbbefore_post_meta\u00a0\u00bb grid_style=\u00a0\u00bbcontent_overlaid\u00a0\u00bb text_content_layout=\u00a0\u00bball_top_left\u00a0\u00bb color_overlay=\u00a0\u00bb#000000&Prime; color_overlay_opacity=\u00a0\u00bb0.4&Prime; color_overlay_hover_opacity=\u00a0\u00bb0.6&Prime; text_color=\u00a0\u00bblight\u00a0\u00bb text_color_hover=\u00a0\u00bblight\u00a0\u00bb text_opacity=\u00a0\u00bb1&Prime; text_hover_opacity=\u00a0\u00bb1&Prime; hover_effect=\u00a0\u00bbzoom\u00a0\u00bb border_radius=\u00a0\u00bb10px\u00a0\u00bb shadow_on_hover=\u00a0\u00bbyes\u00a0\u00bb display_type=\u00a0\u00bbgrid\u00a0\u00bb posts_per_page=\u00a0\u00bb90&Prime;][\/tab][tab icon_family=\u00a0\u00bbnone\u00a0\u00bb title=\u00a0\u00bbMetier\u00a0\u00bb id=\u00a0\u00bb1741774517621-4&Prime; tab_id=\u00a0\u00bb1741774517622-7&Prime;][nectar_post_grid post_type=\u00a0\u00bbpost\u00a0\u00bb blog_category=\u00a0\u00bbmetier\u00a0\u00bb blog_starting_category=\u00a0\u00bball\u00a0\u00bb order=\u00a0\u00bbDESC\u00a0\u00bb orderby=\u00a0\u00bbdate\u00a0\u00bb pagination=\u00a0\u00bbload-more\u00a0\u00bb button_color=\u00a0\u00bbblack\u00a0\u00bb columns=\u00a0\u00bb4&Prime; columns_tablet=\u00a0\u00bbdefault\u00a0\u00bb columns_phone=\u00a0\u00bbdefault\u00a0\u00bb grid_item_spacing=\u00a0\u00bb10px\u00a0\u00bb grid_item_height=\u00a0\u00bb40vh\u00a0\u00bb enable_masonry=\u00a0\u00bbyes\u00a0\u00bb 4_col_masonry_layout=\u00a0\u00bbdefault\u00a0\u00bb image_size=\u00a0\u00bblarge\u00a0\u00bb image_loading=\u00a0\u00bbdefault\u00a0\u00bb animation=\u00a0\u00bbnone\u00a0\u00bb animation_stagger=\u00a0\u00bb90&Prime; animation_easing=\u00a0\u00bbdefault\u00a0\u00bb heading_tag=\u00a0\u00bbdefault\u00a0\u00bb heading_tag_render=\u00a0\u00bbdefault\u00a0\u00bb display_categories=\u00a0\u00bbyes\u00a0\u00bb category_functionality=\u00a0\u00bbdefault\u00a0\u00bb category_position=\u00a0\u00bbdefault\u00a0\u00bb category_style=\u00a0\u00bbbutton\u00a0\u00bb category_display=\u00a0\u00bbdefault\u00a0\u00bb display_date=\u00a0\u00bbyes\u00a0\u00bb additional_meta_size=\u00a0\u00bbsmall\u00a0\u00bb custom_fields_location=\u00a0\u00bbbefore_post_meta\u00a0\u00bb grid_style=\u00a0\u00bbcontent_overlaid\u00a0\u00bb text_content_layout=\u00a0\u00bball_top_left\u00a0\u00bb color_overlay=\u00a0\u00bb#000000&Prime; color_overlay_opacity=\u00a0\u00bb0.4&Prime; color_overlay_hover_opacity=\u00a0\u00bb0.6&Prime; text_color=\u00a0\u00bblight\u00a0\u00bb text_color_hover=\u00a0\u00bblight\u00a0\u00bb text_opacity=\u00a0\u00bb1&Prime; text_hover_opacity=\u00a0\u00bb1&Prime; hover_effect=\u00a0\u00bbzoom\u00a0\u00bb border_radius=\u00a0\u00bb10px\u00a0\u00bb shadow_on_hover=\u00a0\u00bbyes\u00a0\u00bb display_type=\u00a0\u00bbgrid\u00a0\u00bb posts_per_page=\u00a0\u00bb90&Prime;][\/tab][\/tabbed_section][\/vc_column][\/vc_row]\n","protected":false},"excerpt":{"rendered":"<p>[vc_row type=\u00a0\u00bbfull_width_background\u00a0\u00bb full_screen_row_position=\u00a0\u00bbmiddle\u00a0\u00bb column_margin=\u00a0\u00bbdefault\u00a0\u00bb column_direction=\u00a0\u00bbdefault\u00a0\u00bb column_direction_tablet=\u00a0\u00bbdefault\u00a0\u00bb column_direction_phone=\u00a0\u00bbdefault\u00a0\u00bb bg_color=\u00a0\u00bb#ffffff\u00a0\u00bb scene_position=\u00a0\u00bbcenter\u00a0\u00bb text_color=\u00a0\u00bbdark\u00a0\u00bb text_align=\u00a0\u00bbcenter\u00a0\u00bb row_border_radius=\u00a0\u00bbnone\u00a0\u00bb row_border_radius_applies=\u00a0\u00bbbg\u00a0\u00bb overflow=\u00a0\u00bbvisible\u00a0\u00bb overlay_strength=\u00a0\u00bb0.3&Prime; gradient_direction=\u00a0\u00bbleft_b_to_right_t\u00a0\u00bb shape_divider_position=\u00a0\u00bbbottom\u00a0\u00bb bg_image_animation=\u00a0\u00bbnone\u00a0\u00bb gradient_type=\u00a0\u00bbdefault\u00a0\u00bb shape_type=\u00a0\u00bb\u00a0\u00bb][vc_column column_padding=\u00a0\u00bbpadding-4-percent\u00a0\u00bb column_padding_tablet=\u00a0\u00bbinherit\u00a0\u00bb column_padding_phone=\u00a0\u00bbinherit\u00a0\u00bb column_padding_position=\u00a0\u00bball\u00a0\u00bb column_element_direction_desktop=\u00a0\u00bbdefault\u00a0\u00bb column_element_spacing=\u00a0\u00bbdefault\u00a0\u00bb desktop_text_alignment=\u00a0\u00bbdefault\u00a0\u00bb tablet_text_alignment=\u00a0\u00bbdefault\u00a0\u00bb phone_text_alignment=\u00a0\u00bbdefault\u00a0\u00bb background_color_opacity=\u00a0\u00bb1&Prime;&#8230;<\/p>\n","protected":false},"author":1,"featured_media":0,"parent":0,"menu_order":0,"comment_status":"closed","ping_status":"closed","template":"","meta":{"_seopress_robots_primary_cat":"","_seopress_titles_title":"GROUPE IDEC RECRUTE \u2013 Toute notre actualit\u00e9","_seopress_titles_desc":"Toute la vie du GROUPE IDEC en un clin d\u2019\u0153il : expertises, engagements, parcours inspirants, alternance et \u00e9v\u00e9nements marquants.","_seopress_robots_index":"","footnotes":""},"class_list":["post-446","page","type-page","status-publish"],"_links":{"self":[{"href":"https:\/\/www.groupeidec.com\/emplois-carriere\/wp-json\/wp\/v2\/pages\/446","targetHints":{"allow":["GET"]}}],"collection":[{"href":"https:\/\/www.groupeidec.com\/emplois-carriere\/wp-json\/wp\/v2\/pages"}],"about":[{"href":"https:\/\/www.groupeidec.com\/emplois-carriere\/wp-json\/wp\/v2\/types\/page"}],"author":[{"embeddable":true,"href":"https:\/\/www.groupeidec.com\/emplois-carriere\/wp-json\/wp\/v2\/users\/1"}],"replies":[{"embeddable":true,"href":"https:\/\/www.groupeidec.com\/emplois-carriere\/wp-json\/wp\/v2\/comments?post=446"}],"version-history":[{"count":38,"href":"https:\/\/www.groupeidec.com\/emplois-carriere\/wp-json\/wp\/v2\/pages\/446\/revisions"}],"predecessor-version":[{"id":2733,"href":"https:\/\/www.groupeidec.com\/emplois-carriere\/wp-json\/wp\/v2\/pages\/446\/revisions\/2733"}],"wp:attachment":[{"href":"https:\/\/www.groupeidec.com\/emplois-carriere\/wp-json\/wp\/v2\/media?parent=446"}],"curies":[{"name":"wp","href":"https:\/\/api.w.org\/{rel}","templated":true}]}}