{"id":21335,"date":"2018-09-10T17:21:21","date_gmt":"2018-09-10T15:21:21","guid":{"rendered":"https:\/\/www.groupeidec.com\/contact\/"},"modified":"2025-01-22T10:29:19","modified_gmt":"2025-01-22T09:29:19","slug":"contact","status":"publish","type":"page","link":"https:\/\/www.groupeidec.com\/en\/contact\/","title":{"rendered":"Contact"},"content":{"rendered":"<div class=\"wpb-content-wrapper\"><p>[vc_row heading_color=&#8221;light&#8221; bg_type=&#8221;hosted_video&#8221; bg_image=&#8221;10419&#8243; bg_video_loop=&#8221;no&#8221; color_overlay=&#8221;dark&#8221; opacity_overlay=&#8221;40&#8243; padding_top_multiplier=&#8221;6x&#8221; padding_bottom_multiplier=&#8221;6x&#8221; separator_bottom=&#8221;large-triangle-separator&#8221; separator_bottom_size=&#8221;60px&#8221; separator_bottom_color=&#8221;#f4f4f4&#8243; font_color=&#8221;#ffffff&#8221; kswr_row_top_decor_enabled=&#8221;false&#8221; kswr_row_bottom_decor_enabled=&#8221;false&#8221; bg_video_webm=&#8221;https:\/\/www.groupeidec.com\/wp-content\/uploads\/2018\/11\/Video-header-contact-groupe-idec.webm&#8221; bg_video_mp4=&#8221;https:\/\/www.groupeidec.com\/wp-content\/uploads\/2018\/11\/Video-header-contact-groupe-idec.mp4&#8243; bg_video_ogv=&#8221;https:\/\/www.groupeidec.com\/wp-content\/uploads\/2018\/11\/Video-header-contact-groupe-idec.ogv&#8221;][vc_column vertical_content_position=&#8221;middle&#8221;]<h1 class=\"grve-element grve-title grve-align-center grve-h1 grve-increase-heading grve-heading-120\" style=\"\"><span>Contact<\/span><\/h1>[\/vc_column][\/vc_row][vc_row bg_type=&#8221;color&#8221; padding_top_multiplier=&#8221;&#8221; padding_bottom_multiplier=&#8221;&#8221; columns_gap=&#8221;40&#8243; kswr_row_top_decor_enabled=&#8221;false&#8221; kswr_row_bottom_decor_enabled=&#8221;false&#8221; bg_color=&#8221;#f4f4f4&#8243;][vc_column width=&#8221;2\/3&#8243; tablet_sm_width=&#8221;1&#8243; css=&#8221;.vc_custom_1546885625893{margin-bottom: 0px !important;}&#8221;]<div class=\"grve-empty-space grve-height-1x\" style=\"\"><\/div><h3 class=\"grve-element grve-title grve-align-left grve-h3 grve-increase-heading grve-heading-120\" style=\"\"><span>A project in mind?<\/span><\/h3>[vc_column_text]<\/p>\n<h6>Do you wish to erect a building, receive information about our property programmes, sell some land or develop a programme with us?<br \/>\nTell us about your project and one of our staff will get back in contact with you.<\/h6>\n<p>[\/vc_column_text]<div class=\"grve-empty-space grve-height-1x\" style=\"\"><\/div>[gravityform id=&#8221;1&#8243; title=&#8221;false&#8221; description=&#8221;false&#8221; ajax=&#8221;false&#8221;][vc_column_text css=&#8221;.vc_custom_1737538156692{margin-top: 10px !important;margin-bottom: 0px !important;padding-bottom: 0px !important;}&#8221;]<\/p>\n<div class=\"mentions-second-bloc-contact\">\n<p>If you do not wish to be contacted for commercial purposes, please click on the following link: <a href=\"https:\/\/forms.sbc08.com\/657058d97e7158786cccdb7b\/B3HkXaGgS3uq4NN6tBJVcw\/form.html\" target=\"_blank\" rel=\"noopener\">unsubscribe<\/a>. You have a right of access, opposition, portability, deletion, limitation and postmortem control. You also have the possibility of registering free of charge on a list of opposition to telephone solicitation. To learn more about the processing of your data and your rights, please consult <a href=\"https:\/\/www.groupeidec.com\/politique-de-confidentialite\/\">our data protection policy<\/a>.<\/p>\n<\/div>\n<p>[\/vc_column_text]<div class=\"grve-empty-space\" style=\"height: 10px;\"><\/div>[\/vc_column][vc_column width=&#8221;1\/3&#8243; heading_color=&#8221;light&#8221; css=&#8221;.vc_custom_1589474987409{margin-top: 30px !important;padding-top: 30px !important;padding-right: 30px !important;padding-bottom: 30px !important;padding-left: 30px !important;background: #ef4030 url(https:\/\/www.groupeidec.com\/wp-content\/uploads\/2020\/04\/Fond-popup-rouge-1280.jpg?id=255166) !important;background-position: center !important;background-repeat: no-repeat !important;background-size: cover !important;}&#8221; font_color=&#8221;#ffffff&#8221;][vc_column_text]<\/p>\n<h4>GROUPE IDEC<\/h4>\n<h6>37 avenue Pierre 1er de Serbie<br \/>\n75008 PARIS<br \/>\nFRANCE<\/h6>\n<h5>Tel. +33 (0)1 44 94 94 50<\/h5>\n<p>You can find all the addresses for the subsidiaries of the IDEC GROUP in the &#8220;Sites&#8221; section on our website.[\/vc_column_text][\/vc_column][\/vc_row][vc_row disable_element=&#8221;yes&#8221; bg_type=&#8221;color&#8221; padding_top_multiplier=&#8221;&#8221; padding_bottom_multiplier=&#8221;&#8221; columns_gap=&#8221;20&#8243; kswr_row_top_decor_enabled=&#8221;false&#8221; kswr_row_bottom_decor_enabled=&#8221;false&#8221; bg_color=&#8221;#f4f4f4&#8243;][vc_column width=&#8221;2\/3&#8243; tablet_sm_width=&#8221;1&#8243; css=&#8221;.vc_custom_1546885625893{margin-bottom: 0px !important;}&#8221;]<div class=\"grve-empty-space grve-height-1x\" style=\"\"><\/div><h3 class=\"grve-element grve-title grve-align-left grve-h3 grve-increase-heading grve-heading-120\" style=\"\"><span>A project in mind?<\/span><\/h3>[vc_column_text]<\/p>\n<h6>Do you wish to erect a building, receive information about our property programmes, sell some land or develop a programme with us?<br \/>\nTell us about your project and one of our staff will get back in contact with you.<\/h6>\n<p>[\/vc_column_text]<div class=\"grve-empty-space grve-height-1x\" style=\"\"><\/div>[vc_raw_js]JTNDc2NyaXB0JTIwdHlwZSUzRCUyMnRleHQlMkZqYXZhc2NyaXB0JTIyJTNFdmFyJTIwbG9jJTIwJTNEJTIwJTIyaHR0cHMlM0ElMkYlMkZhbmFseXRpY3MtZXUuY2xpY2tkaW1lbnNpb25zLmNvbSUyRmdyb3VwZWlkZWNjb20tYWF5dXklMkZwYWdlcyUyRiUyMiUzQiUzQyUyRnNjcmlwdCUzRSUzQ3NjcmlwdCUyMHR5cGUlM0QlMjJ0ZXh0JTJGamF2YXNjcmlwdCUyMiUyMHNyYyUzRCUyMmh0dHBzJTNBJTJGJTJGYXo1NTE5MTQudm8ubXNlY25kLm5ldCUyRndlYiUyRnYxMCUyRkNEV2lkZ2V0LmpzJTIyJTNFJTNDJTJGc2NyaXB0JTNFJTNDZGl2JTIwcGFnZUlEJTNEJTIycXBvdGtncnBlZW1icWxibDg0dGd3cSUyMiUzRSUzQyUyRmRpdiUzRQ==[\/vc_raw_js][vc_raw_html]JTI2bmJzcCUzQg==[\/vc_raw_html]<div class=\"grve-empty-space\" style=\"height: 10px;\"><\/div>[\/vc_column][vc_column width=&#8221;1\/3&#8243; heading_color=&#8221;light&#8221; css=&#8221;.vc_custom_1589474987409{margin-top: 30px !important;padding-top: 30px !important;padding-right: 30px !important;padding-bottom: 30px !important;padding-left: 30px !important;background: #ef4030 url(https:\/\/www.groupeidec.com\/wp-content\/uploads\/2020\/04\/Fond-popup-rouge-1280.jpg?id=255166) !important;background-position: center !important;background-repeat: no-repeat !important;background-size: cover !important;}&#8221; font_color=&#8221;#ffffff&#8221;][vc_column_text]<\/p>\n<h4>GROUPE IDEC<\/h4>\n<h6>37 avenue Pierre 1er de Serbie<br \/>\n75008 PARIS<br \/>\nFRANCE<\/h6>\n<h5>Tel. +33 (0)1 44 94 94 50<\/h5>\n<p>You can find all the addresses for the subsidiaries of the IDEC GROUP in the &#8220;Sites&#8221; section on our website.[\/vc_column_text][\/vc_column][\/vc_row][vc_row bg_type=&#8221;color&#8221; bg_color=&#8221;#f4f4f4&#8243; kswr_row_top_decor_enabled=&#8221;false&#8221; kswr_row_bottom_decor_enabled=&#8221;false&#8221;][vc_column]<div class=\"grve-empty-space grve-height-3x\" style=\"\"><\/div>[\/vc_column][\/vc_row]<\/p>\n<\/div>","protected":false},"excerpt":{"rendered":"<p>[vc_row heading_color=&#8221;light&#8221; bg_type=&#8221;hosted_video&#8221; bg_image=&#8221;10419&#8243; bg_video_loop=&#8221;no&#8221; color_overlay=&#8221;dark&#8221; opacity_overlay=&#8221;40&#8243; padding_top_multiplier=&#8221;6x&#8221; padding_bottom_multiplier=&#8221;6x&#8221; separator_bottom=&#8221;large-triangle-separator&#8221; separator_bottom_size=&#8221;60px&#8221; separator_bottom_color=&#8221;#f4f4f4&#8243; font_color=&#8221;#ffffff&#8221; kswr_row_top_decor_enabled=&#8221;false&#8221; kswr_row_bottom_decor_enabled=&#8221;false&#8221; bg_video_webm=&#8221;https:\/\/www.groupeidec.com\/wp-content\/uploads\/2018\/11\/Video-header-contact-groupe-idec.webm&#8221; bg_video_mp4=&#8221;https:\/\/www.groupeidec.com\/wp-content\/uploads\/2018\/11\/Video-header-contact-groupe-idec.mp4&#8243; bg_video_ogv=&#8221;https:\/\/www.groupeidec.com\/wp-content\/uploads\/2018\/11\/Video-header-contact-groupe-idec.ogv&#8221;][vc_column vertical_content_position=&#8221;middle&#8221;][\/vc_column][\/vc_row][vc_row bg_type=&#8221;color&#8221; padding_top_multiplier=&#8221;&#8221; padding_bottom_multiplier=&#8221;&#8221; columns_gap=&#8221;40&#8243; kswr_row_top_decor_enabled=&#8221;false&#8221; kswr_row_bottom_decor_enabled=&#8221;false&#8221; bg_color=&#8221;#f4f4f4&#8243;][vc_column width=&#8221;2\/3&#8243; tablet_sm_width=&#8221;1&#8243; css=&#8221;.vc_custom_1546885625893{margin-bottom: 0px !important;}&#8221;][vc_column_text] Do you wish to erect a building, receive information about our property programmes, sell some land or develop a programme with us? Tell us [&hellip;]<\/p>\n","protected":false},"author":1,"featured_media":10420,"parent":0,"menu_order":0,"comment_status":"closed","ping_status":"closed","template":"","meta":{"inline_featured_image":false,"footnotes":""},"class_list":["post-21335","page","type-page","status-publish","has-post-thumbnail","hentry"],"yoast_head":"<!-- This site is optimized with the Yoast SEO plugin v27.4 - https:\/\/yoast.com\/product\/yoast-seo-wordpress\/ -->\n<title>Contact | IDEC GROUP<\/title>\n<meta name=\"description\" content=\"Do you wish to erect a building, receive information about our property programmes, sell some land or develop a programme with us?Tell us about your project and one of our staff will get back in contact with you.\" \/>\n<meta name=\"robots\" content=\"index, follow, max-snippet:-1, max-image-preview:large, max-video-preview:-1\" \/>\n<link rel=\"canonical\" href=\"https:\/\/www.groupeidec.com\/en\/contact\/\" \/>\n<meta property=\"og:locale\" content=\"en_US\" \/>\n<meta property=\"og:type\" content=\"article\" \/>\n<meta property=\"og:title\" content=\"Contact | IDEC GROUP\" \/>\n<meta property=\"og:description\" content=\"Do you wish to erect a building, receive information about our property programmes, sell some land or develop a programme with us?Tell us about your project and one of our staff will get back in contact with you.\" \/>\n<meta property=\"og:url\" content=\"https:\/\/www.groupeidec.com\/en\/contact\/\" \/>\n<meta property=\"og:site_name\" content=\"GROUPE IDEC\" \/>\n<meta property=\"article:publisher\" content=\"https:\/\/www.facebook.com\/groupeidec\/\" \/>\n<meta property=\"article:modified_time\" content=\"2025-01-22T09:29:19+00:00\" \/>\n<meta property=\"og:image\" content=\"https:\/\/www.groupeidec.com\/wp-content\/uploads\/2018\/12\/Valeurs_Groupe_IDEC_Confiance.jpg\" \/>\n\t<meta property=\"og:image:width\" content=\"1732\" \/>\n\t<meta property=\"og:image:height\" content=\"871\" \/>\n\t<meta property=\"og:image:type\" content=\"image\/jpeg\" \/>\n<meta name=\"twitter:card\" content=\"summary_large_image\" \/>\n<meta name=\"twitter:label1\" content=\"Est. reading time\" \/>\n\t<meta name=\"twitter:data1\" content=\"3 minutes\" \/>\n<script type=\"application\/ld+json\" class=\"yoast-schema-graph\">{\"@context\":\"https:\\\/\\\/schema.org\",\"@graph\":[{\"@type\":\"WebPage\",\"@id\":\"https:\\\/\\\/www.groupeidec.com\\\/en\\\/contact\\\/\",\"url\":\"https:\\\/\\\/www.groupeidec.com\\\/en\\\/contact\\\/\",\"name\":\"Contact | IDEC GROUP\",\"isPartOf\":{\"@id\":\"https:\\\/\\\/www.groupeidec.com\\\/en\\\/#website\"},\"primaryImageOfPage\":{\"@id\":\"https:\\\/\\\/www.groupeidec.com\\\/en\\\/contact\\\/#primaryimage\"},\"image\":{\"@id\":\"https:\\\/\\\/www.groupeidec.com\\\/en\\\/contact\\\/#primaryimage\"},\"thumbnailUrl\":\"https:\\\/\\\/www.groupeidec.com\\\/wp-content\\\/uploads\\\/2018\\\/12\\\/Valeurs_Groupe_IDEC_Confiance.jpg\",\"datePublished\":\"2018-09-10T15:21:21+00:00\",\"dateModified\":\"2025-01-22T09:29:19+00:00\",\"description\":\"Do you wish to erect a building, receive information about our property programmes, sell some land or develop a programme with us?Tell us about your project and one of our staff will get back in contact with you.\",\"breadcrumb\":{\"@id\":\"https:\\\/\\\/www.groupeidec.com\\\/en\\\/contact\\\/#breadcrumb\"},\"inLanguage\":\"en-US\",\"potentialAction\":[{\"@type\":\"ReadAction\",\"target\":[\"https:\\\/\\\/www.groupeidec.com\\\/en\\\/contact\\\/\"]}]},{\"@type\":\"ImageObject\",\"inLanguage\":\"en-US\",\"@id\":\"https:\\\/\\\/www.groupeidec.com\\\/en\\\/contact\\\/#primaryimage\",\"url\":\"https:\\\/\\\/www.groupeidec.com\\\/wp-content\\\/uploads\\\/2018\\\/12\\\/Valeurs_Groupe_IDEC_Confiance.jpg\",\"contentUrl\":\"https:\\\/\\\/www.groupeidec.com\\\/wp-content\\\/uploads\\\/2018\\\/12\\\/Valeurs_Groupe_IDEC_Confiance.jpg\",\"width\":1732,\"height\":871},{\"@type\":\"BreadcrumbList\",\"@id\":\"https:\\\/\\\/www.groupeidec.com\\\/en\\\/contact\\\/#breadcrumb\",\"itemListElement\":[{\"@type\":\"ListItem\",\"position\":1,\"name\":\"Accueil\",\"item\":\"https:\\\/\\\/www.groupeidec.com\\\/en\\\/\"},{\"@type\":\"ListItem\",\"position\":2,\"name\":\"Contact\"}]},{\"@type\":\"WebSite\",\"@id\":\"https:\\\/\\\/www.groupeidec.com\\\/en\\\/#website\",\"url\":\"https:\\\/\\\/www.groupeidec.com\\\/en\\\/\",\"name\":\"GROUPE IDEC\",\"description\":\"A la fois am\u00e9nageur, promoteur, investisseur et concepteur-constructeur cl\u00e9 en main, le GROUPE IDEC est l&#039;un des rares acteurs globaux du march\u00e9 immobilier fran\u00e7ais, pr\u00e9sent sur tous ces m\u00e9tiers.\",\"potentialAction\":[{\"@type\":\"SearchAction\",\"target\":{\"@type\":\"EntryPoint\",\"urlTemplate\":\"https:\\\/\\\/www.groupeidec.com\\\/en\\\/?s={search_term_string}\"},\"query-input\":{\"@type\":\"PropertyValueSpecification\",\"valueRequired\":true,\"valueName\":\"search_term_string\"}}],\"inLanguage\":\"en-US\"}]}<\/script>\n<!-- \/ Yoast SEO plugin. -->","yoast_head_json":{"title":"Contact | IDEC GROUP","description":"Do you wish to erect a building, receive information about our property programmes, sell some land or develop a programme with us?Tell us about your project and one of our staff will get back in contact with you.","robots":{"index":"index","follow":"follow","max-snippet":"max-snippet:-1","max-image-preview":"max-image-preview:large","max-video-preview":"max-video-preview:-1"},"canonical":"https:\/\/www.groupeidec.com\/en\/contact\/","og_locale":"en_US","og_type":"article","og_title":"Contact | IDEC GROUP","og_description":"Do you wish to erect a building, receive information about our property programmes, sell some land or develop a programme with us?Tell us about your project and one of our staff will get back in contact with you.","og_url":"https:\/\/www.groupeidec.com\/en\/contact\/","og_site_name":"GROUPE IDEC","article_publisher":"https:\/\/www.facebook.com\/groupeidec\/","article_modified_time":"2025-01-22T09:29:19+00:00","og_image":[{"width":1732,"height":871,"url":"https:\/\/www.groupeidec.com\/wp-content\/uploads\/2018\/12\/Valeurs_Groupe_IDEC_Confiance.jpg","type":"image\/jpeg"}],"twitter_card":"summary_large_image","twitter_misc":{"Est. reading time":"3 minutes"},"schema":{"@context":"https:\/\/schema.org","@graph":[{"@type":"WebPage","@id":"https:\/\/www.groupeidec.com\/en\/contact\/","url":"https:\/\/www.groupeidec.com\/en\/contact\/","name":"Contact | IDEC GROUP","isPartOf":{"@id":"https:\/\/www.groupeidec.com\/en\/#website"},"primaryImageOfPage":{"@id":"https:\/\/www.groupeidec.com\/en\/contact\/#primaryimage"},"image":{"@id":"https:\/\/www.groupeidec.com\/en\/contact\/#primaryimage"},"thumbnailUrl":"https:\/\/www.groupeidec.com\/wp-content\/uploads\/2018\/12\/Valeurs_Groupe_IDEC_Confiance.jpg","datePublished":"2018-09-10T15:21:21+00:00","dateModified":"2025-01-22T09:29:19+00:00","description":"Do you wish to erect a building, receive information about our property programmes, sell some land or develop a programme with us?Tell us about your project and one of our staff will get back in contact with you.","breadcrumb":{"@id":"https:\/\/www.groupeidec.com\/en\/contact\/#breadcrumb"},"inLanguage":"en-US","potentialAction":[{"@type":"ReadAction","target":["https:\/\/www.groupeidec.com\/en\/contact\/"]}]},{"@type":"ImageObject","inLanguage":"en-US","@id":"https:\/\/www.groupeidec.com\/en\/contact\/#primaryimage","url":"https:\/\/www.groupeidec.com\/wp-content\/uploads\/2018\/12\/Valeurs_Groupe_IDEC_Confiance.jpg","contentUrl":"https:\/\/www.groupeidec.com\/wp-content\/uploads\/2018\/12\/Valeurs_Groupe_IDEC_Confiance.jpg","width":1732,"height":871},{"@type":"BreadcrumbList","@id":"https:\/\/www.groupeidec.com\/en\/contact\/#breadcrumb","itemListElement":[{"@type":"ListItem","position":1,"name":"Accueil","item":"https:\/\/www.groupeidec.com\/en\/"},{"@type":"ListItem","position":2,"name":"Contact"}]},{"@type":"WebSite","@id":"https:\/\/www.groupeidec.com\/en\/#website","url":"https:\/\/www.groupeidec.com\/en\/","name":"GROUPE IDEC","description":"A la fois am\u00e9nageur, promoteur, investisseur et concepteur-constructeur cl\u00e9 en main, le GROUPE IDEC est l&#039;un des rares acteurs globaux du march\u00e9 immobilier fran\u00e7ais, pr\u00e9sent sur tous ces m\u00e9tiers.","potentialAction":[{"@type":"SearchAction","target":{"@type":"EntryPoint","urlTemplate":"https:\/\/www.groupeidec.com\/en\/?s={search_term_string}"},"query-input":{"@type":"PropertyValueSpecification","valueRequired":true,"valueName":"search_term_string"}}],"inLanguage":"en-US"}]}},"_links":{"self":[{"href":"https:\/\/www.groupeidec.com\/en\/wp-json\/wp\/v2\/pages\/21335","targetHints":{"allow":["GET"]}}],"collection":[{"href":"https:\/\/www.groupeidec.com\/en\/wp-json\/wp\/v2\/pages"}],"about":[{"href":"https:\/\/www.groupeidec.com\/en\/wp-json\/wp\/v2\/types\/page"}],"author":[{"embeddable":true,"href":"https:\/\/www.groupeidec.com\/en\/wp-json\/wp\/v2\/users\/1"}],"replies":[{"embeddable":true,"href":"https:\/\/www.groupeidec.com\/en\/wp-json\/wp\/v2\/comments?post=21335"}],"version-history":[{"count":8,"href":"https:\/\/www.groupeidec.com\/en\/wp-json\/wp\/v2\/pages\/21335\/revisions"}],"predecessor-version":[{"id":21337,"href":"https:\/\/www.groupeidec.com\/en\/wp-json\/wp\/v2\/pages\/21335\/revisions\/21337"}],"wp:featuredmedia":[{"embeddable":true,"href":"https:\/\/www.groupeidec.com\/en\/wp-json\/wp\/v2\/media\/10420"}],"wp:attachment":[{"href":"https:\/\/www.groupeidec.com\/en\/wp-json\/wp\/v2\/media?parent=21335"}],"curies":[{"name":"wp","href":"https:\/\/api.w.org\/{rel}","templated":true}]}}