{"id":315391,"date":"2021-05-02T08:48:07","date_gmt":"2021-05-02T06:48:07","guid":{"rendered":"https:\/\/www.groupeidec.com\/une-vision-differente-de-limmobilier\/"},"modified":"2025-06-24T19:06:43","modified_gmt":"2025-06-24T17:06:43","slug":"a-different-perception-of-real-estate","status":"publish","type":"page","link":"https:\/\/www.groupeidec.com\/en\/a-different-perception-of-real-estate\/","title":{"rendered":"A different perception of real estate"},"content":{"rendered":"<div class=\"wpb-content-wrapper\"><p>[vc_row heading_color=&#8221;light&#8221; bg_type=&#8221;hosted_video&#8221; bg_image=&#8221;19717&#8243; bg_video_loop=&#8221;no&#8221; color_overlay=&#8221;dark&#8221; opacity_overlay=&#8221;40&#8243; padding_top_multiplier=&#8221;6x&#8221; padding_bottom_multiplier=&#8221;6x&#8221; separator_bottom=&#8221;large-triangle-separator&#8221; separator_bottom_size=&#8221;60px&#8221; font_color=&#8221;#ffffff&#8221; bg_video_webm=&#8221;https:\/\/www.groupeidec.com\/wp-content\/uploads\/2021\/01\/video-header-homepage-janvier-2021.webm&#8221; bg_video_mp4=&#8221;https:\/\/www.groupeidec.com\/wp-content\/uploads\/2021\/01\/video-header-homepage-janvier-2021.mp4&#8243; bg_video_ogv=&#8221;https:\/\/www.groupeidec.com\/wp-content\/uploads\/2021\/01\/video-header-homepage-janvier-2021.ogv&#8221; kswr_row_top_decor_enabled=&#8221;false&#8221; kswr_row_bottom_decor_enabled=&#8221;false&#8221;][vc_column vertical_content_position=&#8221;middle&#8221;]<h1 class=\"grve-element grve-title grve-align-center grve-h1 grve-increase-heading grve-heading-120\" style=\"\"><span>Let\u2019s create tomorrow\u2019s real estate, together<\/span><\/h1>[\/vc_column][\/vc_row][vc_row padding_top_multiplier=&#8221;2x&#8221; padding_bottom_multiplier=&#8221;4x&#8221; columns_gap=&#8221;60&#8243; kswr_row_top_decor_enabled=&#8221;false&#8221; kswr_row_bottom_decor_enabled=&#8221;false&#8221;][vc_column width=&#8221;1\/3&#8243; tablet_sm_width=&#8221;1&#8243;]<div class=\"grve-element grve-divider grve-animated-item grve-fade-in-up grve-duration-normal grve-align-left\" style=\"padding-bottom: 20px;\" data-delay=\"200\"><span class=\"grve-custom-divider grve-bg-primary-1\" style=\"width: 50px;height: 2px;\"><\/span><\/div><h6 class=\"grve-element grve-title grve-align-left grve-animated-item grve-duration-normal grve-fade-in-up grve-h4\" style=\"\" data-delay=\"400\"><span>Our vision<\/span><\/h6>[vc_column_text css=&#8221;.vc_custom_1623330181828{margin-bottom: 20px !important;}&#8221; animation=&#8221;grve-fade-in-up&#8221; animation_delay=&#8221;600&#8243;]<\/p>\n<p style=\"text-align: justify;\">As a major real-estate player, it is our responsibility to imagine and develop real estate that is different, smarter, connected and sustainable. To achieve this, we integrate in our thinking and in our projects a large amount of innovation in the design of our developments and in the utilisation of specific materials, as well as in the application of innovative energy solutions.<br \/>\nAt the same time, we are firmly committed to supporting innovation through investments and by taking stakes in businesses of all sizes. What they all have in common is that they are directly or indirectly linked to the environment by providing an answer to today\u2019s and tomorrow\u2019s challenges.<\/p>\n<p>[\/vc_column_text][\/vc_column][vc_column width=&#8221;2\/3&#8243; tablet_sm_width=&#8221;1&#8243; clipping_animation=&#8221;clipping-left&#8221; animation_delay=&#8221;800&#8243; css=&#8221;.vc_custom_1622729474576{background-position: center !important;background-repeat: no-repeat !important;background-size: cover !important;}&#8221;]<div class=\"grve-element grve-video\" style=\"\"><iframe loading=\"lazy\" title=\"Create differently | GROUPE IDEC\" width=\"1080\" height=\"608\" src=\"https:\/\/www.youtube.com\/embed\/wp819Vh89Ek?feature=oembed\" frameborder=\"0\" allow=\"accelerometer; autoplay; clipboard-write; encrypted-media; gyroscope; picture-in-picture\" allowfullscreen><\/iframe><\/div>[\/vc_column][\/vc_row][vc_row bg_type=&#8221;image&#8221; bg_image=&#8221;1279&#8243; bg_image_type=&#8221;fixed&#8221; pattern_overlay=&#8221;yes&#8221; padding_top_multiplier=&#8221;2x&#8221; padding_bottom_multiplier=&#8221;2x&#8221; kswr_row_top_decor_enabled=&#8221;false&#8221; kswr_row_bottom_decor_enabled=&#8221;false&#8221;][vc_column width=&#8221;1\/6&#8243; font_color=&#8221;#ffffff&#8221;][\/vc_column][vc_column width=&#8221;2\/3&#8243; heading_color=&#8221;light&#8221; font_color=&#8221;#ffffff&#8221;][vc_column_text]<\/p>\n<h6 style=\"text-align: center;\"><em>\u00ab We must reinvent our approach to each project, whatever its size or technical complexity, in order to take up the challenges posed by the world around us. Our teams strive with passion to anticipate all the technological, environmental and regulatory developments. \u00bb<\/em><\/h6>\n<p style=\"text-align: center;\"><strong>Patrice LAFARGUE<\/strong>, President and Founder of GROUPE IDEC<\/p>\n<p>[\/vc_column_text][\/vc_column][vc_column width=&#8221;1\/6&#8243;][\/vc_column][\/vc_row][vc_row bg_type=&#8221;image&#8221; bg_image=&#8221;313854&#8243; bg_image_type=&#8221;fixed&#8221; pattern_overlay=&#8221;yes&#8221; color_overlay=&#8221;custom&#8221; color_overlay_custom=&#8221;rgba(40,68,81,0.2)&#8221; padding_top_multiplier=&#8221;2x&#8221; columns_gap=&#8221;40&#8243; kswr_row_top_decor_enabled=&#8221;false&#8221; kswr_row_bottom_decor_enabled=&#8221;false&#8221;][vc_column heading_color=&#8221;light&#8221;]<div class=\"grve-element grve-divider grve-animated-item grve-fade-in-up grve-duration-normal grve-align-center\" style=\"padding-bottom: 20px;\" data-delay=\"200\"><span class=\"grve-custom-divider grve-bg-primary-1\" style=\"width: 50px;height: 2px;\"><\/span><\/div><h6 class=\"grve-element grve-title grve-align-center grve-animated-item grve-duration-normal grve-fade-in-up grve-h4\" style=\"margin-bottom: 30px;\" data-delay=\"400\"><span>Concrete actions<\/span><\/h6><div class=\"grve-empty-space\" style=\"height: 20px;\"><\/div>[\/vc_column][\/vc_row][vc_row bg_type=&#8221;image&#8221; bg_image=&#8221;313854&#8243; bg_image_type=&#8221;fixed&#8221; pattern_overlay=&#8221;yes&#8221; color_overlay=&#8221;custom&#8221; color_overlay_custom=&#8221;rgba(40,68,81,0.2)&#8221; padding_top_multiplier=&#8221;&#8221; padding_bottom_multiplier=&#8221;3x&#8221; columns_gap=&#8221;40&#8243; equal_column_height=&#8221;equal-column&#8221; kswr_row_top_decor_enabled=&#8221;false&#8221; kswr_row_bottom_decor_enabled=&#8221;false&#8221;][vc_column width=&#8221;1\/3&#8243; tablet_sm_width=&#8221;1-2&#8243; shadow=&#8221;small&#8221; clipping_animation=&#8221;clipping-left&#8221; animation_delay=&#8221;400&#8243; css=&#8221;.vc_custom_1622729406329{margin-bottom: 40px !important;padding-top: 30px !important;padding-right: 30px !important;padding-bottom: 30px !important;padding-left: 30px !important;background-color: rgba(255,255,255,0.95) !important;*background-color: rgb(255,255,255) !important;border-radius: 5px !important;}&#8221;]<div class=\"grve-element grve-box-icon grve-large grve-top-icon grve-align-left\" style=\"\"><div class=\"grve-wrapper-icon grve-no-shape\" style=\" color: #c4c4c4;\"><i class=\"grve-text-custom vc-oi vc-oi-share\"><\/i><\/div><div class=\"grve-box-content\"><div class=\"grve-box-title-wrapper\"><h4 class=\"grve-box-title grve-h5\">Proposing shared services<\/h4><\/div>  <p class=\"\">By working on the scale of vast spaces, our designers, architects and urban planning experts examine ways of pooling the proposed services. Silo car parks, restaurants, sports halls, cr\u00e8ches, data center, all these infrastructures are designed to be used by the greatest number on the scale of a park. This approach makes it possible to optimise land-use planning and focus on the places for exchanges between the neighbouring organisations in the same living and working area.<\/p><\/div><\/div>[\/vc_column][vc_column width=&#8221;1\/3&#8243; tablet_sm_width=&#8221;1-2&#8243; shadow=&#8221;small&#8221; clipping_animation=&#8221;clipping-down&#8221; animation_delay=&#8221;600&#8243; css=&#8221;.vc_custom_1622729413924{margin-bottom: 40px !important;padding-top: 30px !important;padding-right: 30px !important;padding-bottom: 30px !important;padding-left: 30px !important;background-color: rgba(255,255,255,0.95) !important;*background-color: rgb(255,255,255) !important;border-radius: 5px !important;}&#8221;]<div class=\"grve-element grve-box-icon grve-large grve-top-icon grve-align-left\" style=\"\"><div class=\"grve-wrapper-icon grve-no-shape\" style=\" color: #c4c4c4;\"><i class=\"grve-text-custom vc-oi vc-oi-eye\"><\/i><\/div><div class=\"grve-box-content\"><div class=\"grve-box-title-wrapper\"><h4 class=\"grve-box-title grve-h5\">Anticipating new trends<\/h4><\/div>  <p class=\"\">In addition to this concept of pooling infrastructures &#8211; which we consider to be one of the key principles of the projects we develop &#8211; we anticipate emerging trends to meet the new expectations of the local authorities and businesses, and of the women and men who make them up. Shared offices, co-working spaces, places for recharging electric cars, shared services, bike parks, we integrate all these elements at the heart of our real estate projects.<\/p><\/div><\/div>[\/vc_column][vc_column width=&#8221;1\/3&#8243; tablet_sm_width=&#8221;1-2&#8243; shadow=&#8221;small&#8221; clipping_animation=&#8221;clipping-right&#8221; animation_delay=&#8221;800&#8243; css=&#8221;.vc_custom_1622729420975{margin-bottom: 40px !important;padding-top: 30px !important;padding-right: 30px !important;padding-bottom: 30px !important;padding-left: 30px !important;background-color: rgba(255,255,255,0.9) !important;*background-color: rgb(255,255,255) !important;border-radius: 5px !important;}&#8221;]<div class=\"grve-element grve-box-icon grve-large grve-top-icon grve-align-left\" style=\"\"><div class=\"grve-wrapper-icon grve-no-shape\" style=\" color: #c4c4c4;\"><i class=\"grve-text-custom vc-oi vc-oi-download-cloud\"><\/i><\/div><div class=\"grve-box-content\"><div class=\"grve-box-title-wrapper\"><h4 class=\"grve-box-title grve-h5\">Integrating Data at the service of our projects<\/h4><\/div>  <p class=\"\">The new technologies offer us incredible opportunities for improving our everyday lives. We are already capitalising on the outlets offered by Data to optimise the spaces that we imagine and build from scratch. This results in an improvement in the energy dimension of the infrastructures and buildings that we construct, from production to consumption, not to mention pooling. The services proposed are also more connected and smarter.<\/p><\/div><\/div>[\/vc_column][vc_column width=&#8221;1\/3&#8243; tablet_sm_width=&#8221;1-2&#8243; shadow=&#8221;small&#8221; clipping_animation=&#8221;clipping-left&#8221; animation_delay=&#8221;400&#8243; css=&#8221;.vc_custom_1622729429283{margin-bottom: 40px !important;padding-top: 30px !important;padding-right: 30px !important;padding-bottom: 30px !important;padding-left: 30px !important;background-color: rgba(255,255,255,0.95) !important;*background-color: rgb(255,255,255) !important;border-radius: 5px !important;}&#8221;]<div class=\"grve-element grve-box-icon grve-large grve-top-icon grve-align-left\" style=\"\"><div class=\"grve-wrapper-icon grve-no-shape\" style=\" color: #c4c4c4;\"><i class=\"grve-text-custom vc-oi vc-oi-sun\"><\/i><\/div><div class=\"grve-box-content\"><div class=\"grve-box-title-wrapper\"><h4 class=\"grve-box-title grve-h5\">Using and controlling sustainable resources<\/h4><\/div>  <p class=\"\">We control all the sources of sustainable energy used in the different projects entrusted to us. The green energy that we produce in the spaces that we plan and then develop is for a large part used by the companies and infrastructures they accommodate. Any surplus energy can also be stored locally, or redistributed on the electricity grid<\/p><\/div><\/div>[\/vc_column][vc_column width=&#8221;1\/3&#8243; tablet_sm_width=&#8221;1-2&#8243; shadow=&#8221;small&#8221; clipping_animation=&#8221;clipping-down&#8221; animation_delay=&#8221;600&#8243; css=&#8221;.vc_custom_1622729435739{margin-bottom: 40px !important;padding-top: 30px !important;padding-right: 30px !important;padding-bottom: 30px !important;padding-left: 30px !important;background-color: rgba(255,255,255,0.95) !important;*background-color: rgb(255,255,255) !important;border-radius: 5px !important;}&#8221;]<div class=\"grve-element grve-box-icon grve-large grve-top-icon grve-align-left\" style=\"\"><div class=\"grve-wrapper-icon grve-no-shape\" style=\" color: #c4c4c4;\"><i class=\"grve-text-custom vc-oi vc-oi-split\"><\/i><\/div><div class=\"grve-box-content\"><div class=\"grve-box-title-wrapper\"><h4 class=\"grve-box-title grve-h5\">Imagining pooled autonomous ecosystems<\/h4><\/div>  <p class=\"\">Energy must benefit from the same vision as the infrastructures that we think up for usage pooled at the level of a vast living and working space. Besides its sustainable origin, our energy experts work on sharing the energy produced locally between the buildings in any given zone. This sharing offers significant opportunities for limiting the use of fossil fuels and contributing to creating energy-autonomous areas.<\/p><\/div><\/div>[\/vc_column][vc_column width=&#8221;1\/3&#8243; tablet_sm_width=&#8221;1-2&#8243; shadow=&#8221;small&#8221; clipping_animation=&#8221;clipping-right&#8221; animation_delay=&#8221;800&#8243; css=&#8221;.vc_custom_1622729441932{margin-bottom: 40px !important;padding-top: 30px !important;padding-right: 30px !important;padding-bottom: 30px !important;padding-left: 30px !important;background-color: rgba(255,255,255,0.9) !important;*background-color: rgb(255,255,255) !important;border-radius: 5px !important;}&#8221;]<div class=\"grve-element grve-box-icon grve-large grve-top-icon grve-align-left\" style=\"\"><div class=\"grve-wrapper-icon grve-no-shape\" style=\" color: #c4c4c4;\"><i class=\"grve-text-custom typcn typcn-leaf\"><\/i><\/div><div class=\"grve-box-content\"><div class=\"grve-box-title-wrapper\"><h4 class=\"grve-box-title grve-h5\">Contributing to carbon neutrality and compensation<\/h4><\/div>  <p class=\"\">Through its comprehensive control and management of energy and of construction, GROUPE IDEC anticipates the future regulations in terms of carbon neutrality. By adopting rational development plans, its experts plan ahead for the installation of low carbon-impact constructions.<br \/>\nThe utilisation of bio-sourced materials that enter into a circular-economy model also contributes to achieving this ambitious goal.<\/p><\/div><\/div>[\/vc_column][\/vc_row]<\/p>\n<\/div>","protected":false},"excerpt":{"rendered":"<p>[vc_row heading_color=&#8221;light&#8221; bg_type=&#8221;hosted_video&#8221; bg_image=&#8221;19717&#8243; bg_video_loop=&#8221;no&#8221; color_overlay=&#8221;dark&#8221; opacity_overlay=&#8221;40&#8243; padding_top_multiplier=&#8221;6x&#8221; padding_bottom_multiplier=&#8221;6x&#8221; separator_bottom=&#8221;large-triangle-separator&#8221; separator_bottom_size=&#8221;60px&#8221; font_color=&#8221;#ffffff&#8221; bg_video_webm=&#8221;https:\/\/www.groupeidec.com\/wp-content\/uploads\/2021\/01\/video-header-homepage-janvier-2021.webm&#8221; bg_video_mp4=&#8221;https:\/\/www.groupeidec.com\/wp-content\/uploads\/2021\/01\/video-header-homepage-janvier-2021.mp4&#8243; bg_video_ogv=&#8221;https:\/\/www.groupeidec.com\/wp-content\/uploads\/2021\/01\/video-header-homepage-janvier-2021.ogv&#8221; kswr_row_top_decor_enabled=&#8221;false&#8221; kswr_row_bottom_decor_enabled=&#8221;false&#8221;][vc_column vertical_content_position=&#8221;middle&#8221;][\/vc_column][\/vc_row][vc_row padding_top_multiplier=&#8221;2x&#8221; padding_bottom_multiplier=&#8221;4x&#8221; columns_gap=&#8221;60&#8243; kswr_row_top_decor_enabled=&#8221;false&#8221; kswr_row_bottom_decor_enabled=&#8221;false&#8221;][vc_column width=&#8221;1\/3&#8243; tablet_sm_width=&#8221;1&#8243;][vc_column_text css=&#8221;.vc_custom_1623330181828{margin-bottom: 20px !important;}&#8221; animation=&#8221;grve-fade-in-up&#8221; animation_delay=&#8221;600&#8243;] As a major real-estate player, it is our responsibility to imagine and develop real estate that is different, smarter, connected and sustainable. To achieve this, [&hellip;]<\/p>\n","protected":false},"author":1,"featured_media":19718,"parent":0,"menu_order":0,"comment_status":"closed","ping_status":"closed","template":"","meta":{"inline_featured_image":false,"footnotes":""},"class_list":["post-315391","page","type-page","status-publish","has-post-thumbnail","hentry"],"yoast_head":"<!-- This site is optimized with the Yoast SEO plugin v27.2 - https:\/\/yoast.com\/product\/yoast-seo-wordpress\/ -->\n<title>A different perception of real estate | GROUPE IDEC<\/title>\n<meta name=\"description\" content=\"As a major real-estate player, it is our responsibility to imagine and develop real estate that is different, smarter, connected and sustainable. To achieve this, we integrate in our thinking and in our projects a large amount of innovation in the design of our developments and in the utilisation of specific materials, as well as in the application of innovative energy solutions.\" \/>\n<meta name=\"robots\" content=\"index, follow, max-snippet:-1, max-image-preview:large, max-video-preview:-1\" \/>\n<link rel=\"canonical\" href=\"https:\/\/www.groupeidec.com\/en\/a-different-perception-of-real-estate\/\" \/>\n<meta property=\"og:locale\" content=\"en_US\" \/>\n<meta property=\"og:type\" content=\"article\" \/>\n<meta property=\"og:title\" content=\"A different perception of real estate | GROUPE IDEC\" \/>\n<meta property=\"og:description\" content=\"As a major real-estate player, it is our responsibility to imagine and develop real estate that is different, smarter, connected and sustainable. To achieve this, we integrate in our thinking and in our projects a large amount of innovation in the design of our developments and in the utilisation of specific materials, as well as in the application of innovative energy solutions.\" \/>\n<meta property=\"og:url\" content=\"https:\/\/www.groupeidec.com\/en\/a-different-perception-of-real-estate\/\" \/>\n<meta property=\"og:site_name\" content=\"GROUPE IDEC\" \/>\n<meta property=\"article:publisher\" content=\"https:\/\/www.facebook.com\/groupeidec\/\" \/>\n<meta property=\"article:modified_time\" content=\"2025-06-24T17:06:43+00:00\" \/>\n<meta property=\"og:image\" content=\"https:\/\/www.groupeidec.com\/wp-content\/uploads\/2018\/12\/Groupe-IDEC-header_01.jpg\" \/>\n\t<meta property=\"og:image:width\" content=\"1640\" \/>\n\t<meta property=\"og:image:height\" content=\"923\" \/>\n\t<meta property=\"og:image:type\" content=\"image\/jpeg\" \/>\n<meta name=\"twitter:card\" content=\"summary_large_image\" \/>\n<meta name=\"twitter:label1\" content=\"Est. reading time\" \/>\n\t<meta name=\"twitter:data1\" content=\"8 minutes\" \/>\n<script type=\"application\/ld+json\" class=\"yoast-schema-graph\">{\"@context\":\"https:\/\/schema.org\",\"@graph\":[{\"@type\":\"WebPage\",\"@id\":\"https:\/\/www.groupeidec.com\/en\/a-different-perception-of-real-estate\/\",\"url\":\"https:\/\/www.groupeidec.com\/en\/a-different-perception-of-real-estate\/\",\"name\":\"A different perception of real estate | GROUPE IDEC\",\"isPartOf\":{\"@id\":\"https:\/\/www.groupeidec.com\/en\/#website\"},\"primaryImageOfPage\":{\"@id\":\"https:\/\/www.groupeidec.com\/en\/a-different-perception-of-real-estate\/#primaryimage\"},\"image\":{\"@id\":\"https:\/\/www.groupeidec.com\/en\/a-different-perception-of-real-estate\/#primaryimage\"},\"thumbnailUrl\":\"https:\/\/www.groupeidec.com\/wp-content\/uploads\/2018\/12\/Groupe-IDEC-header_01.jpg\",\"datePublished\":\"2021-05-02T06:48:07+00:00\",\"dateModified\":\"2025-06-24T17:06:43+00:00\",\"description\":\"As a major real-estate player, it is our responsibility to imagine and develop real estate that is different, smarter, connected and sustainable. To achieve this, we integrate in our thinking and in our projects a large amount of innovation in the design of our developments and in the utilisation of specific materials, as well as in the application of innovative energy solutions.\",\"breadcrumb\":{\"@id\":\"https:\/\/www.groupeidec.com\/en\/a-different-perception-of-real-estate\/#breadcrumb\"},\"inLanguage\":\"en-US\",\"potentialAction\":[{\"@type\":\"ReadAction\",\"target\":[\"https:\/\/www.groupeidec.com\/en\/a-different-perception-of-real-estate\/\"]}]},{\"@type\":\"ImageObject\",\"inLanguage\":\"en-US\",\"@id\":\"https:\/\/www.groupeidec.com\/en\/a-different-perception-of-real-estate\/#primaryimage\",\"url\":\"https:\/\/www.groupeidec.com\/wp-content\/uploads\/2018\/12\/Groupe-IDEC-header_01.jpg\",\"contentUrl\":\"https:\/\/www.groupeidec.com\/wp-content\/uploads\/2018\/12\/Groupe-IDEC-header_01.jpg\",\"width\":1640,\"height\":923},{\"@type\":\"BreadcrumbList\",\"@id\":\"https:\/\/www.groupeidec.com\/en\/a-different-perception-of-real-estate\/#breadcrumb\",\"itemListElement\":[{\"@type\":\"ListItem\",\"position\":1,\"name\":\"Accueil\",\"item\":\"https:\/\/www.groupeidec.com\/en\/\"},{\"@type\":\"ListItem\",\"position\":2,\"name\":\"A different perception of real estate\"}]},{\"@type\":\"WebSite\",\"@id\":\"https:\/\/www.groupeidec.com\/en\/#website\",\"url\":\"https:\/\/www.groupeidec.com\/en\/\",\"name\":\"GROUPE IDEC\",\"description\":\"A la fois am\u00e9nageur, promoteur, investisseur et concepteur-constructeur cl\u00e9 en main, le GROUPE IDEC est l&#039;un des rares acteurs globaux du march\u00e9 immobilier fran\u00e7ais, pr\u00e9sent sur tous ces m\u00e9tiers.\",\"potentialAction\":[{\"@type\":\"SearchAction\",\"target\":{\"@type\":\"EntryPoint\",\"urlTemplate\":\"https:\/\/www.groupeidec.com\/en\/?s={search_term_string}\"},\"query-input\":{\"@type\":\"PropertyValueSpecification\",\"valueRequired\":true,\"valueName\":\"search_term_string\"}}],\"inLanguage\":\"en-US\"}]}<\/script>\n<!-- \/ Yoast SEO plugin. -->","yoast_head_json":{"title":"A different perception of real estate | GROUPE IDEC","description":"As a major real-estate player, it is our responsibility to imagine and develop real estate that is different, smarter, connected and sustainable. To achieve this, we integrate in our thinking and in our projects a large amount of innovation in the design of our developments and in the utilisation of specific materials, as well as in the application of innovative energy solutions.","robots":{"index":"index","follow":"follow","max-snippet":"max-snippet:-1","max-image-preview":"max-image-preview:large","max-video-preview":"max-video-preview:-1"},"canonical":"https:\/\/www.groupeidec.com\/en\/a-different-perception-of-real-estate\/","og_locale":"en_US","og_type":"article","og_title":"A different perception of real estate | GROUPE IDEC","og_description":"As a major real-estate player, it is our responsibility to imagine and develop real estate that is different, smarter, connected and sustainable. To achieve this, we integrate in our thinking and in our projects a large amount of innovation in the design of our developments and in the utilisation of specific materials, as well as in the application of innovative energy solutions.","og_url":"https:\/\/www.groupeidec.com\/en\/a-different-perception-of-real-estate\/","og_site_name":"GROUPE IDEC","article_publisher":"https:\/\/www.facebook.com\/groupeidec\/","article_modified_time":"2025-06-24T17:06:43+00:00","og_image":[{"width":1640,"height":923,"url":"https:\/\/www.groupeidec.com\/wp-content\/uploads\/2018\/12\/Groupe-IDEC-header_01.jpg","type":"image\/jpeg"}],"twitter_card":"summary_large_image","twitter_misc":{"Est. reading time":"8 minutes"},"schema":{"@context":"https:\/\/schema.org","@graph":[{"@type":"WebPage","@id":"https:\/\/www.groupeidec.com\/en\/a-different-perception-of-real-estate\/","url":"https:\/\/www.groupeidec.com\/en\/a-different-perception-of-real-estate\/","name":"A different perception of real estate | GROUPE IDEC","isPartOf":{"@id":"https:\/\/www.groupeidec.com\/en\/#website"},"primaryImageOfPage":{"@id":"https:\/\/www.groupeidec.com\/en\/a-different-perception-of-real-estate\/#primaryimage"},"image":{"@id":"https:\/\/www.groupeidec.com\/en\/a-different-perception-of-real-estate\/#primaryimage"},"thumbnailUrl":"https:\/\/www.groupeidec.com\/wp-content\/uploads\/2018\/12\/Groupe-IDEC-header_01.jpg","datePublished":"2021-05-02T06:48:07+00:00","dateModified":"2025-06-24T17:06:43+00:00","description":"As a major real-estate player, it is our responsibility to imagine and develop real estate that is different, smarter, connected and sustainable. To achieve this, we integrate in our thinking and in our projects a large amount of innovation in the design of our developments and in the utilisation of specific materials, as well as in the application of innovative energy solutions.","breadcrumb":{"@id":"https:\/\/www.groupeidec.com\/en\/a-different-perception-of-real-estate\/#breadcrumb"},"inLanguage":"en-US","potentialAction":[{"@type":"ReadAction","target":["https:\/\/www.groupeidec.com\/en\/a-different-perception-of-real-estate\/"]}]},{"@type":"ImageObject","inLanguage":"en-US","@id":"https:\/\/www.groupeidec.com\/en\/a-different-perception-of-real-estate\/#primaryimage","url":"https:\/\/www.groupeidec.com\/wp-content\/uploads\/2018\/12\/Groupe-IDEC-header_01.jpg","contentUrl":"https:\/\/www.groupeidec.com\/wp-content\/uploads\/2018\/12\/Groupe-IDEC-header_01.jpg","width":1640,"height":923},{"@type":"BreadcrumbList","@id":"https:\/\/www.groupeidec.com\/en\/a-different-perception-of-real-estate\/#breadcrumb","itemListElement":[{"@type":"ListItem","position":1,"name":"Accueil","item":"https:\/\/www.groupeidec.com\/en\/"},{"@type":"ListItem","position":2,"name":"A different perception of real estate"}]},{"@type":"WebSite","@id":"https:\/\/www.groupeidec.com\/en\/#website","url":"https:\/\/www.groupeidec.com\/en\/","name":"GROUPE IDEC","description":"A la fois am\u00e9nageur, promoteur, investisseur et concepteur-constructeur cl\u00e9 en main, le GROUPE IDEC est l&#039;un des rares acteurs globaux du march\u00e9 immobilier fran\u00e7ais, pr\u00e9sent sur tous ces m\u00e9tiers.","potentialAction":[{"@type":"SearchAction","target":{"@type":"EntryPoint","urlTemplate":"https:\/\/www.groupeidec.com\/en\/?s={search_term_string}"},"query-input":{"@type":"PropertyValueSpecification","valueRequired":true,"valueName":"search_term_string"}}],"inLanguage":"en-US"}]}},"_links":{"self":[{"href":"https:\/\/www.groupeidec.com\/en\/wp-json\/wp\/v2\/pages\/315391","targetHints":{"allow":["GET"]}}],"collection":[{"href":"https:\/\/www.groupeidec.com\/en\/wp-json\/wp\/v2\/pages"}],"about":[{"href":"https:\/\/www.groupeidec.com\/en\/wp-json\/wp\/v2\/types\/page"}],"author":[{"embeddable":true,"href":"https:\/\/www.groupeidec.com\/en\/wp-json\/wp\/v2\/users\/1"}],"replies":[{"embeddable":true,"href":"https:\/\/www.groupeidec.com\/en\/wp-json\/wp\/v2\/comments?post=315391"}],"version-history":[{"count":8,"href":"https:\/\/www.groupeidec.com\/en\/wp-json\/wp\/v2\/pages\/315391\/revisions"}],"predecessor-version":[{"id":326174,"href":"https:\/\/www.groupeidec.com\/en\/wp-json\/wp\/v2\/pages\/315391\/revisions\/326174"}],"wp:featuredmedia":[{"embeddable":true,"href":"https:\/\/www.groupeidec.com\/en\/wp-json\/wp\/v2\/media\/19718"}],"wp:attachment":[{"href":"https:\/\/www.groupeidec.com\/en\/wp-json\/wp\/v2\/media?parent=315391"}],"curies":[{"name":"wp","href":"https:\/\/api.w.org\/{rel}","templated":true}]}}