{"id":315456,"date":"2021-05-06T10:51:10","date_gmt":"2021-05-06T08:51:10","guid":{"rendered":"https:\/\/www.groupeidec.com\/faire-grandir-les-hommes\/"},"modified":"2021-07-12T11:38:31","modified_gmt":"2021-07-12T09:38:31","slug":"helping-people-to-grow","status":"publish","type":"page","link":"https:\/\/www.groupeidec.com\/en\/helping-people-to-grow\/","title":{"rendered":"Helping people to grow"},"content":{"rendered":"<div class=\"wpb-content-wrapper\"><p>[vc_row heading_color=&#8221;light&#8221; bg_type=&#8221;hosted_video&#8221; bg_image=&#8221;19828&#8243; bg_video_loop=&#8221;no&#8221; color_overlay=&#8221;dark&#8221; opacity_overlay=&#8221;40&#8243; padding_top_multiplier=&#8221;6x&#8221; padding_bottom_multiplier=&#8221;6x&#8221; separator_bottom=&#8221;large-triangle-separator&#8221; separator_bottom_size=&#8221;60px&#8221; font_color=&#8221;#ffffff&#8221; kswr_row_top_decor_enabled=&#8221;false&#8221; kswr_row_bottom_decor_enabled=&#8221;false&#8221; bg_video_webm=&#8221;https:\/\/www.groupeidec.com\/wp-content\/uploads\/2018\/12\/Video-header-Nos-Valeurs-groupe-idec.webm&#8221; bg_video_mp4=&#8221;https:\/\/www.groupeidec.com\/wp-content\/uploads\/2018\/12\/Video-header-Nos-Valeurs-groupe-idec.mp4&#8243; bg_video_ogv=&#8221;https:\/\/www.groupeidec.com\/wp-content\/uploads\/2018\/12\/Video-header-Nos-Valeurs-groupe-idec.ogv&#8221;][vc_column vertical_content_position=&#8221;middle&#8221;]<h1 class=\"grve-element grve-title grve-align-center grve-h1 grve-increase-heading grve-heading-120\" style=\"\"><span>Helping people to grow<\/span><\/h1>[\/vc_column][\/vc_row][vc_row padding_top_multiplier=&#8221;2x&#8221; padding_bottom_multiplier=&#8221;3x&#8221; columns_gap=&#8221;60&#8243; equal_column_height=&#8221;middle-content&#8221; tablet_landscape_equal_column_height=&#8221;false&#8221; tablet_portrait_equal_column_height=&#8221;false&#8221; mobile_equal_column_height=&#8221;false&#8221; kswr_row_top_decor_enabled=&#8221;false&#8221; kswr_row_bottom_decor_enabled=&#8221;false&#8221;][vc_column width=&#8221;1\/3&#8243; tablet_sm_width=&#8221;1-2&#8243;]<div class=\"grve-element grve-divider grve-animated-item grve-fade-in-up grve-duration-normal grve-align-left\" style=\"padding-bottom: 20px;\" data-delay=\"200\"><span class=\"grve-custom-divider grve-bg-primary-1\" style=\"width: 50px;height: 2px;\"><\/span><\/div><h2 class=\"grve-element grve-title grve-align-left grve-animated-item grve-duration-normal grve-fade-in-up grve-h4\" style=\"\" data-delay=\"400\"><span>A committed school-company relationship<\/span><\/h2>[vc_column_text animation=&#8221;grve-fade-in-up&#8221; animation_delay=&#8221;600&#8243;]<\/p>\n<p style=\"text-align: justify;\">Ever since the group was created we have always counted on young people to meet our development and growth ambitions. By establishing close ties with a number of schools (INSA, IUT Bourges, Lyc\u00e9e GAUDIER BRZESKA, \u2026), we contribute to training the new talent that will make it possible to build tomorrow\u2019s real estate projects. This strategy can be seen in practice with the arrival of around one hundred interns and apprentices each year, a large number of whom stay with us on completion of their studies, and with the creation of large-scale university projects.<\/p>\n<p>[\/vc_column_text][\/vc_column][vc_column width=&#8221;2\/3&#8243; tablet_sm_width=&#8221;1-2&#8243; clipping_animation=&#8221;clipping-left&#8221; animation_delay=&#8221;800&#8243; css=&#8221;.vc_custom_1622791791149{background-position: center !important;background-repeat: no-repeat !important;background-size: cover !important;}&#8221;]<div class=\"grve-element grve-image grve-align-center grve-full-image grve-image-space-100\" style=\"\">  <div class=\"grve-image-wrapper\"><img loading=\"lazy\" decoding=\"async\" width=\"1024\" height=\"640\" src=\"https:\/\/www.groupeidec.com\/wp-content\/uploads\/2021\/05\/insa-1024x640-1.jpg\" class=\"attachment-full size-full\" alt=\"\" srcset=\"https:\/\/www.groupeidec.com\/wp-content\/uploads\/2021\/05\/insa-1024x640-1.jpg 1024w, https:\/\/www.groupeidec.com\/wp-content\/uploads\/2021\/05\/insa-1024x640-1-300x188.jpg 300w, https:\/\/www.groupeidec.com\/wp-content\/uploads\/2021\/05\/insa-1024x640-1-768x480.jpg 768w\" sizes=\"auto, (max-width: 1024px) 100vw, 1024px\" \/>   <\/div><\/div>[\/vc_column][\/vc_row][vc_row bg_type=&#8221;image&#8221; bg_image=&#8221;1279&#8243; bg_image_type=&#8221;fixed&#8221; pattern_overlay=&#8221;yes&#8221; padding_top_multiplier=&#8221;2x&#8221; padding_bottom_multiplier=&#8221;2x&#8221; kswr_row_top_decor_enabled=&#8221;false&#8221; kswr_row_bottom_decor_enabled=&#8221;false&#8221;][vc_column width=&#8221;1\/6&#8243; font_color=&#8221;#ffffff&#8221;][\/vc_column][vc_column width=&#8221;2\/3&#8243; heading_color=&#8221;light&#8221; font_color=&#8221;#ffffff&#8221;][vc_column_text]<\/p>\n<h6 style=\"text-align: center;\"><em>\u00ab GROUPE IDEC has based its development on societal, environmental and economic commitments. We are also aware of the need to offer our staff the best possible working surroundings and conditions to allow them to express all their talent, daring and passion to the full. \u00bb<\/em><\/h6>\n<p style=\"text-align: center;\"><strong>Patrice GAYE<\/strong>, Head of Human Resources<\/p>\n<p>[\/vc_column_text][\/vc_column][vc_column width=&#8221;1\/6&#8243;][\/vc_column][\/vc_row][vc_row section_type=&#8221;fullwidth&#8221; bg_type=&#8221;image&#8221; bg_image=&#8221;315166&#8243; bg_image_type=&#8221;fixed&#8221; padding_top_multiplier=&#8221;&#8221; padding_bottom_multiplier=&#8221;&#8221; columns_gap=&#8221;none&#8221; equal_column_height=&#8221;middle-content&#8221; tablet_portrait_equal_column_height=&#8221;false&#8221; mobile_equal_column_height=&#8221;false&#8221; kswr_row_top_decor_enabled=&#8221;false&#8221; kswr_row_bottom_decor_enabled=&#8221;false&#8221;][vc_column width=&#8221;1\/2&#8243; heading_color=&#8221;light&#8221; animation_delay=&#8221;800&#8243; font_color=&#8221;#ffffff&#8221;][\/vc_column][vc_column width=&#8221;1\/2&#8243; css=&#8221;.vc_custom_1621344715362{padding-top: 5% !important;padding-right: 10% !important;padding-bottom: 5% !important;padding-left: 10% !important;background-color: rgba(255,255,255,0.8) !important;*background-color: rgb(255,255,255) !important;}&#8221;]<div class=\"grve-empty-space grve-height-4x\" style=\"\"><\/div><div class=\"grve-element grve-divider grve-animated-item grve-fade-in-up grve-duration-normal grve-align-left\" style=\"padding-bottom: 20px;\" data-delay=\"200\"><span class=\"grve-custom-divider grve-bg-primary-1\" style=\"width: 50px;height: 2px;\"><\/span><\/div><h2 class=\"grve-element grve-title grve-align-left grve-animated-item grve-duration-normal grve-fade-in-up grve-h4\" style=\"\" data-delay=\"400\"><span>Training, our priority<\/span><\/h2>[vc_column_text animation=&#8221;grve-fade-in-up&#8221; animation_delay=&#8221;600&#8243;]<\/p>\n<p style=\"text-align: justify;\">In order to guarantee our staff\u2019s wellbeing and ensure they are in a position to express all their talent to the full under the best possible conditions, we put an ambitious training plan in place each year. With more than 400 people trained in two years and nearly 7,000 hours of teaching provided, we have contributed, with partner organisations, to taking up the challenges of developing our teams\u2019 skills, notably in terms of management, technical training and raising awareness around the subject of risk prevention.<\/p>\n<p>[\/vc_column_text]<div class=\"grve-empty-space grve-height-4x\" style=\"\"><\/div>[\/vc_column][\/vc_row][vc_row padding_top_multiplier=&#8221;2x&#8221; padding_bottom_multiplier=&#8221;3x&#8221; columns_gap=&#8221;60&#8243; equal_column_height=&#8221;middle-content&#8221; tablet_landscape_equal_column_height=&#8221;false&#8221; tablet_portrait_equal_column_height=&#8221;false&#8221; mobile_equal_column_height=&#8221;false&#8221; kswr_row_top_decor_enabled=&#8221;false&#8221; kswr_row_bottom_decor_enabled=&#8221;false&#8221;][vc_column width=&#8221;1\/3&#8243; tablet_sm_width=&#8221;1-2&#8243;]<div class=\"grve-element grve-divider grve-animated-item grve-fade-in-up grve-duration-normal grve-align-left\" style=\"padding-bottom: 20px;\" data-delay=\"200\"><span class=\"grve-custom-divider grve-bg-primary-1\" style=\"width: 50px;height: 2px;\"><\/span><\/div><h2 class=\"grve-element grve-title grve-align-left grve-animated-item grve-duration-normal grve-fade-in-up grve-h4\" style=\"\" data-delay=\"400\"><span>A Group committed to disability-related initiatives<\/span><\/h2>[vc_column_text animation=&#8221;grve-fade-in-up&#8221; animation_delay=&#8221;600&#8243; css=&#8221;.vc_custom_1623398892857{margin-bottom: 20px !important;}&#8221;]<\/p>\n<p style=\"text-align: justify;\">We are committed to the integration of staff with disabilities. More than ever, we believe in the positive impact of such a choice to give everyone a certain degree of open-mindedness and a sense of caring. Our disability policy covers three major areas: the appointment of a disability reference contact, communication with the staff and numerous initiatives to help people stay in employment and to hire people with disabilities.<\/p>\n<p>[\/vc_column_text][\/vc_column][vc_column width=&#8221;2\/3&#8243; tablet_sm_width=&#8221;1-2&#8243; clipping_animation=&#8221;clipping-left&#8221; animation_delay=&#8221;800&#8243; css=&#8221;.vc_custom_1622791781735{background-position: center !important;background-repeat: no-repeat !important;background-size: cover !important;}&#8221;]<div class=\"grve-element grve-image grve-align-center grve-full-image grve-image-space-100\" style=\"\">  <div class=\"grve-image-wrapper\"><img loading=\"lazy\" decoding=\"async\" width=\"1024\" height=\"600\" src=\"https:\/\/www.groupeidec.com\/wp-content\/uploads\/2021\/06\/christine-handicap-grid-1024x600-1.jpg\" class=\"attachment-full size-full\" alt=\"\" srcset=\"https:\/\/www.groupeidec.com\/wp-content\/uploads\/2021\/06\/christine-handicap-grid-1024x600-1.jpg 1024w, https:\/\/www.groupeidec.com\/wp-content\/uploads\/2021\/06\/christine-handicap-grid-1024x600-1-300x176.jpg 300w, https:\/\/www.groupeidec.com\/wp-content\/uploads\/2021\/06\/christine-handicap-grid-1024x600-1-768x450.jpg 768w\" sizes=\"auto, (max-width: 1024px) 100vw, 1024px\" \/>   <\/div><\/div>[\/vc_column][\/vc_row][vc_row bg_type=&#8221;image&#8221; bg_image=&#8221;255165&#8243; bg_image_type=&#8221;fixed&#8221; padding_top_multiplier=&#8221;2x&#8221; padding_bottom_multiplier=&#8221;custom&#8221; padding_bottom=&#8221;40px&#8221;][vc_column heading_color=&#8221;light&#8221; text_align=&#8221;center&#8221;]<h2 class=\"grve-element grve-title grve-align-center grve-h4\" style=\"margin-bottom: 30px;\"><span>GROUPE IDEC IS HIRING: join a world of enthusiasts!<\/span><\/h2><div class=\"grve-element grve-align-center dinline\"><a href=\"https:\/\/www.groupeidec.com\/en\/pourquoi-nous-rejoindre\/\" class=\"grve-btn grve-btn-small grve-square grve-bg-white grve-bg-hover-black\" style=\"margin-bottom: 20px;\"><span>Why join us?<\/span><\/a><\/div><div class=\"grve-element grve-align-center dinline\"><a href=\"\/offres\/\" class=\"grve-btn grve-btn-small grve-square grve-bg-white grve-bg-hover-black grve-btn-line\" style=\"margin-bottom: 20px;\"><span>Consult our job opportunities<\/span><\/a><\/div>[\/vc_column][\/vc_row]<\/p>\n<\/div>","protected":false},"excerpt":{"rendered":"<p>[vc_row heading_color=&#8221;light&#8221; bg_type=&#8221;hosted_video&#8221; bg_image=&#8221;19828&#8243; bg_video_loop=&#8221;no&#8221; color_overlay=&#8221;dark&#8221; opacity_overlay=&#8221;40&#8243; padding_top_multiplier=&#8221;6x&#8221; padding_bottom_multiplier=&#8221;6x&#8221; separator_bottom=&#8221;large-triangle-separator&#8221; separator_bottom_size=&#8221;60px&#8221; font_color=&#8221;#ffffff&#8221; kswr_row_top_decor_enabled=&#8221;false&#8221; kswr_row_bottom_decor_enabled=&#8221;false&#8221; bg_video_webm=&#8221;https:\/\/www.groupeidec.com\/wp-content\/uploads\/2018\/12\/Video-header-Nos-Valeurs-groupe-idec.webm&#8221; bg_video_mp4=&#8221;https:\/\/www.groupeidec.com\/wp-content\/uploads\/2018\/12\/Video-header-Nos-Valeurs-groupe-idec.mp4&#8243; bg_video_ogv=&#8221;https:\/\/www.groupeidec.com\/wp-content\/uploads\/2018\/12\/Video-header-Nos-Valeurs-groupe-idec.ogv&#8221;][vc_column vertical_content_position=&#8221;middle&#8221;][\/vc_column][\/vc_row][vc_row padding_top_multiplier=&#8221;2x&#8221; padding_bottom_multiplier=&#8221;3x&#8221; columns_gap=&#8221;60&#8243; equal_column_height=&#8221;middle-content&#8221; tablet_landscape_equal_column_height=&#8221;false&#8221; tablet_portrait_equal_column_height=&#8221;false&#8221; mobile_equal_column_height=&#8221;false&#8221; kswr_row_top_decor_enabled=&#8221;false&#8221; kswr_row_bottom_decor_enabled=&#8221;false&#8221;][vc_column width=&#8221;1\/3&#8243; tablet_sm_width=&#8221;1-2&#8243;][vc_column_text animation=&#8221;grve-fade-in-up&#8221; animation_delay=&#8221;600&#8243;] Ever since the group was created we have always counted on young people to meet our development and growth ambitions. By establishing close ties [&hellip;]<\/p>\n","protected":false},"author":1,"featured_media":19718,"parent":0,"menu_order":0,"comment_status":"closed","ping_status":"closed","template":"","meta":{"inline_featured_image":false,"footnotes":""},"class_list":["post-315456","page","type-page","status-publish","has-post-thumbnail","hentry"],"yoast_head":"<!-- This site is optimized with the Yoast SEO plugin v27.4 - https:\/\/yoast.com\/product\/yoast-seo-wordpress\/ -->\n<title>Helping people to grow | GROUPE IDEC<\/title>\n<meta name=\"robots\" content=\"index, follow, max-snippet:-1, max-image-preview:large, max-video-preview:-1\" \/>\n<link rel=\"canonical\" href=\"https:\/\/www.groupeidec.com\/en\/helping-people-to-grow\/\" \/>\n<meta property=\"og:locale\" content=\"en_US\" \/>\n<meta property=\"og:type\" content=\"article\" \/>\n<meta property=\"og:title\" content=\"Helping people to grow | GROUPE IDEC\" \/>\n<meta property=\"og:description\" content=\"[vc_row heading_color=&#8221;light&#8221; bg_type=&#8221;hosted_video&#8221; bg_image=&#8221;19828&#8243; bg_video_loop=&#8221;no&#8221; color_overlay=&#8221;dark&#8221; opacity_overlay=&#8221;40&#8243; padding_top_multiplier=&#8221;6x&#8221; padding_bottom_multiplier=&#8221;6x&#8221; separator_bottom=&#8221;large-triangle-separator&#8221; separator_bottom_size=&#8221;60px&#8221; font_color=&#8221;#ffffff&#8221; kswr_row_top_decor_enabled=&#8221;false&#8221; kswr_row_bottom_decor_enabled=&#8221;false&#8221; bg_video_webm=&#8221;https:\/\/www.groupeidec.com\/wp-content\/uploads\/2018\/12\/Video-header-Nos-Valeurs-groupe-idec.webm&#8221; bg_video_mp4=&#8221;https:\/\/www.groupeidec.com\/wp-content\/uploads\/2018\/12\/Video-header-Nos-Valeurs-groupe-idec.mp4&#8243; bg_video_ogv=&#8221;https:\/\/www.groupeidec.com\/wp-content\/uploads\/2018\/12\/Video-header-Nos-Valeurs-groupe-idec.ogv&#8221;][vc_column vertical_content_position=&#8221;middle&#8221;][\/vc_column][\/vc_row][vc_row padding_top_multiplier=&#8221;2x&#8221; padding_bottom_multiplier=&#8221;3x&#8221; columns_gap=&#8221;60&#8243; equal_column_height=&#8221;middle-content&#8221; tablet_landscape_equal_column_height=&#8221;false&#8221; tablet_portrait_equal_column_height=&#8221;false&#8221; mobile_equal_column_height=&#8221;false&#8221; kswr_row_top_decor_enabled=&#8221;false&#8221; kswr_row_bottom_decor_enabled=&#8221;false&#8221;][vc_column width=&#8221;1\/3&#8243; tablet_sm_width=&#8221;1-2&#8243;][vc_column_text animation=&#8221;grve-fade-in-up&#8221; animation_delay=&#8221;600&#8243;] Ever since the group was created we have always counted on young people to meet our development and growth ambitions. By establishing close ties [&hellip;]\" \/>\n<meta property=\"og:url\" content=\"https:\/\/www.groupeidec.com\/en\/helping-people-to-grow\/\" \/>\n<meta property=\"og:site_name\" content=\"GROUPE IDEC\" \/>\n<meta property=\"article:publisher\" content=\"https:\/\/www.facebook.com\/groupeidec\/\" \/>\n<meta property=\"article:modified_time\" content=\"2021-07-12T09:38:31+00:00\" \/>\n<meta property=\"og:image\" content=\"https:\/\/www.groupeidec.com\/wp-content\/uploads\/2018\/12\/Groupe-IDEC-header_01.jpg\" \/>\n\t<meta property=\"og:image:width\" content=\"1640\" \/>\n\t<meta property=\"og:image:height\" content=\"923\" \/>\n\t<meta property=\"og:image:type\" content=\"image\/jpeg\" \/>\n<meta name=\"twitter:card\" content=\"summary_large_image\" \/>\n<meta name=\"twitter:label1\" content=\"Est. reading time\" \/>\n\t<meta name=\"twitter:data1\" content=\"3 minutes\" \/>\n<script type=\"application\/ld+json\" class=\"yoast-schema-graph\">{\"@context\":\"https:\\\/\\\/schema.org\",\"@graph\":[{\"@type\":\"WebPage\",\"@id\":\"https:\\\/\\\/www.groupeidec.com\\\/en\\\/helping-people-to-grow\\\/\",\"url\":\"https:\\\/\\\/www.groupeidec.com\\\/en\\\/helping-people-to-grow\\\/\",\"name\":\"Helping people to grow | GROUPE IDEC\",\"isPartOf\":{\"@id\":\"https:\\\/\\\/www.groupeidec.com\\\/en\\\/#website\"},\"primaryImageOfPage\":{\"@id\":\"https:\\\/\\\/www.groupeidec.com\\\/en\\\/helping-people-to-grow\\\/#primaryimage\"},\"image\":{\"@id\":\"https:\\\/\\\/www.groupeidec.com\\\/en\\\/helping-people-to-grow\\\/#primaryimage\"},\"thumbnailUrl\":\"https:\\\/\\\/www.groupeidec.com\\\/wp-content\\\/uploads\\\/2018\\\/12\\\/Groupe-IDEC-header_01.jpg\",\"datePublished\":\"2021-05-06T08:51:10+00:00\",\"dateModified\":\"2021-07-12T09:38:31+00:00\",\"breadcrumb\":{\"@id\":\"https:\\\/\\\/www.groupeidec.com\\\/en\\\/helping-people-to-grow\\\/#breadcrumb\"},\"inLanguage\":\"en-US\",\"potentialAction\":[{\"@type\":\"ReadAction\",\"target\":[\"https:\\\/\\\/www.groupeidec.com\\\/en\\\/helping-people-to-grow\\\/\"]}]},{\"@type\":\"ImageObject\",\"inLanguage\":\"en-US\",\"@id\":\"https:\\\/\\\/www.groupeidec.com\\\/en\\\/helping-people-to-grow\\\/#primaryimage\",\"url\":\"https:\\\/\\\/www.groupeidec.com\\\/wp-content\\\/uploads\\\/2018\\\/12\\\/Groupe-IDEC-header_01.jpg\",\"contentUrl\":\"https:\\\/\\\/www.groupeidec.com\\\/wp-content\\\/uploads\\\/2018\\\/12\\\/Groupe-IDEC-header_01.jpg\",\"width\":1640,\"height\":923},{\"@type\":\"BreadcrumbList\",\"@id\":\"https:\\\/\\\/www.groupeidec.com\\\/en\\\/helping-people-to-grow\\\/#breadcrumb\",\"itemListElement\":[{\"@type\":\"ListItem\",\"position\":1,\"name\":\"Accueil\",\"item\":\"https:\\\/\\\/www.groupeidec.com\\\/en\\\/\"},{\"@type\":\"ListItem\",\"position\":2,\"name\":\"Helping people to grow\"}]},{\"@type\":\"WebSite\",\"@id\":\"https:\\\/\\\/www.groupeidec.com\\\/en\\\/#website\",\"url\":\"https:\\\/\\\/www.groupeidec.com\\\/en\\\/\",\"name\":\"GROUPE IDEC\",\"description\":\"A la fois am\u00e9nageur, promoteur, investisseur et concepteur-constructeur cl\u00e9 en main, le GROUPE IDEC est l&#039;un des rares acteurs globaux du march\u00e9 immobilier fran\u00e7ais, pr\u00e9sent sur tous ces m\u00e9tiers.\",\"potentialAction\":[{\"@type\":\"SearchAction\",\"target\":{\"@type\":\"EntryPoint\",\"urlTemplate\":\"https:\\\/\\\/www.groupeidec.com\\\/en\\\/?s={search_term_string}\"},\"query-input\":{\"@type\":\"PropertyValueSpecification\",\"valueRequired\":true,\"valueName\":\"search_term_string\"}}],\"inLanguage\":\"en-US\"}]}<\/script>\n<!-- \/ Yoast SEO plugin. -->","yoast_head_json":{"title":"Helping people to grow | GROUPE IDEC","robots":{"index":"index","follow":"follow","max-snippet":"max-snippet:-1","max-image-preview":"max-image-preview:large","max-video-preview":"max-video-preview:-1"},"canonical":"https:\/\/www.groupeidec.com\/en\/helping-people-to-grow\/","og_locale":"en_US","og_type":"article","og_title":"Helping people to grow | GROUPE IDEC","og_description":"[vc_row heading_color=&#8221;light&#8221; bg_type=&#8221;hosted_video&#8221; bg_image=&#8221;19828&#8243; bg_video_loop=&#8221;no&#8221; color_overlay=&#8221;dark&#8221; opacity_overlay=&#8221;40&#8243; padding_top_multiplier=&#8221;6x&#8221; padding_bottom_multiplier=&#8221;6x&#8221; separator_bottom=&#8221;large-triangle-separator&#8221; separator_bottom_size=&#8221;60px&#8221; font_color=&#8221;#ffffff&#8221; kswr_row_top_decor_enabled=&#8221;false&#8221; kswr_row_bottom_decor_enabled=&#8221;false&#8221; bg_video_webm=&#8221;https:\/\/www.groupeidec.com\/wp-content\/uploads\/2018\/12\/Video-header-Nos-Valeurs-groupe-idec.webm&#8221; bg_video_mp4=&#8221;https:\/\/www.groupeidec.com\/wp-content\/uploads\/2018\/12\/Video-header-Nos-Valeurs-groupe-idec.mp4&#8243; bg_video_ogv=&#8221;https:\/\/www.groupeidec.com\/wp-content\/uploads\/2018\/12\/Video-header-Nos-Valeurs-groupe-idec.ogv&#8221;][vc_column vertical_content_position=&#8221;middle&#8221;][\/vc_column][\/vc_row][vc_row padding_top_multiplier=&#8221;2x&#8221; padding_bottom_multiplier=&#8221;3x&#8221; columns_gap=&#8221;60&#8243; equal_column_height=&#8221;middle-content&#8221; tablet_landscape_equal_column_height=&#8221;false&#8221; tablet_portrait_equal_column_height=&#8221;false&#8221; mobile_equal_column_height=&#8221;false&#8221; kswr_row_top_decor_enabled=&#8221;false&#8221; kswr_row_bottom_decor_enabled=&#8221;false&#8221;][vc_column width=&#8221;1\/3&#8243; tablet_sm_width=&#8221;1-2&#8243;][vc_column_text animation=&#8221;grve-fade-in-up&#8221; animation_delay=&#8221;600&#8243;] Ever since the group was created we have always counted on young people to meet our development and growth ambitions. By establishing close ties [&hellip;]","og_url":"https:\/\/www.groupeidec.com\/en\/helping-people-to-grow\/","og_site_name":"GROUPE IDEC","article_publisher":"https:\/\/www.facebook.com\/groupeidec\/","article_modified_time":"2021-07-12T09:38:31+00:00","og_image":[{"width":1640,"height":923,"url":"https:\/\/www.groupeidec.com\/wp-content\/uploads\/2018\/12\/Groupe-IDEC-header_01.jpg","type":"image\/jpeg"}],"twitter_card":"summary_large_image","twitter_misc":{"Est. reading time":"3 minutes"},"schema":{"@context":"https:\/\/schema.org","@graph":[{"@type":"WebPage","@id":"https:\/\/www.groupeidec.com\/en\/helping-people-to-grow\/","url":"https:\/\/www.groupeidec.com\/en\/helping-people-to-grow\/","name":"Helping people to grow | GROUPE IDEC","isPartOf":{"@id":"https:\/\/www.groupeidec.com\/en\/#website"},"primaryImageOfPage":{"@id":"https:\/\/www.groupeidec.com\/en\/helping-people-to-grow\/#primaryimage"},"image":{"@id":"https:\/\/www.groupeidec.com\/en\/helping-people-to-grow\/#primaryimage"},"thumbnailUrl":"https:\/\/www.groupeidec.com\/wp-content\/uploads\/2018\/12\/Groupe-IDEC-header_01.jpg","datePublished":"2021-05-06T08:51:10+00:00","dateModified":"2021-07-12T09:38:31+00:00","breadcrumb":{"@id":"https:\/\/www.groupeidec.com\/en\/helping-people-to-grow\/#breadcrumb"},"inLanguage":"en-US","potentialAction":[{"@type":"ReadAction","target":["https:\/\/www.groupeidec.com\/en\/helping-people-to-grow\/"]}]},{"@type":"ImageObject","inLanguage":"en-US","@id":"https:\/\/www.groupeidec.com\/en\/helping-people-to-grow\/#primaryimage","url":"https:\/\/www.groupeidec.com\/wp-content\/uploads\/2018\/12\/Groupe-IDEC-header_01.jpg","contentUrl":"https:\/\/www.groupeidec.com\/wp-content\/uploads\/2018\/12\/Groupe-IDEC-header_01.jpg","width":1640,"height":923},{"@type":"BreadcrumbList","@id":"https:\/\/www.groupeidec.com\/en\/helping-people-to-grow\/#breadcrumb","itemListElement":[{"@type":"ListItem","position":1,"name":"Accueil","item":"https:\/\/www.groupeidec.com\/en\/"},{"@type":"ListItem","position":2,"name":"Helping people to grow"}]},{"@type":"WebSite","@id":"https:\/\/www.groupeidec.com\/en\/#website","url":"https:\/\/www.groupeidec.com\/en\/","name":"GROUPE IDEC","description":"A la fois am\u00e9nageur, promoteur, investisseur et concepteur-constructeur cl\u00e9 en main, le GROUPE IDEC est l&#039;un des rares acteurs globaux du march\u00e9 immobilier fran\u00e7ais, pr\u00e9sent sur tous ces m\u00e9tiers.","potentialAction":[{"@type":"SearchAction","target":{"@type":"EntryPoint","urlTemplate":"https:\/\/www.groupeidec.com\/en\/?s={search_term_string}"},"query-input":{"@type":"PropertyValueSpecification","valueRequired":true,"valueName":"search_term_string"}}],"inLanguage":"en-US"}]}},"_links":{"self":[{"href":"https:\/\/www.groupeidec.com\/en\/wp-json\/wp\/v2\/pages\/315456","targetHints":{"allow":["GET"]}}],"collection":[{"href":"https:\/\/www.groupeidec.com\/en\/wp-json\/wp\/v2\/pages"}],"about":[{"href":"https:\/\/www.groupeidec.com\/en\/wp-json\/wp\/v2\/types\/page"}],"author":[{"embeddable":true,"href":"https:\/\/www.groupeidec.com\/en\/wp-json\/wp\/v2\/users\/1"}],"replies":[{"embeddable":true,"href":"https:\/\/www.groupeidec.com\/en\/wp-json\/wp\/v2\/comments?post=315456"}],"version-history":[{"count":10,"href":"https:\/\/www.groupeidec.com\/en\/wp-json\/wp\/v2\/pages\/315456\/revisions"}],"predecessor-version":[{"id":316189,"href":"https:\/\/www.groupeidec.com\/en\/wp-json\/wp\/v2\/pages\/315456\/revisions\/316189"}],"wp:featuredmedia":[{"embeddable":true,"href":"https:\/\/www.groupeidec.com\/en\/wp-json\/wp\/v2\/media\/19718"}],"wp:attachment":[{"href":"https:\/\/www.groupeidec.com\/en\/wp-json\/wp\/v2\/media?parent=315456"}],"curies":[{"name":"wp","href":"https:\/\/api.w.org\/{rel}","templated":true}]}}