{"id":326258,"date":"2024-03-27T10:36:46","date_gmt":"2024-03-27T09:36:46","guid":{"rendered":"https:\/\/www.groupeidec.com\/investissement-innovation\/"},"modified":"2025-06-25T11:35:39","modified_gmt":"2025-06-25T09:35:39","slug":"investment-in-innovation","status":"publish","type":"page","link":"https:\/\/www.groupeidec.com\/en\/investment-in-innovation\/","title":{"rendered":"Investment in innovation"},"content":{"rendered":"<div class=\"wpb-content-wrapper\"><p>[vc_row heading_color=&#8221;light&#8221; bg_type=&#8221;hosted_video&#8221; bg_image=&#8221;320524&#8243; bg_video_loop=&#8221;no&#8221; opacity_overlay=&#8221;40&#8243; padding_top_multiplier=&#8221;6x&#8221; padding_bottom_multiplier=&#8221;6x&#8221; separator_bottom=&#8221;large-triangle-separator&#8221; separator_bottom_size=&#8221;60px&#8221; font_color=&#8221;#ffffff&#8221; kswr_row_top_decor_enabled=&#8221;false&#8221; kswr_row_bottom_decor_enabled=&#8221;false&#8221; bg_video_mp4=&#8221;https:\/\/www.groupeidec.com\/wp-content\/uploads\/2023\/05\/montage_ambiance_invest_innovation_web2.mp4&#8243;][vc_column vertical_content_position=&#8221;middle&#8221;]<h1 class=\"grve-element grve-title grve-align-center grve-h1 grve-increase-heading grve-heading-120\" style=\"\"><span>Investment in innovation<\/span><\/h1>[\/vc_column][\/vc_row][vc_row][vc_column][vc_column_text]<span><span><a href=\"https:\/\/www.groupeidec.com\/en\/\">Accueil<\/a><\/span><\/span>[\/vc_column_text][\/vc_column][\/vc_row][vc_row bg_type=&#8221;gradient&#8221; bg_gradient_color_1=&#8221;#FFFFFF&#8221; bg_gradient_color_2=&#8221;#F4F4F4&#8243; bg_gradient_direction=&#8221;180&#8243; padding_top_multiplier=&#8221;2x&#8221; padding_bottom_multiplier=&#8221;4x&#8221; columns_gap=&#8221;60&#8243; kswr_row_top_decor_enabled=&#8221;false&#8221; kswr_row_bottom_decor_enabled=&#8221;false&#8221;][vc_column width=&#8221;1\/2&#8243;]<div class=\"grve-element grve-divider grve-align-left\" style=\"padding-bottom: 20px;\"><span class=\"grve-custom-divider grve-bg-primary-1\" style=\"width: 50px;height: 2px;\"><\/span><\/div><h2 class=\"grve-element grve-title grve-align-left grve-h4\" style=\"\"><span>GROUPE IDEC INVEST\u00a0Innovation, a pillar for investing in innovative solutions<\/span><\/h2>[vc_column_text css=&#8221;.vc_custom_1750843064160{margin-bottom: 15px !important;}&#8221; animation_delay=&#8221;600&#8243; el_class=&#8221;liste-perso-fleche txt-justif&#8221;]A subsidiary of the GROUPE IDEC, GROUPE IDEC INVEST Innovation represents an investment fund of the IDEC Group. Our purpose and mission? To support startups that accelerate innovative solutions focused on:<\/p>\n<ul>\n<li>Green energy.<\/li>\n<li>Decarbonizing your buildings.<\/li>\n<li>Developing innovative technologies.<\/li>\n<\/ul>\n<p>As an investor in innovation, we offer companies comprehensive support and financial resources to fuel their growth. Through capital and stake investments, as well as technical, commercial, and financial support in these emerging companies, we demonstrate our commitment to an ecological and energy transition to our clients and partners.<\/p>\n<p>In addition to our advisory, promotional, and real estate expert roles in the design\/construction of future infrastructure, our innovation investment fund helps translate ideas into industrialized solutions.<\/p>\n<p>As Patrice Lafargue, president and founder of the IDEC Group, announced, \u201cWe quickly became aware of the challenges of carbon neutrality and energy transition linked to our activity and yours.\u201d[\/vc_column_text]<div class=\"grve-empty-space\" style=\"height: 15px;\"><\/div><div class=\"grve-element grve-align-left\"><a href=\"\/en\/contact\/\" class=\"grve-btn grve-btn-medium grve-square grve-bg-primary-1 grve-bg-hover-black grve-btn-line\"><span>&gt; Contact us<\/span><\/a><\/div>[\/vc_column][vc_column width=&#8221;1\/2&#8243; animation_delay=&#8221;800&#8243; css=&#8221;.vc_custom_1711453057503{margin-top: 0px !important;margin-bottom: 0px !important;}&#8221;]<div class=\"grve-element grve-video\" style=\"\"><iframe loading=\"lazy\" title=\"INVESTOR IN INNOVATION | IDEC GROUP&#039;s business lines\" width=\"1080\" height=\"608\" src=\"https:\/\/www.youtube.com\/embed\/OOpJUvUEvHQ?feature=oembed\" frameborder=\"0\" allow=\"accelerometer; autoplay; clipboard-write; encrypted-media; gyroscope; picture-in-picture; web-share\" referrerpolicy=\"strict-origin-when-cross-origin\" allowfullscreen><\/iframe><\/div>[\/vc_column][\/vc_row][vc_row padding_top_multiplier=&#8221;3x&#8221; padding_bottom_multiplier=&#8221;3x&#8221; columns_gap=&#8221;60&#8243; kswr_row_top_decor_enabled=&#8221;false&#8221; kswr_row_bottom_decor_enabled=&#8221;false&#8221;][vc_column width=&#8221;1\/2&#8243; animation_delay=&#8221;800&#8243; css=&#8221;.vc_custom_1712130547266{margin-top: 0px !important;margin-bottom: 0px !important;}&#8221;]<div class=\"grve-element grve-video\" style=\"\"><iframe loading=\"lazy\" title=\"GROUPE IDEC | Karine VERNIER, INNOENERGY (FR)\" width=\"1080\" height=\"608\" src=\"https:\/\/www.youtube.com\/embed\/Xx2aLJ3sKzI?feature=oembed\" frameborder=\"0\" allow=\"accelerometer; autoplay; clipboard-write; encrypted-media; gyroscope; picture-in-picture; web-share\" referrerpolicy=\"strict-origin-when-cross-origin\" allowfullscreen><\/iframe><\/div><div class=\"grve-empty-space\" style=\"height: 15px;\"><\/div>[vc_column_text css=&#8221;.vc_custom_1750843183304{margin-bottom: 10px !important;}&#8221; animation_delay=&#8221;600&#8243; el_class=&#8221;liste-perso-fleche txt-justif&#8221;]<em>Discussions with <strong>Karine VERNIER<\/strong> \/ Managing Director EIT INNOENERGY<\/em>[\/vc_column_text][\/vc_column][vc_column vertical_content_position=&#8221;middle&#8221; width=&#8221;1\/2&#8243;]<div class=\"grve-empty-space\" style=\"height: 15px;\"><\/div><div class=\"grve-element grve-divider grve-align-left\" style=\"padding-bottom: 20px;\"><span class=\"grve-custom-divider grve-bg-primary-1\" style=\"width: 50px;height: 2px;\"><\/span><\/div><h2 class=\"grve-element grve-title grve-align-left grve-h4\" style=\"\"><span>Staying ahead of the curve in innovation<\/span><\/h2>[vc_column_text css=&#8221;.vc_custom_1750843240979{margin-bottom: 10px !important;}&#8221; animation_delay=&#8221;600&#8243; el_class=&#8221;liste-perso-fleche txt-justif&#8221;]Launched in 2021 by an equity investment in EIT INNOENERGY, a major player in the incubation and development of innovative solutions, the GROUPE IDEC INVEST Innovation Fund now brings together more than 25 startups that stand out in areas related to the energy transition and innovative technologies.<br \/>\nAll investments made by the GROUPE IDEC Investment Fund are aligned with key fundamentals that aim to provide clear visibility into their development plan, position themselves in a sector of interest to the group, its subsidiaries, and its customers, and generate business potential through real estate projects or joint developments.[\/vc_column_text]<div class=\"grve-empty-space\" style=\"height: 15px;\"><\/div>[\/vc_column][\/vc_row][vc_row section_type=&#8221;fullwidth&#8221; bg_type=&#8221;image&#8221; bg_image=&#8221;324814&#8243; bg_image_type=&#8221;fixed&#8221; opacity_overlay=&#8221;80&#8243; padding_top_multiplier=&#8221;&#8221; padding_bottom_multiplier=&#8221;&#8221; columns_gap=&#8221;none&#8221; equal_column_height=&#8221;middle-content&#8221; mobile_equal_column_height=&#8221;false&#8221;][vc_column width=&#8221;1\/2&#8243; mobile_width=&#8221;hide&#8221; clipping_animation=&#8221;clipping-right&#8221;][\/vc_column][vc_column width=&#8221;1\/2&#8243; css=&#8221;.vc_custom_1710320811981{padding-top: 8% !important;padding-right: 5% !important;padding-bottom: 8% !important;padding-left: 5% !important;background-color: rgba(255,255,255,0.9) !important;*background-color: rgb(255,255,255) !important;}&#8221; el_class=&#8221;pave-content-right&#8221; font_color=&#8221;#0a0a0a&#8221;]<div class=\"grve-empty-space\" style=\"height: 32px;\"><\/div><div class=\"grve-element grve-divider grve-align-left\" style=\"padding-bottom: 0px;\"><span class=\"grve-custom-divider grve-bg-primary-1\" style=\"width: 50px;height: 2px;\"><\/span><\/div><h2 class=\"grve-element grve-title grve-align-left grve-h4\" style=\"\"><span><br>\n<p style=\"text-align: left;\">Our investment process to support innovation<br>\n<\/span><\/h2>[vc_column_text css=&#8221;&#8221; animation_delay=&#8221;600&#8243; el_class=&#8221;liste-perso-nbre txt-justif&#8221;]Thanks to the financial strength of the IDEC Group and the support of our financial partners, we provide innovative startups with our strong investment capacity and unwavering commitment.<br \/>\nDiscover the key steps in the process followed by our subsidiary GROUPE IDEC INVEST Innovation:<\/p>\n<ol>\n<li><strong>Investment in the startup&#8217;s capital<\/strong> during the seed or acceleration phase: your innovation investor takes an equity stake in your organization and provides new capital.<\/li>\n<li><strong>Technical support<\/strong>: In addition to our financial investment, we are actively involved in the operational development of these promising companies (assistance with product development, improvement of production processes, integration of new technologies).<\/li>\n<li><strong>Commercial and financial support<\/strong>: your innovation investor guarantees a contribution of financial resources for the initial development or evolution of each startup. It also helps increase their presence in their own market.<\/li>\n<li><strong>Support in industrial production<\/strong>: setting up the production line, product quality control, logistics, and procurement.<\/li>\n<li><strong>Real estate and industrial expertise<\/strong>: finding land suited to the startup&#8217;s needs, including accessibility, suitable location, respect for biodiversity, and designing production spaces to optimize production, safety, and energy efficiency.<\/li>\n<li><strong>Promotion of solutions<\/strong>: GROUPE IDEC INVEST Innovation&#8217;s role is to improve startups&#8217; products or services and facilitate their access to certain distribution networks or specific markets to boost their growth.<\/li>\n<\/ol>\n<p>[\/vc_column_text]<div class=\"grve-empty-space\" style=\"height: 32px;\"><\/div>[\/vc_column][\/vc_row][vc_row padding_top_multiplier=&#8221;4x&#8221; padding_bottom_multiplier=&#8221;4x&#8221; columns_gap=&#8221;60&#8243; equal_column_height=&#8221;equal-column&#8221; mobile_equal_column_height=&#8221;false&#8221; kswr_row_top_decor_enabled=&#8221;false&#8221; kswr_row_bottom_decor_enabled=&#8221;false&#8221;][vc_column width=&#8221;1\/2&#8243;]<div class=\"grve-element grve-divider grve-align-left\" style=\"padding-bottom: 20px;\"><span class=\"grve-custom-divider grve-bg-primary-1\" style=\"width: 50px;height: 2px;\"><\/span><\/div><h2 class=\"grve-element grve-title grve-align-left grve-h4\" style=\"\"><span>GROUPE IDEC INVEST Innovation, the expert in investment for innovation<\/span><\/h2>[vc_column_text css=&#8221;.vc_custom_1750843404165{margin-bottom: 15px !important;}&#8221; animation_delay=&#8221;600&#8243; el_class=&#8221;liste-perso-nbre txt-justif&#8221;]IDEC INVEST GROUP Innovation has, to date, supported 15 startups, investing \u20ac45 million.<\/p>\n<p>Our investment fund is structured around four main areas:<\/p>\n<ol>\n<li>Green hydrogen, from production to distribution.<\/li>\n<li>Photovoltaic technologies.<\/li>\n<li>Energy storage solutions.<\/li>\n<li>Solutions for carbon-free mobility.<\/li>\n<\/ol>\n<p>[\/vc_column_text]<div class=\"grve-empty-space\" style=\"height: 15px;\"><\/div><div class=\"grve-element grve-align-left\"><a href=\"\/en\/contact\/\" class=\"grve-btn grve-btn-medium grve-square grve-bg-primary-1 grve-bg-hover-black grve-btn-line\"><span>&gt; Contact us<\/span><\/a><\/div>[\/vc_column][vc_column width=&#8221;1\/2&#8243; animation_delay=&#8221;800&#8243; css=&#8221;.vc_custom_1711531044793{margin-top: 0px !important;margin-bottom: 0px !important;background-image: url(https:\/\/www.groupeidec.com\/wp-content\/uploads\/2024\/03\/etapes-cles_1280x720.jpg?id=324151) !important;background-position: center !important;background-repeat: no-repeat !important;background-size: cover !important;}&#8221;]<div class=\"grve-empty-space\" style=\"height: 250px;\"><\/div>[\/vc_column][\/vc_row]<\/p>\n<\/div>","protected":false},"excerpt":{"rendered":"<p>[vc_row heading_color=&#8221;light&#8221; bg_type=&#8221;hosted_video&#8221; bg_image=&#8221;320524&#8243; bg_video_loop=&#8221;no&#8221; opacity_overlay=&#8221;40&#8243; padding_top_multiplier=&#8221;6x&#8221; padding_bottom_multiplier=&#8221;6x&#8221; separator_bottom=&#8221;large-triangle-separator&#8221; separator_bottom_size=&#8221;60px&#8221; font_color=&#8221;#ffffff&#8221; kswr_row_top_decor_enabled=&#8221;false&#8221; kswr_row_bottom_decor_enabled=&#8221;false&#8221; bg_video_mp4=&#8221;https:\/\/www.groupeidec.com\/wp-content\/uploads\/2023\/05\/montage_ambiance_invest_innovation_web2.mp4&#8243;][vc_column vertical_content_position=&#8221;middle&#8221;][\/vc_column][\/vc_row][vc_row][vc_column][vc_column_text][\/vc_column_text][\/vc_column][\/vc_row][vc_row bg_type=&#8221;gradient&#8221; bg_gradient_color_1=&#8221;#FFFFFF&#8221; bg_gradient_color_2=&#8221;#F4F4F4&#8243; bg_gradient_direction=&#8221;180&#8243; padding_top_multiplier=&#8221;2x&#8221; padding_bottom_multiplier=&#8221;4x&#8221; columns_gap=&#8221;60&#8243; kswr_row_top_decor_enabled=&#8221;false&#8221; kswr_row_bottom_decor_enabled=&#8221;false&#8221;][vc_column width=&#8221;1\/2&#8243;][vc_column_text css=&#8221;.vc_custom_1750843064160{margin-bottom: 15px !important;}&#8221; animation_delay=&#8221;600&#8243; el_class=&#8221;liste-perso-fleche txt-justif&#8221;]A subsidiary of the GROUPE IDEC, GROUPE IDEC INVEST Innovation represents an investment fund of the IDEC Group. Our purpose and mission? To support startups [&hellip;]<\/p>\n","protected":false},"author":1,"featured_media":323893,"parent":0,"menu_order":0,"comment_status":"closed","ping_status":"closed","template":"","meta":{"inline_featured_image":false,"footnotes":""},"class_list":["post-326258","page","type-page","status-publish","has-post-thumbnail","hentry"],"yoast_head":"<!-- This site is optimized with the Yoast SEO plugin v27.4 - https:\/\/yoast.com\/product\/yoast-seo-wordpress\/ -->\n<title>Invest &amp; Innovate with GROUPE IDEC<\/title>\n<meta name=\"description\" content=\"Do you have an innovative energy-related project? The GROUPE IDEC invests in promising projects and helps you boost your growth.\" \/>\n<meta name=\"robots\" content=\"index, follow, max-snippet:-1, max-image-preview:large, max-video-preview:-1\" \/>\n<link rel=\"canonical\" href=\"https:\/\/www.groupeidec.com\/en\/investment-in-innovation\/\" \/>\n<meta property=\"og:locale\" content=\"en_US\" \/>\n<meta property=\"og:type\" content=\"article\" \/>\n<meta property=\"og:title\" content=\"Invest &amp; Innovate with GROUPE IDEC\" \/>\n<meta property=\"og:description\" content=\"Do you have an innovative energy-related project? The GROUPE IDEC invests in promising projects and helps you boost your growth.\" \/>\n<meta property=\"og:url\" content=\"https:\/\/www.groupeidec.com\/en\/investment-in-innovation\/\" \/>\n<meta property=\"og:site_name\" content=\"GROUPE IDEC\" \/>\n<meta property=\"article:publisher\" content=\"https:\/\/www.facebook.com\/groupeidec\/\" \/>\n<meta property=\"article:modified_time\" content=\"2025-06-25T09:35:39+00:00\" \/>\n<meta property=\"og:image\" content=\"https:\/\/www.groupeidec.com\/wp-content\/uploads\/2024\/03\/constructeur-usine-microelectronique_verkor_768x516.jpg\" \/>\n\t<meta property=\"og:image:width\" content=\"768\" \/>\n\t<meta property=\"og:image:height\" content=\"516\" \/>\n\t<meta property=\"og:image:type\" content=\"image\/jpeg\" \/>\n<meta name=\"twitter:card\" content=\"summary_large_image\" \/>\n<meta name=\"twitter:label1\" content=\"Est. reading time\" \/>\n\t<meta name=\"twitter:data1\" content=\"5 minutes\" \/>\n<script type=\"application\/ld+json\" class=\"yoast-schema-graph\">{\"@context\":\"https:\\\/\\\/schema.org\",\"@graph\":[{\"@type\":\"WebPage\",\"@id\":\"https:\\\/\\\/www.groupeidec.com\\\/en\\\/investment-in-innovation\\\/\",\"url\":\"https:\\\/\\\/www.groupeidec.com\\\/en\\\/investment-in-innovation\\\/\",\"name\":\"Invest & Innovate with GROUPE IDEC\",\"isPartOf\":{\"@id\":\"https:\\\/\\\/www.groupeidec.com\\\/en\\\/#website\"},\"primaryImageOfPage\":{\"@id\":\"https:\\\/\\\/www.groupeidec.com\\\/en\\\/investment-in-innovation\\\/#primaryimage\"},\"image\":{\"@id\":\"https:\\\/\\\/www.groupeidec.com\\\/en\\\/investment-in-innovation\\\/#primaryimage\"},\"thumbnailUrl\":\"https:\\\/\\\/www.groupeidec.com\\\/wp-content\\\/uploads\\\/2024\\\/03\\\/constructeur-usine-microelectronique_verkor_768x516.jpg\",\"datePublished\":\"2024-03-27T09:36:46+00:00\",\"dateModified\":\"2025-06-25T09:35:39+00:00\",\"description\":\"Do you have an innovative energy-related project? The GROUPE IDEC invests in promising projects and helps you boost your growth.\",\"breadcrumb\":{\"@id\":\"https:\\\/\\\/www.groupeidec.com\\\/en\\\/investment-in-innovation\\\/#breadcrumb\"},\"inLanguage\":\"en-US\",\"potentialAction\":[{\"@type\":\"ReadAction\",\"target\":[\"https:\\\/\\\/www.groupeidec.com\\\/en\\\/investment-in-innovation\\\/\"]}]},{\"@type\":\"ImageObject\",\"inLanguage\":\"en-US\",\"@id\":\"https:\\\/\\\/www.groupeidec.com\\\/en\\\/investment-in-innovation\\\/#primaryimage\",\"url\":\"https:\\\/\\\/www.groupeidec.com\\\/wp-content\\\/uploads\\\/2024\\\/03\\\/constructeur-usine-microelectronique_verkor_768x516.jpg\",\"contentUrl\":\"https:\\\/\\\/www.groupeidec.com\\\/wp-content\\\/uploads\\\/2024\\\/03\\\/constructeur-usine-microelectronique_verkor_768x516.jpg\",\"width\":768,\"height\":516,\"caption\":\"Constructeur usine micro\u00e9lectronique Verkor\"},{\"@type\":\"BreadcrumbList\",\"@id\":\"https:\\\/\\\/www.groupeidec.com\\\/en\\\/investment-in-innovation\\\/#breadcrumb\",\"itemListElement\":[{\"@type\":\"ListItem\",\"position\":1,\"name\":\"Accueil\",\"item\":\"https:\\\/\\\/www.groupeidec.com\\\/en\\\/\"},{\"@type\":\"ListItem\",\"position\":2,\"name\":\"Investment in innovation\"}]},{\"@type\":\"WebSite\",\"@id\":\"https:\\\/\\\/www.groupeidec.com\\\/en\\\/#website\",\"url\":\"https:\\\/\\\/www.groupeidec.com\\\/en\\\/\",\"name\":\"GROUPE IDEC\",\"description\":\"A la fois am\u00e9nageur, promoteur, investisseur et concepteur-constructeur cl\u00e9 en main, le GROUPE IDEC est l&#039;un des rares acteurs globaux du march\u00e9 immobilier fran\u00e7ais, pr\u00e9sent sur tous ces m\u00e9tiers.\",\"potentialAction\":[{\"@type\":\"SearchAction\",\"target\":{\"@type\":\"EntryPoint\",\"urlTemplate\":\"https:\\\/\\\/www.groupeidec.com\\\/en\\\/?s={search_term_string}\"},\"query-input\":{\"@type\":\"PropertyValueSpecification\",\"valueRequired\":true,\"valueName\":\"search_term_string\"}}],\"inLanguage\":\"en-US\"}]}<\/script>\n<!-- \/ Yoast SEO plugin. -->","yoast_head_json":{"title":"Invest & Innovate with GROUPE IDEC","description":"Do you have an innovative energy-related project? The GROUPE IDEC invests in promising projects and helps you boost your growth.","robots":{"index":"index","follow":"follow","max-snippet":"max-snippet:-1","max-image-preview":"max-image-preview:large","max-video-preview":"max-video-preview:-1"},"canonical":"https:\/\/www.groupeidec.com\/en\/investment-in-innovation\/","og_locale":"en_US","og_type":"article","og_title":"Invest & Innovate with GROUPE IDEC","og_description":"Do you have an innovative energy-related project? The GROUPE IDEC invests in promising projects and helps you boost your growth.","og_url":"https:\/\/www.groupeidec.com\/en\/investment-in-innovation\/","og_site_name":"GROUPE IDEC","article_publisher":"https:\/\/www.facebook.com\/groupeidec\/","article_modified_time":"2025-06-25T09:35:39+00:00","og_image":[{"width":768,"height":516,"url":"https:\/\/www.groupeidec.com\/wp-content\/uploads\/2024\/03\/constructeur-usine-microelectronique_verkor_768x516.jpg","type":"image\/jpeg"}],"twitter_card":"summary_large_image","twitter_misc":{"Est. reading time":"5 minutes"},"schema":{"@context":"https:\/\/schema.org","@graph":[{"@type":"WebPage","@id":"https:\/\/www.groupeidec.com\/en\/investment-in-innovation\/","url":"https:\/\/www.groupeidec.com\/en\/investment-in-innovation\/","name":"Invest & Innovate with GROUPE IDEC","isPartOf":{"@id":"https:\/\/www.groupeidec.com\/en\/#website"},"primaryImageOfPage":{"@id":"https:\/\/www.groupeidec.com\/en\/investment-in-innovation\/#primaryimage"},"image":{"@id":"https:\/\/www.groupeidec.com\/en\/investment-in-innovation\/#primaryimage"},"thumbnailUrl":"https:\/\/www.groupeidec.com\/wp-content\/uploads\/2024\/03\/constructeur-usine-microelectronique_verkor_768x516.jpg","datePublished":"2024-03-27T09:36:46+00:00","dateModified":"2025-06-25T09:35:39+00:00","description":"Do you have an innovative energy-related project? The GROUPE IDEC invests in promising projects and helps you boost your growth.","breadcrumb":{"@id":"https:\/\/www.groupeidec.com\/en\/investment-in-innovation\/#breadcrumb"},"inLanguage":"en-US","potentialAction":[{"@type":"ReadAction","target":["https:\/\/www.groupeidec.com\/en\/investment-in-innovation\/"]}]},{"@type":"ImageObject","inLanguage":"en-US","@id":"https:\/\/www.groupeidec.com\/en\/investment-in-innovation\/#primaryimage","url":"https:\/\/www.groupeidec.com\/wp-content\/uploads\/2024\/03\/constructeur-usine-microelectronique_verkor_768x516.jpg","contentUrl":"https:\/\/www.groupeidec.com\/wp-content\/uploads\/2024\/03\/constructeur-usine-microelectronique_verkor_768x516.jpg","width":768,"height":516,"caption":"Constructeur usine micro\u00e9lectronique Verkor"},{"@type":"BreadcrumbList","@id":"https:\/\/www.groupeidec.com\/en\/investment-in-innovation\/#breadcrumb","itemListElement":[{"@type":"ListItem","position":1,"name":"Accueil","item":"https:\/\/www.groupeidec.com\/en\/"},{"@type":"ListItem","position":2,"name":"Investment in innovation"}]},{"@type":"WebSite","@id":"https:\/\/www.groupeidec.com\/en\/#website","url":"https:\/\/www.groupeidec.com\/en\/","name":"GROUPE IDEC","description":"A la fois am\u00e9nageur, promoteur, investisseur et concepteur-constructeur cl\u00e9 en main, le GROUPE IDEC est l&#039;un des rares acteurs globaux du march\u00e9 immobilier fran\u00e7ais, pr\u00e9sent sur tous ces m\u00e9tiers.","potentialAction":[{"@type":"SearchAction","target":{"@type":"EntryPoint","urlTemplate":"https:\/\/www.groupeidec.com\/en\/?s={search_term_string}"},"query-input":{"@type":"PropertyValueSpecification","valueRequired":true,"valueName":"search_term_string"}}],"inLanguage":"en-US"}]}},"_links":{"self":[{"href":"https:\/\/www.groupeidec.com\/en\/wp-json\/wp\/v2\/pages\/326258","targetHints":{"allow":["GET"]}}],"collection":[{"href":"https:\/\/www.groupeidec.com\/en\/wp-json\/wp\/v2\/pages"}],"about":[{"href":"https:\/\/www.groupeidec.com\/en\/wp-json\/wp\/v2\/types\/page"}],"author":[{"embeddable":true,"href":"https:\/\/www.groupeidec.com\/en\/wp-json\/wp\/v2\/users\/1"}],"replies":[{"embeddable":true,"href":"https:\/\/www.groupeidec.com\/en\/wp-json\/wp\/v2\/comments?post=326258"}],"version-history":[{"count":5,"href":"https:\/\/www.groupeidec.com\/en\/wp-json\/wp\/v2\/pages\/326258\/revisions"}],"predecessor-version":[{"id":326275,"href":"https:\/\/www.groupeidec.com\/en\/wp-json\/wp\/v2\/pages\/326258\/revisions\/326275"}],"wp:featuredmedia":[{"embeddable":true,"href":"https:\/\/www.groupeidec.com\/en\/wp-json\/wp\/v2\/media\/323893"}],"wp:attachment":[{"href":"https:\/\/www.groupeidec.com\/en\/wp-json\/wp\/v2\/media?parent=326258"}],"curies":[{"name":"wp","href":"https:\/\/api.w.org\/{rel}","templated":true}]}}