{"id":43939,"date":"2019-01-14T12:31:08","date_gmt":"2019-01-14T11:31:08","guid":{"rendered":"https:\/\/www.groupeidec.com\/essais-views-toolset\/"},"modified":"2019-01-14T13:49:16","modified_gmt":"2019-01-14T12:49:16","slug":"essais-views-toolset","status":"publish","type":"page","link":"https:\/\/www.groupeidec.com\/en\/essais-views-toolset\/","title":{"rendered":"Essais views Toolset"},"content":{"rendered":"<div class=\"wpb-content-wrapper\"><p>[vc_row heading_color=&#8221;light&#8221; bg_type=&#8221;image&#8221; bg_image=&#8221;467&#8243; bg_image_type=&#8221;animated&#8221; bg_image_size=&#8221;responsive&#8221; color_overlay=&#8221;dark&#8221; opacity_overlay=&#8221;40&#8243; padding_top_multiplier=&#8221;6x&#8221; padding_bottom_multiplier=&#8221;6x&#8221; separator_bottom=&#8221;large-triangle-separator&#8221; separator_bottom_size=&#8221;60px&#8221; font_color=&#8221;#ffffff&#8221; kswr_row_top_decor_enabled=&#8221;false&#8221; kswr_row_bottom_decor_enabled=&#8221;false&#8221;][vc_column vertical_content_position=&#8221;middle&#8221;]<h1 class=\"grve-element grve-title grve-align-center grve-h1 grve-increase-heading grve-heading-120\" style=\"\"><span>Views Toolset<\/span><\/h1>[\/vc_column][\/vc_row][vc_row section_type=&#8221;fullwidth&#8221; padding_top_multiplier=&#8221;custom&#8221; padding_bottom_multiplier=&#8221;custom&#8221; columns_gap=&#8221;none&#8221; kswr_row_top_decor_enabled=&#8221;false&#8221; kswr_row_bottom_decor_enabled=&#8221;false&#8221; padding_top=&#8221;0&#8243; padding_bottom=&#8221;0&#8243;][vc_column width=&#8221;2\/3&#8243; clipping_animation=&#8221;clipping-left&#8221; css=&#8221;.vc_custom_1543279701583{padding-top: 5% !important;padding-right: 7% !important;padding-bottom: 5% !important;padding-left: 7% !important;}&#8221;][vc_column_text]<div id=\"toolset-slide-actualites-home\">\n  <p class=\"t-titre\">News<\/p>\n<form autocomplete=\"off\" name=\"wpv-filter-43950\" action=\"\/en\/wp-json\/wp\/v2\/pages\/43939?wpv_view_count=43950\" method=\"get\" class=\"wpv-filter-form js-wpv-filter-form js-wpv-filter-form-43950 js-wpv-form-full js-wpv-ajax-results-submit-enabled\" data-viewnumber=\"43950\" data-viewid=\"43950\" data-viewhash=\"eyJuYW1lIjoibmV3cy1ob21lIiwiY2FjaGVkIjoib2ZmIn0=\" data-viewwidgetid=\"0\" data-orderby=\"\" data-order=\"\" data-orderbyas=\"\" data-orderbysecond=\"\" data-ordersecond=\"\" data-parametric=\"{&quot;query&quot;:&quot;normal&quot;,&quot;id&quot;:43950,&quot;view_id&quot;:43950,&quot;widget_id&quot;:0,&quot;view_hash&quot;:&quot;43950&quot;,&quot;action&quot;:&quot;\\\/en\\\/wp-json\\\/wp\\\/v2\\\/pages\\\/43939?wpv_view_count=43950&quot;,&quot;sort&quot;:{&quot;orderby&quot;:&quot;&quot;,&quot;order&quot;:&quot;&quot;,&quot;orderby_as&quot;:&quot;&quot;,&quot;orderby_second&quot;:&quot;&quot;,&quot;order_second&quot;:&quot;&quot;},&quot;orderby&quot;:&quot;&quot;,&quot;order&quot;:&quot;&quot;,&quot;orderby_as&quot;:&quot;&quot;,&quot;orderby_second&quot;:&quot;&quot;,&quot;order_second&quot;:&quot;&quot;,&quot;ajax_form&quot;:&quot;&quot;,&quot;ajax_results&quot;:&quot;&quot;,&quot;effect&quot;:&quot;fade&quot;,&quot;prebefore&quot;:&quot;&quot;,&quot;before&quot;:&quot;&quot;,&quot;after&quot;:&quot;&quot;,&quot;attributes&quot;:{&quot;cached&quot;:&quot;off&quot;},&quot;environment&quot;:{&quot;current_post_id&quot;:43939,&quot;parent_post_id&quot;:43939,&quot;parent_term_id&quot;:0,&quot;parent_user_id&quot;:0,&quot;archive&quot;:{&quot;type&quot;:&quot;&quot;,&quot;name&quot;:&quot;&quot;,&quot;data&quot;:[]}},&quot;loop&quot;:{&quot;type&quot;:&quot;&quot;,&quot;name&quot;:&quot;&quot;,&quot;data&quot;:[],&quot;id&quot;:0}}\" data-attributes=\"{&quot;cached&quot;:&quot;off&quot;}\" data-environment=\"{&quot;current_post_id&quot;:43939,&quot;parent_post_id&quot;:43939,&quot;parent_term_id&quot;:0,&quot;parent_user_id&quot;:0,&quot;archive&quot;:{&quot;type&quot;:&quot;&quot;,&quot;name&quot;:&quot;&quot;,&quot;data&quot;:[]}}\"><input type=\"hidden\" class=\"js-wpv-dps-filter-data js-wpv-filter-data-for-this-form\" data-action=\"\/en\/wp-json\/wp\/v2\/pages\/43939?wpv_view_count=43950\" data-page=\"1\" data-ajax=\"disable\" data-effect=\"fade\" data-maxpages=\"4\" data-ajaxprebefore=\"\" data-ajaxbefore=\"\" data-ajaxafter=\"\" \/><input class=\"wpv_view_count wpv_view_count-43950\" type=\"hidden\" name=\"wpv_view_count\" value=\"43950\" \/>\n\n<div class=\"grve-carousel-navigation grve-light grve-navigation-1 grve-navigation-carousel\" style=\"float:right;\">\n<div class=\"grve-carousel-buttons\">\n<a class=\"wpv-filter-previous-link js-wpv-pagination-previous-link page-link \"\n\t\t\t\t\t href=\"\/en\/wp-json\/wp\/v2\/pages\/43939?wpv_view_count=43950&#038;wpv_paged=4\" data-viewnumber=\"43950\" data-page=\"4\"\n\t\t\t\t><div class=\"grve-carousel-prev\"><i class=\"grve-icon-nav-left-small\"><\/i><\/div><\/a>\n<a class=\"wpv-filter-next-link js-wpv-pagination-next-link page-link \"  href=\"\/en\/wp-json\/wp\/v2\/pages\/43939?wpv_view_count=43950&#038;wpv_paged=2\"\n\t\t\t\t\tdata-viewnumber=\"43950\" data-page=\"2\"><div class=\"grve-carousel-next\"><i class=\"grve-icon-nav-right-small\"><\/i><\/div><\/a>\n<\/div>\n<\/div>\n<\/form>\n<\/div>\n<div id=\"wpv-view-layout-43950\" class=\"js-wpv-view-layout js-wpv-layout-responsive js-wpv-view-layout-43950 wpv-pagination js-wpv-layout-has-pagination wpv-pagination-preload-images js-wpv-layout-preload-images wpv-pagination-preload-pages js-wpv-layout-preload-pages\" style=\"visibility:hidden;\" data-viewnumber=\"43950\" data-pagination=\"{&quot;id&quot;:43950,&quot;query&quot;:&quot;normal&quot;,&quot;type&quot;:&quot;rollover&quot;,&quot;effect&quot;:&quot;sliderightforward&quot;,&quot;duration&quot;:500,&quot;speed&quot;:2,&quot;pause_on_hover&quot;:&quot;enabled&quot;,&quot;stop_rollover&quot;:&quot;true&quot;,&quot;cache_pages&quot;:&quot;disabled&quot;,&quot;preload_images&quot;:&quot;enabled&quot;,&quot;preload_pages&quot;:&quot;enabled&quot;,&quot;preload_reach&quot;:1,&quot;spinner&quot;:&quot;builtin&quot;,&quot;spinner_image&quot;:&quot;https:\/\/www.groupeidec.com\/wp-content\/plugins\/wp-views\/embedded\/res\/img\/ajax-loader4.gif&quot;,&quot;callback_next&quot;:&quot;&quot;,&quot;manage_history&quot;:&quot;disabled&quot;,&quot;has_controls_in_form&quot;:&quot;enabled&quot;,&quot;infinite_tolerance&quot;:0,&quot;max_pages&quot;:4,&quot;page&quot;:1,&quot;base_permalink&quot;:&quot;\/en\/wp-json\/wp\/v2\/pages\/43939?wpv_view_count=43950&amp;wpv_paged=WPV_PAGE_NUM&quot;,&quot;loop&quot;:{&quot;type&quot;:&quot;&quot;,&quot;name&quot;:&quot;&quot;,&quot;data&quot;:[],&quot;id&quot;:0}}\" data-permalink=\"\/en\/wp-json\/wp\/v2\/pages\/43939?wpv_view_count=43950\">\n\n\t\n\t\n\t\n\t\t\t<!-- [wpv-post-link] -->\n<div class=\"toolset-slide-actualite-home\">\n    <div class=\"t-contenu\">\n        <div class=\"t-date\">08\/12\/25<\/div>\n        <div class=\"t-contenu-texte\"><a href=\"actualites-groupe-idec\">\n            <h3>GROUPE IDEC E.N.R. SOLAR equips Building F of the ACTI NORD site in Signes with a photovoltaic power plant!<\/h3>\n            <p>In Signes (Var), the ambitious real estate program initiated by Faubourg Promotion and developed by IDEC GRAND SUD continues to move forward at the heart of the business park with the construction of three new buildings\u2014F, G, and H\u2014designed to&#8230;<\/p>\n        <\/a><\/div>\n    <\/div>\n<\/div>\n\t\n\t\t\n\t\n\t\n<\/div>\n[\/vc_column_text][\/vc_column][vc_column width=&#8221;1\/3&#8243; heading_color=&#8221;light&#8221; text_align=&#8221;center&#8221; css=&#8221;.vc_custom_1546601717496{border-top-width: 2px !important;padding-top: 5% !important;padding-right: 7% !important;padding-bottom: 5px !important;padding-left: 7% !important;background-color: #202226 !important;border-top-color: #ffffff !important;border-top-style: solid !important;}&#8221; font_color=&#8221;#ffffff&#8221;]<div class=\"grve-element grve-single-icon grve-align-center grve-medium\" style=\"margin-bottom: 15px;\">  <div class=\"grve-wrapper-icon grve-no-shape\" style=\"\"><i class=\"smp-icon-envelope-open grve-text-primary-1\"><\/i><\/div><\/div>[vc_column_text animation_delay=&#8221;300&#8243; css=&#8221;.vc_custom_1547423035400{margin-bottom: 10px !important;}&#8221;]<\/p>\n<h5>Restez inform\u00e9 via notre newsletter !<\/h5>\n<p>[\/vc_column_text][\/vc_column][\/vc_row][vc_row][vc_column][\/vc_column][\/vc_row]<\/p>\n<\/div>","protected":false},"excerpt":{"rendered":"<p>Views Toolset {!{wpv-view name='news-home' cached='off'}!} Restez inform\u00e9 via notre newsletter !<\/p>\n","protected":false},"author":1,"featured_media":1091,"parent":0,"menu_order":0,"comment_status":"closed","ping_status":"closed","template":"","meta":{"inline_featured_image":false,"footnotes":""},"class_list":["post-43939","page","type-page","status-publish","has-post-thumbnail","hentry"],"yoast_head":"<!-- This site is optimized with the Yoast SEO plugin v27.2 - https:\/\/yoast.com\/product\/yoast-seo-wordpress\/ -->\n<title>Essais views Toolset | IDEC GROUP<\/title>\n<meta name=\"robots\" content=\"index, follow, max-snippet:-1, max-image-preview:large, max-video-preview:-1\" \/>\n<link rel=\"canonical\" href=\"https:\/\/www.groupeidec.com\/en\/essais-views-toolset\/\" \/>\n<meta property=\"og:locale\" content=\"en_US\" \/>\n<meta property=\"og:type\" content=\"article\" \/>\n<meta property=\"og:title\" content=\"Essais views Toolset | IDEC GROUP\" \/>\n<meta property=\"og:url\" content=\"https:\/\/www.groupeidec.com\/en\/essais-views-toolset\/\" \/>\n<meta property=\"og:site_name\" content=\"GROUPE IDEC\" \/>\n<meta property=\"article:publisher\" content=\"https:\/\/www.facebook.com\/groupeidec\/\" \/>\n<meta property=\"article:modified_time\" content=\"2019-01-14T12:49:16+00:00\" \/>\n<meta property=\"og:image\" content=\"https:\/\/www.groupeidec.com\/wp-content\/uploads\/2018\/07\/rawpixel-com-552390-unsplash.jpg\" \/>\n\t<meta property=\"og:image:width\" content=\"1920\" \/>\n\t<meta property=\"og:image:height\" content=\"1226\" \/>\n\t<meta property=\"og:image:type\" content=\"image\/jpeg\" \/>\n<meta name=\"twitter:card\" content=\"summary_large_image\" \/>\n<meta name=\"twitter:label1\" content=\"Est. reading time\" \/>\n\t<meta name=\"twitter:data1\" content=\"1 minute\" \/>\n<script type=\"application\/ld+json\" class=\"yoast-schema-graph\">{\"@context\":\"https:\/\/schema.org\",\"@graph\":[{\"@type\":\"WebPage\",\"@id\":\"https:\/\/www.groupeidec.com\/en\/essais-views-toolset\/\",\"url\":\"https:\/\/www.groupeidec.com\/en\/essais-views-toolset\/\",\"name\":\"Essais views Toolset | IDEC GROUP\",\"isPartOf\":{\"@id\":\"https:\/\/www.groupeidec.com\/en\/#website\"},\"primaryImageOfPage\":{\"@id\":\"https:\/\/www.groupeidec.com\/en\/essais-views-toolset\/#primaryimage\"},\"image\":{\"@id\":\"https:\/\/www.groupeidec.com\/en\/essais-views-toolset\/#primaryimage\"},\"thumbnailUrl\":\"https:\/\/www.groupeidec.com\/wp-content\/uploads\/2018\/07\/rawpixel-com-552390-unsplash.jpg\",\"datePublished\":\"2019-01-14T11:31:08+00:00\",\"dateModified\":\"2019-01-14T12:49:16+00:00\",\"breadcrumb\":{\"@id\":\"https:\/\/www.groupeidec.com\/en\/essais-views-toolset\/#breadcrumb\"},\"inLanguage\":\"en-US\",\"potentialAction\":[{\"@type\":\"ReadAction\",\"target\":[\"https:\/\/www.groupeidec.com\/en\/essais-views-toolset\/\"]}]},{\"@type\":\"ImageObject\",\"inLanguage\":\"en-US\",\"@id\":\"https:\/\/www.groupeidec.com\/en\/essais-views-toolset\/#primaryimage\",\"url\":\"https:\/\/www.groupeidec.com\/wp-content\/uploads\/2018\/07\/rawpixel-com-552390-unsplash.jpg\",\"contentUrl\":\"https:\/\/www.groupeidec.com\/wp-content\/uploads\/2018\/07\/rawpixel-com-552390-unsplash.jpg\",\"width\":1920,\"height\":1226},{\"@type\":\"BreadcrumbList\",\"@id\":\"https:\/\/www.groupeidec.com\/en\/essais-views-toolset\/#breadcrumb\",\"itemListElement\":[{\"@type\":\"ListItem\",\"position\":1,\"name\":\"Accueil\",\"item\":\"https:\/\/www.groupeidec.com\/en\/\"},{\"@type\":\"ListItem\",\"position\":2,\"name\":\"Essais views Toolset\"}]},{\"@type\":\"WebSite\",\"@id\":\"https:\/\/www.groupeidec.com\/en\/#website\",\"url\":\"https:\/\/www.groupeidec.com\/en\/\",\"name\":\"GROUPE IDEC\",\"description\":\"A la fois am\u00e9nageur, promoteur, investisseur et concepteur-constructeur cl\u00e9 en main, le GROUPE IDEC est l&#039;un des rares acteurs globaux du march\u00e9 immobilier fran\u00e7ais, pr\u00e9sent sur tous ces m\u00e9tiers.\",\"potentialAction\":[{\"@type\":\"SearchAction\",\"target\":{\"@type\":\"EntryPoint\",\"urlTemplate\":\"https:\/\/www.groupeidec.com\/en\/?s={search_term_string}\"},\"query-input\":{\"@type\":\"PropertyValueSpecification\",\"valueRequired\":true,\"valueName\":\"search_term_string\"}}],\"inLanguage\":\"en-US\"}]}<\/script>\n<!-- \/ Yoast SEO plugin. -->","yoast_head_json":{"title":"Essais views Toolset | IDEC GROUP","robots":{"index":"index","follow":"follow","max-snippet":"max-snippet:-1","max-image-preview":"max-image-preview:large","max-video-preview":"max-video-preview:-1"},"canonical":"https:\/\/www.groupeidec.com\/en\/essais-views-toolset\/","og_locale":"en_US","og_type":"article","og_title":"Essais views Toolset | IDEC GROUP","og_url":"https:\/\/www.groupeidec.com\/en\/essais-views-toolset\/","og_site_name":"GROUPE IDEC","article_publisher":"https:\/\/www.facebook.com\/groupeidec\/","article_modified_time":"2019-01-14T12:49:16+00:00","og_image":[{"width":1920,"height":1226,"url":"https:\/\/www.groupeidec.com\/wp-content\/uploads\/2018\/07\/rawpixel-com-552390-unsplash.jpg","type":"image\/jpeg"}],"twitter_card":"summary_large_image","twitter_misc":{"Est. reading time":"1 minute"},"schema":{"@context":"https:\/\/schema.org","@graph":[{"@type":"WebPage","@id":"https:\/\/www.groupeidec.com\/en\/essais-views-toolset\/","url":"https:\/\/www.groupeidec.com\/en\/essais-views-toolset\/","name":"Essais views Toolset | IDEC GROUP","isPartOf":{"@id":"https:\/\/www.groupeidec.com\/en\/#website"},"primaryImageOfPage":{"@id":"https:\/\/www.groupeidec.com\/en\/essais-views-toolset\/#primaryimage"},"image":{"@id":"https:\/\/www.groupeidec.com\/en\/essais-views-toolset\/#primaryimage"},"thumbnailUrl":"https:\/\/www.groupeidec.com\/wp-content\/uploads\/2018\/07\/rawpixel-com-552390-unsplash.jpg","datePublished":"2019-01-14T11:31:08+00:00","dateModified":"2019-01-14T12:49:16+00:00","breadcrumb":{"@id":"https:\/\/www.groupeidec.com\/en\/essais-views-toolset\/#breadcrumb"},"inLanguage":"en-US","potentialAction":[{"@type":"ReadAction","target":["https:\/\/www.groupeidec.com\/en\/essais-views-toolset\/"]}]},{"@type":"ImageObject","inLanguage":"en-US","@id":"https:\/\/www.groupeidec.com\/en\/essais-views-toolset\/#primaryimage","url":"https:\/\/www.groupeidec.com\/wp-content\/uploads\/2018\/07\/rawpixel-com-552390-unsplash.jpg","contentUrl":"https:\/\/www.groupeidec.com\/wp-content\/uploads\/2018\/07\/rawpixel-com-552390-unsplash.jpg","width":1920,"height":1226},{"@type":"BreadcrumbList","@id":"https:\/\/www.groupeidec.com\/en\/essais-views-toolset\/#breadcrumb","itemListElement":[{"@type":"ListItem","position":1,"name":"Accueil","item":"https:\/\/www.groupeidec.com\/en\/"},{"@type":"ListItem","position":2,"name":"Essais views Toolset"}]},{"@type":"WebSite","@id":"https:\/\/www.groupeidec.com\/en\/#website","url":"https:\/\/www.groupeidec.com\/en\/","name":"GROUPE IDEC","description":"A la fois am\u00e9nageur, promoteur, investisseur et concepteur-constructeur cl\u00e9 en main, le GROUPE IDEC est l&#039;un des rares acteurs globaux du march\u00e9 immobilier fran\u00e7ais, pr\u00e9sent sur tous ces m\u00e9tiers.","potentialAction":[{"@type":"SearchAction","target":{"@type":"EntryPoint","urlTemplate":"https:\/\/www.groupeidec.com\/en\/?s={search_term_string}"},"query-input":{"@type":"PropertyValueSpecification","valueRequired":true,"valueName":"search_term_string"}}],"inLanguage":"en-US"}]}},"_links":{"self":[{"href":"https:\/\/www.groupeidec.com\/en\/wp-json\/wp\/v2\/pages\/43939","targetHints":{"allow":["GET"]}}],"collection":[{"href":"https:\/\/www.groupeidec.com\/en\/wp-json\/wp\/v2\/pages"}],"about":[{"href":"https:\/\/www.groupeidec.com\/en\/wp-json\/wp\/v2\/types\/page"}],"author":[{"embeddable":true,"href":"https:\/\/www.groupeidec.com\/en\/wp-json\/wp\/v2\/users\/1"}],"replies":[{"embeddable":true,"href":"https:\/\/www.groupeidec.com\/en\/wp-json\/wp\/v2\/comments?post=43939"}],"version-history":[{"count":10,"href":"https:\/\/www.groupeidec.com\/en\/wp-json\/wp\/v2\/pages\/43939\/revisions"}],"predecessor-version":[{"id":43953,"href":"https:\/\/www.groupeidec.com\/en\/wp-json\/wp\/v2\/pages\/43939\/revisions\/43953"}],"wp:featuredmedia":[{"embeddable":true,"href":"https:\/\/www.groupeidec.com\/en\/wp-json\/wp\/v2\/media\/1091"}],"wp:attachment":[{"href":"https:\/\/www.groupeidec.com\/en\/wp-json\/wp\/v2\/media?parent=43939"}],"curies":[{"name":"wp","href":"https:\/\/api.w.org\/{rel}","templated":true}]}}