{"id":315540,"date":"2018-09-10T17:21:21","date_gmt":"2018-09-10T15:21:21","guid":{"rendered":"https:\/\/www.groupeidec.com\/contact\/"},"modified":"2025-01-22T10:29:37","modified_gmt":"2025-01-22T09:29:37","slug":"contacto","status":"publish","type":"page","link":"https:\/\/www.groupeidec.com\/es\/contacto\/","title":{"rendered":"Contacto"},"content":{"rendered":"<div class=\"wpb-content-wrapper\"><p>[vc_row heading_color=\u00bblight\u00bb bg_type=\u00bbhosted_video\u00bb bg_image=\u00bb10419&#8243; bg_video_loop=\u00bbno\u00bb color_overlay=\u00bbdark\u00bb opacity_overlay=\u00bb40&#8243; padding_top_multiplier=\u00bb6x\u00bb padding_bottom_multiplier=\u00bb6x\u00bb separator_bottom=\u00bblarge-triangle-separator\u00bb separator_bottom_size=\u00bb60px\u00bb separator_bottom_color=\u00bb#f4f4f4&#8243; font_color=\u00bb#ffffff\u00bb kswr_row_top_decor_enabled=\u00bbfalse\u00bb kswr_row_bottom_decor_enabled=\u00bbfalse\u00bb bg_video_webm=\u00bbhttps:\/\/www.groupeidec.com\/wp-content\/uploads\/2018\/11\/Video-header-contact-groupe-idec.webm\u00bb bg_video_mp4=\u00bbhttps:\/\/www.groupeidec.com\/wp-content\/uploads\/2018\/11\/Video-header-contact-groupe-idec.mp4&#8243; bg_video_ogv=\u00bbhttps:\/\/www.groupeidec.com\/wp-content\/uploads\/2018\/11\/Video-header-contact-groupe-idec.ogv\u00bb][vc_column vertical_content_position=\u00bbmiddle\u00bb]<h1 class=\"grve-element grve-title grve-align-center grve-h1 grve-increase-heading grve-heading-120\" style=\"\"><span>Contacto<\/span><\/h1>[\/vc_column][\/vc_row][vc_row bg_type=\u00bbcolor\u00bb padding_top_multiplier=\u00bb\u00bb padding_bottom_multiplier=\u00bb\u00bb columns_gap=\u00bb20&#8243; kswr_row_top_decor_enabled=\u00bbfalse\u00bb kswr_row_bottom_decor_enabled=\u00bbfalse\u00bb bg_color=\u00bb#f4f4f4&#8243;][vc_column width=\u00bb2\/3&#8243; tablet_sm_width=\u00bb1&#8243; css=\u00bb.vc_custom_1546885625893{margin-bottom: 0px !important;}\u00bb]<div class=\"grve-empty-space grve-height-1x\" style=\"\"><\/div><h3 class=\"grve-element grve-title grve-align-left grve-h3 grve-increase-heading grve-heading-120\" style=\"\"><span>\u00bfUn proyecto?<\/span><\/h3>[vc_column_text]<\/p>\n<h6>\u00bfDesea construir un edificio, recibir informaci\u00f3n sobre nuestros proyectos inmobiliarios, vender un terreno o incluso desarrollar un proyecto con nosotros?<br \/>\nDescr\u00edbanos su proyecto y uno de nuestros empleados se pondr\u00e1 en contacto con usted.<\/h6>\n<h6><\/h6>\n<p>[\/vc_column_text]<div class=\"grve-empty-space grve-height-1x\" style=\"\"><\/div>[gravityform id=\u00bb1&#8243; title=\u00bbfalse\u00bb description=\u00bbfalse\u00bb ajax=\u00bbfalse\u00bb][vc_column_text css=\u00bb.vc_custom_1737538175644{margin-top: 10px !important;margin-bottom: 0px !important;padding-bottom: 0px !important;}\u00bb]<\/p>\n<div class=\"mentions-second-bloc-contact\">\n<p>Si no desea que nos pongamos en contacto con usted con fines comerciales, haga clic en el siguiente enlace: <a href=\"https:\/\/forms.sbc08.com\/657058d97e7158786cccdb7b\/B3HkXaGgS3uq4NN6tBJVcw\/form.html\" target=\"_blank\" rel=\"noopener\">darse de baja<\/a>. Usted tiene derecho de acceso, oposici\u00f3n, portabilidad, supresi\u00f3n, limitaci\u00f3n y control post mortem. Tambi\u00e9n tiene la posibilidad de inscribirse gratuitamente en una lista de oposici\u00f3n a la captaci\u00f3n telef\u00f3nica. Para saber m\u00e1s sobre el tratamiento de sus datos y sus derechos, consulte <a href=\"https:\/\/www.groupeidec.com\/politique-de-confidentialite\/\">nuestra pol\u00edtica de protecci\u00f3n de datos<\/a>.<\/p>\n<\/div>\n<p>[\/vc_column_text]<div class=\"grve-empty-space\" style=\"height: 1px;\"><\/div>[\/vc_column][vc_column width=\u00bb1\/3&#8243; heading_color=\u00bblight\u00bb css=\u00bb.vc_custom_1589474720136{margin-top: 30px !important;padding-top: 30px !important;padding-right: 30px !important;padding-bottom: 30px !important;padding-left: 30px !important;background: #ef4030 url(https:\/\/www.groupeidec.com\/wp-content\/uploads\/2020\/04\/Fond-popup-rouge-1280.jpg?id=255165) !important;background-position: center !important;background-repeat: no-repeat !important;background-size: cover !important;}\u00bb font_color=\u00bb#ffffff\u00bb][vc_column_text]<\/p>\n<h4>GROUPE IDEC<\/h4>\n<h6>37 avenue Pierre 1er de Serbie<br \/>\n75008 PARIS<\/h6>\n<h5>Tel. +33 (0) 144 94 94 50<\/h5>\n<p>En la secci\u00f3n \u00abInternacional\u00bb del sitio web encontrar\u00e1 las direcciones de las filiales de GROUPE IDEC.[\/vc_column_text][\/vc_column][\/vc_row][vc_row disable_element=\u00bbyes\u00bb bg_type=\u00bbcolor\u00bb padding_top_multiplier=\u00bb\u00bb padding_bottom_multiplier=\u00bb\u00bb columns_gap=\u00bb20&#8243; kswr_row_top_decor_enabled=\u00bbfalse\u00bb kswr_row_bottom_decor_enabled=\u00bbfalse\u00bb bg_color=\u00bb#f4f4f4&#8243;][vc_column width=\u00bb2\/3&#8243; tablet_sm_width=\u00bb1&#8243; css=\u00bb.vc_custom_1546885625893{margin-bottom: 0px !important;}\u00bb]<div class=\"grve-empty-space grve-height-1x\" style=\"\"><\/div><h3 class=\"grve-element grve-title grve-align-left grve-h3 grve-increase-heading grve-heading-120\" style=\"\"><span>\u00bfUn proyecto?<\/span><\/h3>[vc_column_text]<\/p>\n<h6>\u00bfDesea construir un edificio, recibir informaci\u00f3n sobre nuestros proyectos inmobiliarios, vender un terreno o incluso desarrollar un proyecto con nosotros?<br \/>\nDescr\u00edbanos su proyecto y uno de nuestros empleados se pondr\u00e1 en contacto con usted.<\/h6>\n<h6><\/h6>\n<p>[\/vc_column_text]<div class=\"grve-empty-space grve-height-1x\" style=\"\"><\/div>[vc_raw_js]JTNDc2NyaXB0JTIwdHlwZSUzRCUyMnRleHQlMkZqYXZhc2NyaXB0JTIyJTNFdmFyJTIwbG9jJTIwJTNEJTIwJTIyaHR0cHMlM0ElMkYlMkZhbmFseXRpY3MtZXUuY2xpY2tkaW1lbnNpb25zLmNvbSUyRmdyb3VwZWlkZWNjb20tYWF5dXklMkZwYWdlcyUyRiUyMiUzQiUzQyUyRnNjcmlwdCUzRSUzQ3NjcmlwdCUyMHR5cGUlM0QlMjJ0ZXh0JTJGamF2YXNjcmlwdCUyMiUyMHNyYyUzRCUyMmh0dHBzJTNBJTJGJTJGYXo1NTE5MTQudm8ubXNlY25kLm5ldCUyRndlYiUyRnYxMCUyRkNEV2lkZ2V0LmpzJTIyJTNFJTNDJTJGc2NyaXB0JTNFJTNDZGl2JTIwcGFnZUlEJTNEJTIya3g4ajNubWtlZXU2eXdhbm90d2F6dyUyMiUzRSUzQyUyRmRpdiUzRQ==[\/vc_raw_js][vc_raw_html]JTI2bmJzcCUzQg==[\/vc_raw_html]<div class=\"grve-empty-space\" style=\"height: 1px;\"><\/div>[\/vc_column][vc_column width=\u00bb1\/3&#8243; heading_color=\u00bblight\u00bb css=\u00bb.vc_custom_1589474720136{margin-top: 30px !important;padding-top: 30px !important;padding-right: 30px !important;padding-bottom: 30px !important;padding-left: 30px !important;background: #ef4030 url(https:\/\/www.groupeidec.com\/wp-content\/uploads\/2020\/04\/Fond-popup-rouge-1280.jpg?id=255165) !important;background-position: center !important;background-repeat: no-repeat !important;background-size: cover !important;}\u00bb font_color=\u00bb#ffffff\u00bb][vc_column_text]<\/p>\n<h4>GROUPE IDEC<\/h4>\n<h6>37 avenue Pierre 1er de Serbie<br \/>\n75008 PARIS<\/h6>\n<h5>Tel. +33 (0) 144 94 94 50<\/h5>\n<p>En la secci\u00f3n \u00abInternacional\u00bb del sitio web encontrar\u00e1 las direcciones de las filiales de GROUPE IDEC.[\/vc_column_text][\/vc_column][\/vc_row][vc_row bg_type=\u00bbcolor\u00bb bg_color=\u00bb#f4f4f4&#8243; kswr_row_top_decor_enabled=\u00bbfalse\u00bb kswr_row_bottom_decor_enabled=\u00bbfalse\u00bb][vc_column]<div class=\"grve-empty-space\" style=\"height: 1px;\"><\/div>[\/vc_column][\/vc_row]<\/p>\n<\/div>","protected":false},"excerpt":{"rendered":"<p>[vc_row heading_color=\u00bblight\u00bb bg_type=\u00bbhosted_video\u00bb bg_image=\u00bb10419&#8243; bg_video_loop=\u00bbno\u00bb color_overlay=\u00bbdark\u00bb opacity_overlay=\u00bb40&#8243; padding_top_multiplier=\u00bb6x\u00bb padding_bottom_multiplier=\u00bb6x\u00bb separator_bottom=\u00bblarge-triangle-separator\u00bb separator_bottom_size=\u00bb60px\u00bb separator_bottom_color=\u00bb#f4f4f4&#8243; font_color=\u00bb#ffffff\u00bb kswr_row_top_decor_enabled=\u00bbfalse\u00bb kswr_row_bottom_decor_enabled=\u00bbfalse\u00bb bg_video_webm=\u00bbhttps:\/\/www.groupeidec.com\/wp-content\/uploads\/2018\/11\/Video-header-contact-groupe-idec.webm\u00bb bg_video_mp4=\u00bbhttps:\/\/www.groupeidec.com\/wp-content\/uploads\/2018\/11\/Video-header-contact-groupe-idec.mp4&#8243; bg_video_ogv=\u00bbhttps:\/\/www.groupeidec.com\/wp-content\/uploads\/2018\/11\/Video-header-contact-groupe-idec.ogv\u00bb][vc_column vertical_content_position=\u00bbmiddle\u00bb][\/vc_column][\/vc_row][vc_row bg_type=\u00bbcolor\u00bb padding_top_multiplier=\u00bb\u00bb padding_bottom_multiplier=\u00bb\u00bb columns_gap=\u00bb20&#8243; kswr_row_top_decor_enabled=\u00bbfalse\u00bb kswr_row_bottom_decor_enabled=\u00bbfalse\u00bb bg_color=\u00bb#f4f4f4&#8243;][vc_column width=\u00bb2\/3&#8243; tablet_sm_width=\u00bb1&#8243; css=\u00bb.vc_custom_1546885625893{margin-bottom: 0px !important;}\u00bb][vc_column_text] \u00bfDesea construir un edificio, recibir informaci\u00f3n sobre nuestros proyectos inmobiliarios, vender un terreno o incluso desarrollar un proyecto con nosotros? Descr\u00edbanos su proyecto y [&hellip;]<\/p>\n","protected":false},"author":1,"featured_media":10421,"parent":0,"menu_order":0,"comment_status":"closed","ping_status":"closed","template":"","meta":{"inline_featured_image":false,"footnotes":""},"class_list":["post-315540","page","type-page","status-publish","has-post-thumbnail","hentry"],"yoast_head":"<!-- This site is optimized with the Yoast SEO plugin v27.4 - https:\/\/yoast.com\/product\/yoast-seo-wordpress\/ -->\n<title>Contacto | GROUPE IDEC<\/title>\n<meta name=\"description\" content=\"\u00bfDesea construir un edificio, recibir informaci\u00f3n sobre nuestros proyectos inmobiliarios, vender un terreno o incluso desarrollar un proyecto con nosotros?\" \/>\n<meta name=\"robots\" content=\"index, follow, max-snippet:-1, max-image-preview:large, max-video-preview:-1\" \/>\n<link rel=\"canonical\" href=\"https:\/\/www.groupeidec.com\/es\/contacto\/\" \/>\n<meta property=\"og:locale\" content=\"es_ES\" \/>\n<meta property=\"og:type\" content=\"article\" \/>\n<meta property=\"og:title\" content=\"Contacto | GROUPE IDEC\" \/>\n<meta property=\"og:description\" content=\"\u00bfDesea construir un edificio, recibir informaci\u00f3n sobre nuestros proyectos inmobiliarios, vender un terreno o incluso desarrollar un proyecto con nosotros?\" \/>\n<meta property=\"og:url\" content=\"https:\/\/www.groupeidec.com\/es\/contacto\/\" \/>\n<meta property=\"og:site_name\" content=\"Groupe IDEC\" \/>\n<meta property=\"article:publisher\" content=\"https:\/\/www.facebook.com\/groupeidec\/\" \/>\n<meta property=\"article:modified_time\" content=\"2025-01-22T09:29:37+00:00\" \/>\n<meta property=\"og:image\" content=\"https:\/\/www.groupeidec.com\/wp-content\/uploads\/2018\/12\/Valeurs_Groupe_IDEC_Confiance.jpg\" \/>\n\t<meta property=\"og:image:width\" content=\"1732\" \/>\n\t<meta property=\"og:image:height\" content=\"871\" \/>\n\t<meta property=\"og:image:type\" content=\"image\/jpeg\" \/>\n<meta name=\"twitter:card\" content=\"summary_large_image\" \/>\n<meta name=\"twitter:label1\" content=\"Tiempo de lectura\" \/>\n\t<meta name=\"twitter:data1\" content=\"3 minutos\" \/>\n<script type=\"application\/ld+json\" class=\"yoast-schema-graph\">{\"@context\":\"https:\\\/\\\/schema.org\",\"@graph\":[{\"@type\":\"WebPage\",\"@id\":\"https:\\\/\\\/www.groupeidec.com\\\/es\\\/contacto\\\/\",\"url\":\"https:\\\/\\\/www.groupeidec.com\\\/es\\\/contacto\\\/\",\"name\":\"Contacto | GROUPE IDEC\",\"isPartOf\":{\"@id\":\"https:\\\/\\\/www.groupeidec.com\\\/es\\\/#website\"},\"primaryImageOfPage\":{\"@id\":\"https:\\\/\\\/www.groupeidec.com\\\/es\\\/contacto\\\/#primaryimage\"},\"image\":{\"@id\":\"https:\\\/\\\/www.groupeidec.com\\\/es\\\/contacto\\\/#primaryimage\"},\"thumbnailUrl\":\"https:\\\/\\\/www.groupeidec.com\\\/wp-content\\\/uploads\\\/2018\\\/12\\\/Valeurs_Groupe_IDEC_Confiance.jpg\",\"datePublished\":\"2018-09-10T15:21:21+00:00\",\"dateModified\":\"2025-01-22T09:29:37+00:00\",\"description\":\"\u00bfDesea construir un edificio, recibir informaci\u00f3n sobre nuestros proyectos inmobiliarios, vender un terreno o incluso desarrollar un proyecto con nosotros?\",\"breadcrumb\":{\"@id\":\"https:\\\/\\\/www.groupeidec.com\\\/es\\\/contacto\\\/#breadcrumb\"},\"inLanguage\":\"es\",\"potentialAction\":[{\"@type\":\"ReadAction\",\"target\":[\"https:\\\/\\\/www.groupeidec.com\\\/es\\\/contacto\\\/\"]}]},{\"@type\":\"ImageObject\",\"inLanguage\":\"es\",\"@id\":\"https:\\\/\\\/www.groupeidec.com\\\/es\\\/contacto\\\/#primaryimage\",\"url\":\"https:\\\/\\\/www.groupeidec.com\\\/wp-content\\\/uploads\\\/2018\\\/12\\\/Valeurs_Groupe_IDEC_Confiance.jpg\",\"contentUrl\":\"https:\\\/\\\/www.groupeidec.com\\\/wp-content\\\/uploads\\\/2018\\\/12\\\/Valeurs_Groupe_IDEC_Confiance.jpg\",\"width\":1732,\"height\":871},{\"@type\":\"BreadcrumbList\",\"@id\":\"https:\\\/\\\/www.groupeidec.com\\\/es\\\/contacto\\\/#breadcrumb\",\"itemListElement\":[{\"@type\":\"ListItem\",\"position\":1,\"name\":\"Accueil\",\"item\":\"https:\\\/\\\/www.groupeidec.com\\\/es\\\/\"},{\"@type\":\"ListItem\",\"position\":2,\"name\":\"Contacto\"}]},{\"@type\":\"WebSite\",\"@id\":\"https:\\\/\\\/www.groupeidec.com\\\/es\\\/#website\",\"url\":\"https:\\\/\\\/www.groupeidec.com\\\/es\\\/\",\"name\":\"Groupe IDEC\",\"description\":\"A la fois am\u00e9nageur, promoteur, investisseur et concepteur-constructeur cl\u00e9 en main, le GROUPE IDEC est l&#039;un des rares acteurs globaux du march\u00e9 immobilier fran\u00e7ais, pr\u00e9sent sur tous ces m\u00e9tiers.\",\"potentialAction\":[{\"@type\":\"SearchAction\",\"target\":{\"@type\":\"EntryPoint\",\"urlTemplate\":\"https:\\\/\\\/www.groupeidec.com\\\/es\\\/?s={search_term_string}\"},\"query-input\":{\"@type\":\"PropertyValueSpecification\",\"valueRequired\":true,\"valueName\":\"search_term_string\"}}],\"inLanguage\":\"es\"}]}<\/script>\n<!-- \/ Yoast SEO plugin. -->","yoast_head_json":{"title":"Contacto | GROUPE IDEC","description":"\u00bfDesea construir un edificio, recibir informaci\u00f3n sobre nuestros proyectos inmobiliarios, vender un terreno o incluso desarrollar un proyecto con nosotros?","robots":{"index":"index","follow":"follow","max-snippet":"max-snippet:-1","max-image-preview":"max-image-preview:large","max-video-preview":"max-video-preview:-1"},"canonical":"https:\/\/www.groupeidec.com\/es\/contacto\/","og_locale":"es_ES","og_type":"article","og_title":"Contacto | GROUPE IDEC","og_description":"\u00bfDesea construir un edificio, recibir informaci\u00f3n sobre nuestros proyectos inmobiliarios, vender un terreno o incluso desarrollar un proyecto con nosotros?","og_url":"https:\/\/www.groupeidec.com\/es\/contacto\/","og_site_name":"Groupe IDEC","article_publisher":"https:\/\/www.facebook.com\/groupeidec\/","article_modified_time":"2025-01-22T09:29:37+00:00","og_image":[{"width":1732,"height":871,"url":"https:\/\/www.groupeidec.com\/wp-content\/uploads\/2018\/12\/Valeurs_Groupe_IDEC_Confiance.jpg","type":"image\/jpeg"}],"twitter_card":"summary_large_image","twitter_misc":{"Tiempo de lectura":"3 minutos"},"schema":{"@context":"https:\/\/schema.org","@graph":[{"@type":"WebPage","@id":"https:\/\/www.groupeidec.com\/es\/contacto\/","url":"https:\/\/www.groupeidec.com\/es\/contacto\/","name":"Contacto | GROUPE IDEC","isPartOf":{"@id":"https:\/\/www.groupeidec.com\/es\/#website"},"primaryImageOfPage":{"@id":"https:\/\/www.groupeidec.com\/es\/contacto\/#primaryimage"},"image":{"@id":"https:\/\/www.groupeidec.com\/es\/contacto\/#primaryimage"},"thumbnailUrl":"https:\/\/www.groupeidec.com\/wp-content\/uploads\/2018\/12\/Valeurs_Groupe_IDEC_Confiance.jpg","datePublished":"2018-09-10T15:21:21+00:00","dateModified":"2025-01-22T09:29:37+00:00","description":"\u00bfDesea construir un edificio, recibir informaci\u00f3n sobre nuestros proyectos inmobiliarios, vender un terreno o incluso desarrollar un proyecto con nosotros?","breadcrumb":{"@id":"https:\/\/www.groupeidec.com\/es\/contacto\/#breadcrumb"},"inLanguage":"es","potentialAction":[{"@type":"ReadAction","target":["https:\/\/www.groupeidec.com\/es\/contacto\/"]}]},{"@type":"ImageObject","inLanguage":"es","@id":"https:\/\/www.groupeidec.com\/es\/contacto\/#primaryimage","url":"https:\/\/www.groupeidec.com\/wp-content\/uploads\/2018\/12\/Valeurs_Groupe_IDEC_Confiance.jpg","contentUrl":"https:\/\/www.groupeidec.com\/wp-content\/uploads\/2018\/12\/Valeurs_Groupe_IDEC_Confiance.jpg","width":1732,"height":871},{"@type":"BreadcrumbList","@id":"https:\/\/www.groupeidec.com\/es\/contacto\/#breadcrumb","itemListElement":[{"@type":"ListItem","position":1,"name":"Accueil","item":"https:\/\/www.groupeidec.com\/es\/"},{"@type":"ListItem","position":2,"name":"Contacto"}]},{"@type":"WebSite","@id":"https:\/\/www.groupeidec.com\/es\/#website","url":"https:\/\/www.groupeidec.com\/es\/","name":"Groupe IDEC","description":"A la fois am\u00e9nageur, promoteur, investisseur et concepteur-constructeur cl\u00e9 en main, le GROUPE IDEC est l&#039;un des rares acteurs globaux du march\u00e9 immobilier fran\u00e7ais, pr\u00e9sent sur tous ces m\u00e9tiers.","potentialAction":[{"@type":"SearchAction","target":{"@type":"EntryPoint","urlTemplate":"https:\/\/www.groupeidec.com\/es\/?s={search_term_string}"},"query-input":{"@type":"PropertyValueSpecification","valueRequired":true,"valueName":"search_term_string"}}],"inLanguage":"es"}]}},"_links":{"self":[{"href":"https:\/\/www.groupeidec.com\/es\/wp-json\/wp\/v2\/pages\/315540","targetHints":{"allow":["GET"]}}],"collection":[{"href":"https:\/\/www.groupeidec.com\/es\/wp-json\/wp\/v2\/pages"}],"about":[{"href":"https:\/\/www.groupeidec.com\/es\/wp-json\/wp\/v2\/types\/page"}],"author":[{"embeddable":true,"href":"https:\/\/www.groupeidec.com\/es\/wp-json\/wp\/v2\/users\/1"}],"replies":[{"embeddable":true,"href":"https:\/\/www.groupeidec.com\/es\/wp-json\/wp\/v2\/comments?post=315540"}],"version-history":[{"count":6,"href":"https:\/\/www.groupeidec.com\/es\/wp-json\/wp\/v2\/pages\/315540\/revisions"}],"predecessor-version":[{"id":325601,"href":"https:\/\/www.groupeidec.com\/es\/wp-json\/wp\/v2\/pages\/315540\/revisions\/325601"}],"wp:featuredmedia":[{"embeddable":true,"href":"https:\/\/www.groupeidec.com\/es\/wp-json\/wp\/v2\/media\/10421"}],"wp:attachment":[{"href":"https:\/\/www.groupeidec.com\/es\/wp-json\/wp\/v2\/media?parent=315540"}],"curies":[{"name":"wp","href":"https:\/\/api.w.org\/{rel}","templated":true}]}}