{"id":326259,"date":"2024-03-27T10:36:46","date_gmt":"2024-03-27T09:36:46","guid":{"rendered":"https:\/\/www.groupeidec.com\/investissement-innovation\/"},"modified":"2025-06-25T11:35:46","modified_gmt":"2025-06-25T09:35:46","slug":"inversion-en-innovacion","status":"publish","type":"page","link":"https:\/\/www.groupeidec.com\/es\/inversion-en-innovacion\/","title":{"rendered":"Inversi\u00f3n en innovaci\u00f3n"},"content":{"rendered":"<div class=\"wpb-content-wrapper\"><p>[vc_row heading_color=\u00bblight\u00bb bg_type=\u00bbhosted_video\u00bb bg_image=\u00bb320524&#8243; bg_video_loop=\u00bbno\u00bb opacity_overlay=\u00bb40&#8243; padding_top_multiplier=\u00bb6x\u00bb padding_bottom_multiplier=\u00bb6x\u00bb separator_bottom=\u00bblarge-triangle-separator\u00bb separator_bottom_size=\u00bb60px\u00bb font_color=\u00bb#ffffff\u00bb kswr_row_top_decor_enabled=\u00bbfalse\u00bb kswr_row_bottom_decor_enabled=\u00bbfalse\u00bb bg_video_mp4=\u00bbhttps:\/\/www.groupeidec.com\/wp-content\/uploads\/2023\/05\/montage_ambiance_invest_innovation_web2.mp4&#8243;][vc_column vertical_content_position=\u00bbmiddle\u00bb]<h1 class=\"grve-element grve-title grve-align-center grve-h1 grve-increase-heading grve-heading-120\" style=\"\"><span>Inversi\u00f3n en innovaci\u00f3n<\/span><\/h1>[\/vc_column][\/vc_row][vc_row][vc_column][vc_column_text]<span><span><a href=\"https:\/\/www.groupeidec.com\/es\/\">Accueil<\/a><\/span><\/span>[\/vc_column_text][\/vc_column][\/vc_row][vc_row bg_type=\u00bbgradient\u00bb bg_gradient_color_1=\u00bb#FFFFFF\u00bb bg_gradient_color_2=\u00bb#F4F4F4&#8243; bg_gradient_direction=\u00bb180&#8243; padding_top_multiplier=\u00bb2x\u00bb padding_bottom_multiplier=\u00bb4x\u00bb columns_gap=\u00bb60&#8243; kswr_row_top_decor_enabled=\u00bbfalse\u00bb kswr_row_bottom_decor_enabled=\u00bbfalse\u00bb][vc_column width=\u00bb1\/2&#8243;]<div class=\"grve-element grve-divider grve-align-left\" style=\"padding-bottom: 20px;\"><span class=\"grve-custom-divider grve-bg-primary-1\" style=\"width: 50px;height: 2px;\"><\/span><\/div><h2 class=\"grve-element grve-title grve-align-left grve-h4\" style=\"\"><span>GROUPE IDEC INVEST La innovaci\u00f3n, un pilar para invertir en soluciones innovadoras<\/span><\/h2>[vc_column_text css=\u00bb.vc_custom_1750843042226{margin-bottom: 15px !important;}\u00bb animation_delay=\u00bb600&#8243; el_class=\u00bbliste-perso-fleche txt-justif\u00bb]Filial del GROUPE IDEC, GROUPE IDEC INVEST Innovation representa un fondo de inversi\u00f3n del Grupo IDEC. \u00bfNuestro prop\u00f3sito y misi\u00f3n? Apoyar a startups que impulsan soluciones innovadoras centradas en:<\/p>\n<ul>\n<li>Energ\u00eda verde.<\/li>\n<li>Descarbonizaci\u00f3n de edificios.<\/li>\n<li>Desarrollo de tecnolog\u00edas innovadoras.<\/li>\n<\/ul>\n<p>Como inversores en innovaci\u00f3n, ofrecemos a las empresas un apoyo integral y recursos financieros para impulsar su crecimiento. Mediante inversiones de capital y participaciones, as\u00ed como apoyo t\u00e9cnico, comercial y financiero en estas empresas emergentes, demostramos a nuestros clientes y socios nuestro compromiso con la transici\u00f3n ecol\u00f3gica y energ\u00e9tica.<\/p>\n<p>Adem\u00e1s de nuestras funciones de asesoramiento, promoci\u00f3n y experiencia inmobiliaria en el dise\u00f1o y la construcci\u00f3n de infraestructuras futuras, nuestro fondo de inversi\u00f3n en innovaci\u00f3n ayuda a convertir ideas en soluciones industrializadas.<\/p>\n<p>Como anunci\u00f3 Patrice Lafargue, presidente y fundador del Grupo IDEC: \u00abR\u00e1pidamente nos dimos cuenta de los retos de la neutralidad de carbono y la transici\u00f3n energ\u00e9tica relacionados con nuestra actividad y la suya\u00bb.[\/vc_column_text]<div class=\"grve-empty-space\" style=\"height: 15px;\"><\/div><div class=\"grve-element grve-align-left\"><a href=\"\/es\/contacto\/\" class=\"grve-btn grve-btn-medium grve-square grve-bg-primary-1 grve-bg-hover-black grve-btn-line\"><span>&gt; Cont\u00e1ctanos<\/span><\/a><\/div>[\/vc_column][vc_column width=\u00bb1\/2&#8243; animation_delay=\u00bb800&#8243; css=\u00bb.vc_custom_1711453057503{margin-top: 0px !important;margin-bottom: 0px !important;}\u00bb]<div class=\"grve-element grve-video\" style=\"\"><iframe loading=\"lazy\" title=\"INVESTOR IN INNOVATION | IDEC GROUP&#039;s business lines\" width=\"1080\" height=\"608\" src=\"https:\/\/www.youtube.com\/embed\/OOpJUvUEvHQ?feature=oembed\" frameborder=\"0\" allow=\"accelerometer; autoplay; clipboard-write; encrypted-media; gyroscope; picture-in-picture; web-share\" referrerpolicy=\"strict-origin-when-cross-origin\" allowfullscreen><\/iframe><\/div>[\/vc_column][\/vc_row][vc_row padding_top_multiplier=\u00bb3x\u00bb padding_bottom_multiplier=\u00bb3x\u00bb columns_gap=\u00bb60&#8243; kswr_row_top_decor_enabled=\u00bbfalse\u00bb kswr_row_bottom_decor_enabled=\u00bbfalse\u00bb][vc_column width=\u00bb1\/2&#8243; animation_delay=\u00bb800&#8243; css=\u00bb.vc_custom_1712130547266{margin-top: 0px !important;margin-bottom: 0px !important;}\u00bb]<div class=\"grve-element grve-video\" style=\"\"><iframe loading=\"lazy\" title=\"GROUPE IDEC | Karine VERNIER, INNOENERGY (FR)\" width=\"1080\" height=\"608\" src=\"https:\/\/www.youtube.com\/embed\/Xx2aLJ3sKzI?feature=oembed\" frameborder=\"0\" allow=\"accelerometer; autoplay; clipboard-write; encrypted-media; gyroscope; picture-in-picture; web-share\" referrerpolicy=\"strict-origin-when-cross-origin\" allowfullscreen><\/iframe><\/div><div class=\"grve-empty-space\" style=\"height: 15px;\"><\/div>[vc_column_text css=\u00bb.vc_custom_1750843167165{margin-bottom: 10px !important;}\u00bb animation_delay=\u00bb600&#8243; el_class=\u00bbliste-perso-fleche txt-justif\u00bb]<em>Conversaciones con <strong>Karine VERNIER<\/strong> \/ Directora General de EIT INNOENERGY<\/em>[\/vc_column_text][\/vc_column][vc_column vertical_content_position=\u00bbmiddle\u00bb width=\u00bb1\/2&#8243;]<div class=\"grve-empty-space\" style=\"height: 15px;\"><\/div><div class=\"grve-element grve-divider grve-align-left\" style=\"padding-bottom: 20px;\"><span class=\"grve-custom-divider grve-bg-primary-1\" style=\"width: 50px;height: 2px;\"><\/span><\/div><h2 class=\"grve-element grve-title grve-align-left grve-h4\" style=\"\"><span>Mantenerse a la vanguardia de la innovaci\u00f3n<\/span><\/h2>[vc_column_text css=\u00bb.vc_custom_1750843234078{margin-bottom: 10px !important;}\u00bb animation_delay=\u00bb600&#8243; el_class=\u00bbliste-perso-fleche txt-justif\u00bb]Lanzado en 2021 mediante una inversi\u00f3n de capital en EIT INNOENERGY, actor clave en la incubaci\u00f3n y el desarrollo de soluciones innovadoras, el Fondo de Innovaci\u00f3n GROUPE IDEC INVEST re\u00fane actualmente a m\u00e1s de 25 startups destacadas en \u00e1reas relacionadas con la transici\u00f3n energ\u00e9tica y las tecnolog\u00edas innovadoras.<br \/>\nTodas las inversiones del Fondo de Inversi\u00f3n GROUPE IDEC se alinean con fundamentos clave que buscan ofrecer una clara visibilidad de su plan de desarrollo, posicionarse en un sector de inter\u00e9s para el grupo, sus filiales y sus clientes, y generar potencial de negocio mediante proyectos inmobiliarios o desarrollos conjuntos.[\/vc_column_text]<div class=\"grve-empty-space\" style=\"height: 15px;\"><\/div>[\/vc_column][\/vc_row][vc_row section_type=\u00bbfullwidth\u00bb bg_type=\u00bbimage\u00bb bg_image=\u00bb324814&#8243; bg_image_type=\u00bbfixed\u00bb opacity_overlay=\u00bb80&#8243; padding_top_multiplier=\u00bb\u00bb padding_bottom_multiplier=\u00bb\u00bb columns_gap=\u00bbnone\u00bb equal_column_height=\u00bbmiddle-content\u00bb mobile_equal_column_height=\u00bbfalse\u00bb][vc_column width=\u00bb1\/2&#8243; mobile_width=\u00bbhide\u00bb clipping_animation=\u00bbclipping-right\u00bb][\/vc_column][vc_column width=\u00bb1\/2&#8243; css=\u00bb.vc_custom_1710320811981{padding-top: 8% !important;padding-right: 5% !important;padding-bottom: 8% !important;padding-left: 5% !important;background-color: rgba(255,255,255,0.9) !important;*background-color: rgb(255,255,255) !important;}\u00bb el_class=\u00bbpave-content-right\u00bb font_color=\u00bb#0a0a0a\u00bb]<div class=\"grve-empty-space\" style=\"height: 32px;\"><\/div><div class=\"grve-element grve-divider grve-align-left\" style=\"padding-bottom: 0px;\"><span class=\"grve-custom-divider grve-bg-primary-1\" style=\"width: 50px;height: 2px;\"><\/span><\/div><h2 class=\"grve-element grve-title grve-align-left grve-h4\" style=\"\"><span><br>\n<p style=\"text-align: left;\">Nuestro proceso de inversi\u00f3n para apoyar la innovaci\u00f3n<br>\n<\/span><\/h2>[vc_column_text css=\u00bb\u00bb animation_delay=\u00bb600&#8243; el_class=\u00bbliste-perso-nbre txt-justif\u00bb]Gracias a la solidez financiera del Grupo IDEC y al apoyo de nuestros socios financieros, ofrecemos a las startups innovadoras nuestra s\u00f3lida capacidad de inversi\u00f3n y un compromiso inquebrantable.<br \/>\nDescubra los pasos clave del proceso que sigue nuestra filial GROUPE IDEC INVEST Innovation:<\/p>\n<ol>\n<li><strong>Inversi\u00f3n en el capital de la startup<\/strong> durante la fase de capital semilla o aceleraci\u00f3n: su inversor en innovaci\u00f3n participa en el capital de su organizaci\u00f3n y aporta nuevo capital.<\/li>\n<li><strong>Apoyo t\u00e9cnico<\/strong>: Adem\u00e1s de nuestra inversi\u00f3n financiera, participamos activamente en el desarrollo operativo de estas prometedoras empresas (asistencia en el desarrollo de productos, mejora de los procesos de producci\u00f3n, integraci\u00f3n de nuevas tecnolog\u00edas).<\/li>\n<li><strong>Apoyo comercial y financiero<\/strong>: su inversor en innovaci\u00f3n garantiza una aportaci\u00f3n de recursos financieros para el desarrollo inicial o la evoluci\u00f3n de cada startup. Tambi\u00e9n ayuda a aumentar su presencia en su propio mercado.<\/li>\n<li><strong>Apoyo a la producci\u00f3n industrial<\/strong>: configuraci\u00f3n de la l\u00ednea de producci\u00f3n, control de calidad del producto, log\u00edstica y compras.<\/li>\n<li><strong>Experiencia inmobiliaria e industrial<\/strong>: b\u00fasqueda de terrenos adaptados a las necesidades de la startup, incluyendo accesibilidad, ubicaci\u00f3n adecuada, respeto por la biodiversidad y dise\u00f1o de espacios de producci\u00f3n para optimizar la producci\u00f3n, la seguridad y la eficiencia energ\u00e9tica.<\/li>\n<li><strong>Promoci\u00f3n de soluciones<\/strong>: La funci\u00f3n de GROUPE IDEC INVEST Innovation es mejorar los productos o servicios de las startups y facilitar su acceso a determinadas redes de distribuci\u00f3n o mercados espec\u00edficos para impulsar su crecimiento.<\/li>\n<\/ol>\n<p>[\/vc_column_text]<div class=\"grve-empty-space\" style=\"height: 32px;\"><\/div>[\/vc_column][\/vc_row][vc_row padding_top_multiplier=\u00bb4x\u00bb padding_bottom_multiplier=\u00bb4x\u00bb columns_gap=\u00bb60&#8243; equal_column_height=\u00bbequal-column\u00bb mobile_equal_column_height=\u00bbfalse\u00bb kswr_row_top_decor_enabled=\u00bbfalse\u00bb kswr_row_bottom_decor_enabled=\u00bbfalse\u00bb][vc_column width=\u00bb1\/2&#8243;]<div class=\"grve-element grve-divider grve-align-left\" style=\"padding-bottom: 20px;\"><span class=\"grve-custom-divider grve-bg-primary-1\" style=\"width: 50px;height: 2px;\"><\/span><\/div><h2 class=\"grve-element grve-title grve-align-left grve-h4\" style=\"\"><span>GROUPE IDEC INVEST Innovation, el experto en inversi\u00f3n para la innovaci\u00f3n<\/span><\/h2>[vc_column_text css=\u00bb.vc_custom_1750843412283{margin-bottom: 15px !important;}\u00bb animation_delay=\u00bb600&#8243; el_class=\u00bbliste-perso-nbre txt-justif\u00bb]IDEC INVEST GROUP Innovation ha apoyado hasta la fecha a 15 startups, con una inversi\u00f3n de 45 millones de euros.<\/p>\n<p>Nuestro fondo de inversi\u00f3n se estructura en torno a cuatro \u00e1reas principales:<\/p>\n<ol>\n<li>Hidr\u00f3geno verde, desde la producci\u00f3n hasta la distribuci\u00f3n.<\/li>\n<li>Tecnolog\u00edas fotovoltaicas.<\/li>\n<li>Soluciones de almacenamiento de energ\u00eda.<\/li>\n<li>Soluciones para una movilidad sin emisiones de carbono.<\/li>\n<\/ol>\n<p>[\/vc_column_text]<div class=\"grve-empty-space\" style=\"height: 15px;\"><\/div><div class=\"grve-element grve-align-left\"><a href=\"\/es\/contacto\/\" class=\"grve-btn grve-btn-medium grve-square grve-bg-primary-1 grve-bg-hover-black grve-btn-line\"><span>&gt; Cont\u00e1ctanos<\/span><\/a><\/div>[\/vc_column][vc_column width=\u00bb1\/2&#8243; animation_delay=\u00bb800&#8243; css=\u00bb.vc_custom_1711531044793{margin-top: 0px !important;margin-bottom: 0px !important;background-image: url(https:\/\/www.groupeidec.com\/wp-content\/uploads\/2024\/03\/etapes-cles_1280x720.jpg?id=324151) !important;background-position: center !important;background-repeat: no-repeat !important;background-size: cover !important;}\u00bb]<div class=\"grve-empty-space\" style=\"height: 250px;\"><\/div>[\/vc_column][\/vc_row]<\/p>\n<\/div>","protected":false},"excerpt":{"rendered":"<p>[vc_row heading_color=\u00bblight\u00bb bg_type=\u00bbhosted_video\u00bb bg_image=\u00bb320524&#8243; bg_video_loop=\u00bbno\u00bb opacity_overlay=\u00bb40&#8243; padding_top_multiplier=\u00bb6x\u00bb padding_bottom_multiplier=\u00bb6x\u00bb separator_bottom=\u00bblarge-triangle-separator\u00bb separator_bottom_size=\u00bb60px\u00bb font_color=\u00bb#ffffff\u00bb kswr_row_top_decor_enabled=\u00bbfalse\u00bb kswr_row_bottom_decor_enabled=\u00bbfalse\u00bb bg_video_mp4=\u00bbhttps:\/\/www.groupeidec.com\/wp-content\/uploads\/2023\/05\/montage_ambiance_invest_innovation_web2.mp4&#8243;][vc_column vertical_content_position=\u00bbmiddle\u00bb][\/vc_column][\/vc_row][vc_row][vc_column][vc_column_text][\/vc_column_text][\/vc_column][\/vc_row][vc_row bg_type=\u00bbgradient\u00bb bg_gradient_color_1=\u00bb#FFFFFF\u00bb bg_gradient_color_2=\u00bb#F4F4F4&#8243; bg_gradient_direction=\u00bb180&#8243; padding_top_multiplier=\u00bb2x\u00bb padding_bottom_multiplier=\u00bb4x\u00bb columns_gap=\u00bb60&#8243; kswr_row_top_decor_enabled=\u00bbfalse\u00bb kswr_row_bottom_decor_enabled=\u00bbfalse\u00bb][vc_column width=\u00bb1\/2&#8243;][vc_column_text css=\u00bb.vc_custom_1750843042226{margin-bottom: 15px !important;}\u00bb animation_delay=\u00bb600&#8243; el_class=\u00bbliste-perso-fleche txt-justif\u00bb]Filial del GROUPE IDEC, GROUPE IDEC INVEST Innovation representa un fondo de inversi\u00f3n del Grupo IDEC. \u00bfNuestro prop\u00f3sito y misi\u00f3n? Apoyar a startups que impulsan [&hellip;]<\/p>\n","protected":false},"author":1,"featured_media":323894,"parent":0,"menu_order":0,"comment_status":"closed","ping_status":"closed","template":"","meta":{"inline_featured_image":false,"footnotes":""},"class_list":["post-326259","page","type-page","status-publish","has-post-thumbnail","hentry"],"yoast_head":"<!-- This site is optimized with the Yoast SEO plugin v27.4 - https:\/\/yoast.com\/product\/yoast-seo-wordpress\/ -->\n<title>Invierta e innove con GROUPE IDEC<\/title>\n<meta name=\"description\" content=\"\u00bfTiene un proyecto innovador relacionado con la energ\u00eda? El GROUPE IDEC invierte en proyectos prometedores y le ayuda a impulsar su crecimiento.\" \/>\n<meta name=\"robots\" content=\"index, follow, max-snippet:-1, max-image-preview:large, max-video-preview:-1\" \/>\n<link rel=\"canonical\" href=\"https:\/\/www.groupeidec.com\/es\/inversion-en-innovacion\/\" \/>\n<meta property=\"og:locale\" content=\"es_ES\" \/>\n<meta property=\"og:type\" content=\"article\" \/>\n<meta property=\"og:title\" content=\"Invierta e innove con GROUPE IDEC\" \/>\n<meta property=\"og:description\" content=\"\u00bfTiene un proyecto innovador relacionado con la energ\u00eda? El GROUPE IDEC invierte en proyectos prometedores y le ayuda a impulsar su crecimiento.\" \/>\n<meta property=\"og:url\" content=\"https:\/\/www.groupeidec.com\/es\/inversion-en-innovacion\/\" \/>\n<meta property=\"og:site_name\" content=\"Groupe IDEC\" \/>\n<meta property=\"article:publisher\" content=\"https:\/\/www.facebook.com\/groupeidec\/\" \/>\n<meta property=\"article:modified_time\" content=\"2025-06-25T09:35:46+00:00\" \/>\n<meta property=\"og:image\" content=\"https:\/\/www.groupeidec.com\/wp-content\/uploads\/2024\/03\/constructeur-usine-microelectronique_verkor_768x516.jpg\" \/>\n\t<meta property=\"og:image:width\" content=\"768\" \/>\n\t<meta property=\"og:image:height\" content=\"516\" \/>\n\t<meta property=\"og:image:type\" content=\"image\/jpeg\" \/>\n<meta name=\"twitter:card\" content=\"summary_large_image\" \/>\n<meta name=\"twitter:label1\" content=\"Tiempo de lectura\" \/>\n\t<meta name=\"twitter:data1\" content=\"5 minutos\" \/>\n<script type=\"application\/ld+json\" class=\"yoast-schema-graph\">{\"@context\":\"https:\\\/\\\/schema.org\",\"@graph\":[{\"@type\":\"WebPage\",\"@id\":\"https:\\\/\\\/www.groupeidec.com\\\/es\\\/inversion-en-innovacion\\\/\",\"url\":\"https:\\\/\\\/www.groupeidec.com\\\/es\\\/inversion-en-innovacion\\\/\",\"name\":\"Invierta e innove con GROUPE IDEC\",\"isPartOf\":{\"@id\":\"https:\\\/\\\/www.groupeidec.com\\\/es\\\/#website\"},\"primaryImageOfPage\":{\"@id\":\"https:\\\/\\\/www.groupeidec.com\\\/es\\\/inversion-en-innovacion\\\/#primaryimage\"},\"image\":{\"@id\":\"https:\\\/\\\/www.groupeidec.com\\\/es\\\/inversion-en-innovacion\\\/#primaryimage\"},\"thumbnailUrl\":\"https:\\\/\\\/www.groupeidec.com\\\/wp-content\\\/uploads\\\/2024\\\/03\\\/constructeur-usine-microelectronique_verkor_768x516.jpg\",\"datePublished\":\"2024-03-27T09:36:46+00:00\",\"dateModified\":\"2025-06-25T09:35:46+00:00\",\"description\":\"\u00bfTiene un proyecto innovador relacionado con la energ\u00eda? El GROUPE IDEC invierte en proyectos prometedores y le ayuda a impulsar su crecimiento.\",\"breadcrumb\":{\"@id\":\"https:\\\/\\\/www.groupeidec.com\\\/es\\\/inversion-en-innovacion\\\/#breadcrumb\"},\"inLanguage\":\"es\",\"potentialAction\":[{\"@type\":\"ReadAction\",\"target\":[\"https:\\\/\\\/www.groupeidec.com\\\/es\\\/inversion-en-innovacion\\\/\"]}]},{\"@type\":\"ImageObject\",\"inLanguage\":\"es\",\"@id\":\"https:\\\/\\\/www.groupeidec.com\\\/es\\\/inversion-en-innovacion\\\/#primaryimage\",\"url\":\"https:\\\/\\\/www.groupeidec.com\\\/wp-content\\\/uploads\\\/2024\\\/03\\\/constructeur-usine-microelectronique_verkor_768x516.jpg\",\"contentUrl\":\"https:\\\/\\\/www.groupeidec.com\\\/wp-content\\\/uploads\\\/2024\\\/03\\\/constructeur-usine-microelectronique_verkor_768x516.jpg\",\"width\":768,\"height\":516,\"caption\":\"Constructeur usine micro\u00e9lectronique Verkor\"},{\"@type\":\"BreadcrumbList\",\"@id\":\"https:\\\/\\\/www.groupeidec.com\\\/es\\\/inversion-en-innovacion\\\/#breadcrumb\",\"itemListElement\":[{\"@type\":\"ListItem\",\"position\":1,\"name\":\"Accueil\",\"item\":\"https:\\\/\\\/www.groupeidec.com\\\/es\\\/\"},{\"@type\":\"ListItem\",\"position\":2,\"name\":\"Inversi\u00f3n en innovaci\u00f3n\"}]},{\"@type\":\"WebSite\",\"@id\":\"https:\\\/\\\/www.groupeidec.com\\\/es\\\/#website\",\"url\":\"https:\\\/\\\/www.groupeidec.com\\\/es\\\/\",\"name\":\"Groupe IDEC\",\"description\":\"A la fois am\u00e9nageur, promoteur, investisseur et concepteur-constructeur cl\u00e9 en main, le GROUPE IDEC est l&#039;un des rares acteurs globaux du march\u00e9 immobilier fran\u00e7ais, pr\u00e9sent sur tous ces m\u00e9tiers.\",\"potentialAction\":[{\"@type\":\"SearchAction\",\"target\":{\"@type\":\"EntryPoint\",\"urlTemplate\":\"https:\\\/\\\/www.groupeidec.com\\\/es\\\/?s={search_term_string}\"},\"query-input\":{\"@type\":\"PropertyValueSpecification\",\"valueRequired\":true,\"valueName\":\"search_term_string\"}}],\"inLanguage\":\"es\"}]}<\/script>\n<!-- \/ Yoast SEO plugin. -->","yoast_head_json":{"title":"Invierta e innove con GROUPE IDEC","description":"\u00bfTiene un proyecto innovador relacionado con la energ\u00eda? El GROUPE IDEC invierte en proyectos prometedores y le ayuda a impulsar su crecimiento.","robots":{"index":"index","follow":"follow","max-snippet":"max-snippet:-1","max-image-preview":"max-image-preview:large","max-video-preview":"max-video-preview:-1"},"canonical":"https:\/\/www.groupeidec.com\/es\/inversion-en-innovacion\/","og_locale":"es_ES","og_type":"article","og_title":"Invierta e innove con GROUPE IDEC","og_description":"\u00bfTiene un proyecto innovador relacionado con la energ\u00eda? El GROUPE IDEC invierte en proyectos prometedores y le ayuda a impulsar su crecimiento.","og_url":"https:\/\/www.groupeidec.com\/es\/inversion-en-innovacion\/","og_site_name":"Groupe IDEC","article_publisher":"https:\/\/www.facebook.com\/groupeidec\/","article_modified_time":"2025-06-25T09:35:46+00:00","og_image":[{"width":768,"height":516,"url":"https:\/\/www.groupeidec.com\/wp-content\/uploads\/2024\/03\/constructeur-usine-microelectronique_verkor_768x516.jpg","type":"image\/jpeg"}],"twitter_card":"summary_large_image","twitter_misc":{"Tiempo de lectura":"5 minutos"},"schema":{"@context":"https:\/\/schema.org","@graph":[{"@type":"WebPage","@id":"https:\/\/www.groupeidec.com\/es\/inversion-en-innovacion\/","url":"https:\/\/www.groupeidec.com\/es\/inversion-en-innovacion\/","name":"Invierta e innove con GROUPE IDEC","isPartOf":{"@id":"https:\/\/www.groupeidec.com\/es\/#website"},"primaryImageOfPage":{"@id":"https:\/\/www.groupeidec.com\/es\/inversion-en-innovacion\/#primaryimage"},"image":{"@id":"https:\/\/www.groupeidec.com\/es\/inversion-en-innovacion\/#primaryimage"},"thumbnailUrl":"https:\/\/www.groupeidec.com\/wp-content\/uploads\/2024\/03\/constructeur-usine-microelectronique_verkor_768x516.jpg","datePublished":"2024-03-27T09:36:46+00:00","dateModified":"2025-06-25T09:35:46+00:00","description":"\u00bfTiene un proyecto innovador relacionado con la energ\u00eda? El GROUPE IDEC invierte en proyectos prometedores y le ayuda a impulsar su crecimiento.","breadcrumb":{"@id":"https:\/\/www.groupeidec.com\/es\/inversion-en-innovacion\/#breadcrumb"},"inLanguage":"es","potentialAction":[{"@type":"ReadAction","target":["https:\/\/www.groupeidec.com\/es\/inversion-en-innovacion\/"]}]},{"@type":"ImageObject","inLanguage":"es","@id":"https:\/\/www.groupeidec.com\/es\/inversion-en-innovacion\/#primaryimage","url":"https:\/\/www.groupeidec.com\/wp-content\/uploads\/2024\/03\/constructeur-usine-microelectronique_verkor_768x516.jpg","contentUrl":"https:\/\/www.groupeidec.com\/wp-content\/uploads\/2024\/03\/constructeur-usine-microelectronique_verkor_768x516.jpg","width":768,"height":516,"caption":"Constructeur usine micro\u00e9lectronique Verkor"},{"@type":"BreadcrumbList","@id":"https:\/\/www.groupeidec.com\/es\/inversion-en-innovacion\/#breadcrumb","itemListElement":[{"@type":"ListItem","position":1,"name":"Accueil","item":"https:\/\/www.groupeidec.com\/es\/"},{"@type":"ListItem","position":2,"name":"Inversi\u00f3n en innovaci\u00f3n"}]},{"@type":"WebSite","@id":"https:\/\/www.groupeidec.com\/es\/#website","url":"https:\/\/www.groupeidec.com\/es\/","name":"Groupe IDEC","description":"A la fois am\u00e9nageur, promoteur, investisseur et concepteur-constructeur cl\u00e9 en main, le GROUPE IDEC est l&#039;un des rares acteurs globaux du march\u00e9 immobilier fran\u00e7ais, pr\u00e9sent sur tous ces m\u00e9tiers.","potentialAction":[{"@type":"SearchAction","target":{"@type":"EntryPoint","urlTemplate":"https:\/\/www.groupeidec.com\/es\/?s={search_term_string}"},"query-input":{"@type":"PropertyValueSpecification","valueRequired":true,"valueName":"search_term_string"}}],"inLanguage":"es"}]}},"_links":{"self":[{"href":"https:\/\/www.groupeidec.com\/es\/wp-json\/wp\/v2\/pages\/326259","targetHints":{"allow":["GET"]}}],"collection":[{"href":"https:\/\/www.groupeidec.com\/es\/wp-json\/wp\/v2\/pages"}],"about":[{"href":"https:\/\/www.groupeidec.com\/es\/wp-json\/wp\/v2\/types\/page"}],"author":[{"embeddable":true,"href":"https:\/\/www.groupeidec.com\/es\/wp-json\/wp\/v2\/users\/1"}],"replies":[{"embeddable":true,"href":"https:\/\/www.groupeidec.com\/es\/wp-json\/wp\/v2\/comments?post=326259"}],"version-history":[{"count":4,"href":"https:\/\/www.groupeidec.com\/es\/wp-json\/wp\/v2\/pages\/326259\/revisions"}],"predecessor-version":[{"id":326276,"href":"https:\/\/www.groupeidec.com\/es\/wp-json\/wp\/v2\/pages\/326259\/revisions\/326276"}],"wp:featuredmedia":[{"embeddable":true,"href":"https:\/\/www.groupeidec.com\/es\/wp-json\/wp\/v2\/media\/323894"}],"wp:attachment":[{"href":"https:\/\/www.groupeidec.com\/es\/wp-json\/wp\/v2\/media?parent=326259"}],"curies":[{"name":"wp","href":"https:\/\/api.w.org\/{rel}","templated":true}]}}